{"id":602966,"date":"2025-08-11T13:06:22","date_gmt":"2025-08-11T11:06:22","guid":{"rendered":"https:\/\/lucacastelli.com\/prodotto\/milwaukee-freeflex-arbeitsjacke-schwarz\/"},"modified":"2025-08-11T13:06:22","modified_gmt":"2025-08-11T11:06:22","slug":"milwaukee-freeflex-arbeitsjacke-schwarz","status":"publish","type":"product","link":"https:\/\/lucacastelli.com\/de\/produkt\/milwaukee-freeflex-arbeitsjacke-schwarz\/","title":{"rendered":"Milwaukee FREEFLEX\u2122 Arbeitsjacke Schwarz"},"content":{"rendered":"<p>Freeflex Arbeitsjacke Blk L<br \/>\nFREEFLEX\u2122 entwickelt, damit du dich bei der Arbeit frei bewegen kannst: Ma\u00dfgeschneidertes R\u00fcckendesign und volle Armbeweglichkeit.Isolierte, gesteppte Innenpolsterung Bietet die n\u00f6tige W\u00e4rme, um den ganzen Winter lang zu arbeiten, ohne dich zu beschweren;Langlebigkeit auf der Baustelle: Ripstop-verst\u00e4rkte Ellbogen und Schultern sch\u00fctzen dich bei der Arbeit;6-Taschen-verst\u00e4rktes, doppelt gen\u00e4htes Design Erm\u00f6glicht es dir, zus\u00e4tzliches Werkzeug zu verstauen und die Funktionalit\u00e4t zu erh\u00f6hen;Rei\u00dfverschl\u00fcsse f\u00fcr die Baustelle Abgeschirmter Frontrei\u00dfverschluss widersteht Schmutz auf der Baustelle;Verstellbare B\u00fcndchen mit Druckkn\u00f6pfen: erm\u00f6glichen einen perfekten und bequemen Sitz mit Arbeitshandschuhen<\/p>\n<p>4932498282<br \/>\n4058546521516<\/p>\n","protected":false},"excerpt":{"rendered":"<p>Freeflex Arbeitsjacke Blk L FREEFLEX\u2122 entwickelt, damit du dich bei der Arbeit frei bewegen kannst: Ma\u00dfgeschneidertes R\u00fcckendesign und volle Armbeweglichkeit.Isolierte,<\/p>\n","protected":false},"featured_media":601479,"template":"","meta":{"_seopress_robots_primary_cat":"","_seopress_titles_title":"","_seopress_titles_desc":"","_seopress_robots_index":""},"product_brand":[3656],"product_cat":[1382,82],"product_tag":[],"class_list":{"0":"post-602966","1":"product","2":"type-product","3":"status-publish","4":"has-post-thumbnail","6":"product_brand-milwaukee-de","7":"product_cat-arbeitskleidung","8":"product_cat-kleidung","9":"sws-gruppo-abb-libero-de","10":"sws-conto-ricavi-merci-rivendita-abbigliamento-de","11":"sws-gruppo-iva-iva81-de","13":"first","14":"instock","15":"shipping-taxable","16":"purchasable","17":"product-type-variable","18":"has-default-attributes"},"_links":{"self":[{"href":"https:\/\/lucacastelli.com\/de\/wp-json\/wp\/v2\/product\/602966","targetHints":{"allow":["GET"]}}],"collection":[{"href":"https:\/\/lucacastelli.com\/de\/wp-json\/wp\/v2\/product"}],"about":[{"href":"https:\/\/lucacastelli.com\/de\/wp-json\/wp\/v2\/types\/product"}],"wp:featuredmedia":[{"embeddable":true,"href":"https:\/\/lucacastelli.com\/de\/wp-json\/wp\/v2\/media\/601479"}],"wp:attachment":[{"href":"https:\/\/lucacastelli.com\/de\/wp-json\/wp\/v2\/media?parent=602966"}],"wp:term":[{"taxonomy":"product_brand","embeddable":true,"href":"https:\/\/lucacastelli.com\/de\/wp-json\/wp\/v2\/product_brand?post=602966"},{"taxonomy":"product_cat","embeddable":true,"href":"https:\/\/lucacastelli.com\/de\/wp-json\/wp\/v2\/product_cat?post=602966"},{"taxonomy":"product_tag","embeddable":true,"href":"https:\/\/lucacastelli.com\/de\/wp-json\/wp\/v2\/product_tag?post=602966"}],"curies":[{"name":"wp","href":"https:\/\/api.w.org\/{rel}","templated":true}]}}