{"id":602965,"date":"2025-08-11T13:13:02","date_gmt":"2025-08-11T11:13:02","guid":{"rendered":"https:\/\/lucacastelli.com\/prodotto\/milwaukee-flextred-sicherheitsschuhe-s1ps-schwarz-1m110133-esd-fo-sr\/"},"modified":"2025-08-11T13:13:02","modified_gmt":"2025-08-11T11:13:02","slug":"milwaukee-flextred-sicherheitsschuhe-s1ps-schwarz-1m110133-esd-fo-sr","status":"publish","type":"product","link":"https:\/\/lucacastelli.com\/de\/produkt\/milwaukee-flextred-sicherheitsschuhe-s1ps-schwarz-1m110133-esd-fo-sr\/","title":{"rendered":"Milwaukee Flextred\u2122 Sicherheitsschuhe S1PS schwarz 1M110133 ESD FO SR"},"content":{"rendered":"<p>SCARPA FXT S1PS MID LACCI ESD FO SR<br \/>\nVielseitige, flexible und leichte Sicherheitsschuhe f\u00fcr den Arbeitsschutz;ENERGY FOAM Fersend\u00e4mpfung, f\u00fcr \u00fcberragende Energier\u00fcckgabe und maximalen Komfort;STEP-RELEASE\u2122 Fersenkappe, f\u00fcr bequemes und schnelles Ausziehen des Schuhs;ROLLCAGE\u2122 Fersenstabilisator, f\u00fcr gro\u00dfe Stabilit\u00e4t auch auf schwierigem Terrain<\/p>\n<p>&nbsp;<\/p>\n","protected":false},"excerpt":{"rendered":"<p>SCARPA FXT S1PS MID LACCI ESD FO SR Vielseitige, flexible und leichte Sicherheitsschuhe f\u00fcr den Arbeitsschutz;ENERGY FOAM Fersend\u00e4mpfung, f\u00fcr \u00fcberragende<\/p>\n","protected":false},"featured_media":599200,"template":"","meta":{"_seopress_robots_primary_cat":"none","_seopress_titles_title":"","_seopress_titles_desc":"","_seopress_robots_index":""},"product_brand":[3656],"product_cat":[1424,175],"product_tag":[3272],"class_list":{"0":"post-602965","1":"product","2":"type-product","3":"status-publish","4":"has-post-thumbnail","6":"product_brand-milwaukee-de","7":"product_cat-arbeitsschuhe","8":"product_cat-schuhe","9":"product_tag-import-milwau-de","10":"sws-gruppo-abb-libero-de","11":"sws-conto-ricavi-merci-rivendita-abbigliamento-de","12":"sws-gruppo-iva-iva81-de","14":"first","15":"instock","16":"shipping-taxable","17":"purchasable","18":"product-type-variable"},"_links":{"self":[{"href":"https:\/\/lucacastelli.com\/de\/wp-json\/wp\/v2\/product\/602965","targetHints":{"allow":["GET"]}}],"collection":[{"href":"https:\/\/lucacastelli.com\/de\/wp-json\/wp\/v2\/product"}],"about":[{"href":"https:\/\/lucacastelli.com\/de\/wp-json\/wp\/v2\/types\/product"}],"wp:featuredmedia":[{"embeddable":true,"href":"https:\/\/lucacastelli.com\/de\/wp-json\/wp\/v2\/media\/599200"}],"wp:attachment":[{"href":"https:\/\/lucacastelli.com\/de\/wp-json\/wp\/v2\/media?parent=602965"}],"wp:term":[{"taxonomy":"product_brand","embeddable":true,"href":"https:\/\/lucacastelli.com\/de\/wp-json\/wp\/v2\/product_brand?post=602965"},{"taxonomy":"product_cat","embeddable":true,"href":"https:\/\/lucacastelli.com\/de\/wp-json\/wp\/v2\/product_cat?post=602965"},{"taxonomy":"product_tag","embeddable":true,"href":"https:\/\/lucacastelli.com\/de\/wp-json\/wp\/v2\/product_tag?post=602965"}],"curies":[{"name":"wp","href":"https:\/\/api.w.org\/{rel}","templated":true}]}}