{"id":602926,"date":"2025-08-12T13:05:09","date_gmt":"2025-08-12T11:05:09","guid":{"rendered":"https:\/\/lucacastelli.com\/prodotto\/milwaukee-latexbeschichtete-winterhandschuhe-kat-schnitt-b-2\/"},"modified":"2025-08-12T13:05:09","modified_gmt":"2025-08-12T11:05:09","slug":"milwaukee-latexbeschichtete-winterhandschuhe-kat-schnitt-b-2","status":"publish","type":"product","link":"https:\/\/lucacastelli.com\/de\/produkt\/milwaukee-latexbeschichtete-winterhandschuhe-kat-schnitt-b-2\/","title":{"rendered":"Milwaukee Latexbeschichtete Winterhandschuhe Kat. Schnitt B"},"content":{"rendered":"<p>WINTERHANDSCHUHE. WINTERHANDSCHUHE KAT.B-11\/XXL-1Stk.<br \/>\nMit der doppelten Beschichtung des Acryl-Innenfutters halten die Handschuhe deine Hand warm, wenn du unter kalten Bedingungen arbeitest;Gute Griffigkeit bei nassen Bedingungen oder nassen Gegenst\u00e4nden dank der Latex-Handfl\u00e4chenbeschichtung und des atmungsaktiven Handr\u00fcckens;Garnfeinheit 15 Nadeln in der Au\u00dfenbeschichtung und 10 Nadeln in der Innenbeschichtung, die eine gute Fingerfertigkeit erm\u00f6glichen;Europ\u00e4ische Zertifizierung f\u00fcr mechanische und K\u00e4ltebest\u00e4ndigkeit: EN ISO 21420, EN388:2016 (2242B), EN511 (X1X) <\/p>\n<p>4932480605<br \/>\n4058546408909<\/p>\n","protected":false},"excerpt":{"rendered":"<p>WINTERHANDSCHUHE. WINTERHANDSCHUHE KAT.B-11\/XXL-1Stk. Mit der doppelten Beschichtung des Acryl-Innenfutters halten die Handschuhe deine Hand warm, wenn du unter kalten Bedingungen<\/p>\n","protected":false},"featured_media":552742,"template":"","meta":{"_seopress_robots_primary_cat":"none","_seopress_titles_title":"","_seopress_titles_desc":"","_seopress_robots_index":""},"product_brand":[3407],"product_cat":[21,284],"product_tag":[],"class_list":{"0":"post-602926","1":"product","2":"type-product","3":"status-publish","4":"has-post-thumbnail","6":"product_brand-milwaukee","7":"product_cat-abbigliamento","8":"product_cat-abbigliamento-da-lavoro","9":"sws-gruppo-abb-libero-de","10":"sws-conto-ricavi-merci-rivendita-abbigliamento-de","11":"sws-gruppo-iva-iva81-de","13":"first","14":"instock","15":"shipping-taxable","16":"purchasable","17":"product-type-variable"},"_links":{"self":[{"href":"https:\/\/lucacastelli.com\/de\/wp-json\/wp\/v2\/product\/602926","targetHints":{"allow":["GET"]}}],"collection":[{"href":"https:\/\/lucacastelli.com\/de\/wp-json\/wp\/v2\/product"}],"about":[{"href":"https:\/\/lucacastelli.com\/de\/wp-json\/wp\/v2\/types\/product"}],"wp:featuredmedia":[{"embeddable":true,"href":"https:\/\/lucacastelli.com\/de\/wp-json\/wp\/v2\/media\/552742"}],"wp:attachment":[{"href":"https:\/\/lucacastelli.com\/de\/wp-json\/wp\/v2\/media?parent=602926"}],"wp:term":[{"taxonomy":"product_brand","embeddable":true,"href":"https:\/\/lucacastelli.com\/de\/wp-json\/wp\/v2\/product_brand?post=602926"},{"taxonomy":"product_cat","embeddable":true,"href":"https:\/\/lucacastelli.com\/de\/wp-json\/wp\/v2\/product_cat?post=602926"},{"taxonomy":"product_tag","embeddable":true,"href":"https:\/\/lucacastelli.com\/de\/wp-json\/wp\/v2\/product_tag?post=602926"}],"curies":[{"name":"wp","href":"https:\/\/api.w.org\/{rel}","templated":true}]}}