{"id":602915,"date":"2025-08-12T12:24:37","date_gmt":"2025-08-12T10:24:37","guid":{"rendered":"https:\/\/lucacastelli.com\/prodotto\/milwaukee-polyurethanbeschichtete-handschuhe-mit-hoher-sichtbarkeit-kat-schnitt-a\/"},"modified":"2025-08-12T12:24:37","modified_gmt":"2025-08-12T10:24:37","slug":"milwaukee-polyurethanbeschichtete-handschuhe-mit-hoher-sichtbarkeit-kat-schnitt-a","status":"publish","type":"product","link":"https:\/\/lucacastelli.com\/de\/produkt\/milwaukee-polyurethanbeschichtete-handschuhe-mit-hoher-sichtbarkeit-kat-schnitt-a\/","title":{"rendered":"Milwaukee Polyurethanbeschichtete Handschuhe mit hoher Sichtbarkeit Kat. Schnitt A"},"content":{"rendered":"<p>12 PAAR HANDSCHUHE KAT.1\/A HIGH VIS. M\/8<br \/>\nFluoreszierendes Material sorgt f\u00fcr hohe Sichtbarkeit in schwach beleuchteten Umgebungen;Leichte, d\u00fcnne Handschuhe mit einer Polyurethanbeschichtung auf der Handfl\u00e4che;Entwickelt f\u00fcr ganzt\u00e4gigen Tragekomfort, ideal f\u00fcr Materialhandhabung, Schreinerei, Klempnerarbeiten und Renovierungsarbeiten;SMARTSWIPE\u2122 Handfl\u00e4che und Fingerspitzen erm\u00f6glichen die Nutzung von Touchscreen-Ger\u00e4ten, ohne die Handschuhe ausziehen zu m\u00fcssen;Europ\u00e4ische Zertifizierung f\u00fcr mechanischen Schutz: EN ISO 21420, EN388:2016 (3121A) <\/p>\n<p>4932492914<br \/>\n4058546477851<\/p>\n","protected":false},"excerpt":{"rendered":"<p>12 PAAR HANDSCHUHE KAT.1\/A HIGH VIS. M\/8 Fluoreszierendes Material sorgt f\u00fcr hohe Sichtbarkeit in schwach beleuchteten Umgebungen;Leichte, d\u00fcnne Handschuhe mit<\/p>\n","protected":false},"featured_media":545258,"template":"","meta":{"_seopress_robots_primary_cat":"none","_seopress_titles_title":"","_seopress_titles_desc":"","_seopress_robots_index":""},"product_brand":[3407],"product_cat":[21,284],"product_tag":[],"class_list":{"0":"post-602915","1":"product","2":"type-product","3":"status-publish","4":"has-post-thumbnail","6":"product_brand-milwaukee","7":"product_cat-abbigliamento","8":"product_cat-abbigliamento-da-lavoro","9":"sws-gruppo-abb-libero-de","10":"sws-conto-ricavi-merci-rivendita-abbigliamento-de","11":"sws-gruppo-iva-iva81-de","13":"first","14":"instock","15":"shipping-taxable","16":"purchasable","17":"product-type-variable"},"_links":{"self":[{"href":"https:\/\/lucacastelli.com\/de\/wp-json\/wp\/v2\/product\/602915","targetHints":{"allow":["GET"]}}],"collection":[{"href":"https:\/\/lucacastelli.com\/de\/wp-json\/wp\/v2\/product"}],"about":[{"href":"https:\/\/lucacastelli.com\/de\/wp-json\/wp\/v2\/types\/product"}],"wp:featuredmedia":[{"embeddable":true,"href":"https:\/\/lucacastelli.com\/de\/wp-json\/wp\/v2\/media\/545258"}],"wp:attachment":[{"href":"https:\/\/lucacastelli.com\/de\/wp-json\/wp\/v2\/media?parent=602915"}],"wp:term":[{"taxonomy":"product_brand","embeddable":true,"href":"https:\/\/lucacastelli.com\/de\/wp-json\/wp\/v2\/product_brand?post=602915"},{"taxonomy":"product_cat","embeddable":true,"href":"https:\/\/lucacastelli.com\/de\/wp-json\/wp\/v2\/product_cat?post=602915"},{"taxonomy":"product_tag","embeddable":true,"href":"https:\/\/lucacastelli.com\/de\/wp-json\/wp\/v2\/product_tag?post=602915"}],"curies":[{"name":"wp","href":"https:\/\/api.w.org\/{rel}","templated":true}]}}