{"id":602873,"date":"2025-08-12T10:32:37","date_gmt":"2025-08-12T08:32:37","guid":{"rendered":"https:\/\/lucacastelli.com\/prodotto\/milwaukee-polyurethanbeschichtete-handschuhe-mit-hoher-sichtbarkeit-kat-schnitt-d\/"},"modified":"2025-08-12T10:32:37","modified_gmt":"2025-08-12T08:32:37","slug":"milwaukee-polyurethanbeschichtete-handschuhe-mit-hoher-sichtbarkeit-kat-schnitt-d","status":"publish","type":"product","link":"https:\/\/lucacastelli.com\/de\/produkt\/milwaukee-polyurethanbeschichtete-handschuhe-mit-hoher-sichtbarkeit-kat-schnitt-d\/","title":{"rendered":"Milwaukee Polyurethanbeschichtete Handschuhe mit hoher Sichtbarkeit Kat. Schnitt D"},"content":{"rendered":"<p>HI-VIS CUT LEVEL 4\/D XL\/10 GLOVES 1PC<br \/>\nFluoreszierendes Innenfutter f\u00fcr hohe Sichtbarkeit in schwach beleuchteten Umgebungen; leichte, d\u00fcnne Handschuhe mit polyurethanbeschichteter Handfl\u00e4che, die eine gute Fingerfertigkeit erm\u00f6glichen; Schnittfestigkeit der Stufe 4\/D, ideal zum Abisolieren von Kabeln, Einf\u00e4deln\/Rohrverlegen und leichten Materialien;Verst\u00e4rkte Nitrilbeschichtung zwischen Zeigefinger und Daumen an der Stelle des gr\u00f6\u00dften Verschlei\u00dfes;SMARTSWIPE\u2122 Handfl\u00e4che und Fingerspitzen erm\u00f6glichen die Nutzung von Touchscreen-Ger\u00e4ten, ohne die Handschuhe ausziehen zu m\u00fcssen;Europ\u00e4ische Zertifizierung f\u00fcr mechanischen Schutz: EN ISO 21420, EN388:2016 (4X43D)<\/p>\n<p>4932479929<br \/>\n4058546377236<\/p>\n","protected":false},"excerpt":{"rendered":"<p>HI-VIS CUT LEVEL 4\/D XL\/10 GLOVES 1PC Fluoreszierendes Innenfutter f\u00fcr hohe Sichtbarkeit in schwach beleuchteten Umgebungen; leichte, d\u00fcnne Handschuhe mit<\/p>\n","protected":false},"featured_media":545355,"template":"","meta":{"_seopress_robots_primary_cat":"","_seopress_titles_title":"","_seopress_titles_desc":"","_seopress_robots_index":""},"product_brand":[3656],"product_cat":[82,1382],"product_tag":[],"class_list":{"0":"post-602873","1":"product","2":"type-product","3":"status-publish","4":"has-post-thumbnail","6":"product_brand-milwaukee-de","7":"product_cat-kleidung","8":"product_cat-arbeitskleidung","9":"sws-gruppo-abb-libero-de","10":"sws-conto-ricavi-merci-rivendita-abbigliamento-de","11":"sws-gruppo-iva-iva81-de","13":"first","14":"instock","15":"shipping-taxable","16":"purchasable","17":"product-type-variable"},"_links":{"self":[{"href":"https:\/\/lucacastelli.com\/de\/wp-json\/wp\/v2\/product\/602873","targetHints":{"allow":["GET"]}}],"collection":[{"href":"https:\/\/lucacastelli.com\/de\/wp-json\/wp\/v2\/product"}],"about":[{"href":"https:\/\/lucacastelli.com\/de\/wp-json\/wp\/v2\/types\/product"}],"wp:featuredmedia":[{"embeddable":true,"href":"https:\/\/lucacastelli.com\/de\/wp-json\/wp\/v2\/media\/545355"}],"wp:attachment":[{"href":"https:\/\/lucacastelli.com\/de\/wp-json\/wp\/v2\/media?parent=602873"}],"wp:term":[{"taxonomy":"product_brand","embeddable":true,"href":"https:\/\/lucacastelli.com\/de\/wp-json\/wp\/v2\/product_brand?post=602873"},{"taxonomy":"product_cat","embeddable":true,"href":"https:\/\/lucacastelli.com\/de\/wp-json\/wp\/v2\/product_cat?post=602873"},{"taxonomy":"product_tag","embeddable":true,"href":"https:\/\/lucacastelli.com\/de\/wp-json\/wp\/v2\/product_tag?post=602873"}],"curies":[{"name":"wp","href":"https:\/\/api.w.org\/{rel}","templated":true}]}}