{"id":602855,"date":"2025-08-11T14:31:07","date_gmt":"2025-08-11T12:31:07","guid":{"rendered":"https:\/\/lucacastelli.com\/prodotto\/milwaukee-polyurethanbeschichtete-handschuhe-mit-hoher-sichtbarkeit-kat-schnitt-b\/"},"modified":"2025-08-11T14:31:07","modified_gmt":"2025-08-11T12:31:07","slug":"milwaukee-polyurethanbeschichtete-handschuhe-mit-hoher-sichtbarkeit-kat-schnitt-b","status":"publish","type":"product","link":"https:\/\/lucacastelli.com\/de\/produkt\/milwaukee-polyurethanbeschichtete-handschuhe-mit-hoher-sichtbarkeit-kat-schnitt-b\/","title":{"rendered":"Milwaukee Polyurethanbeschichtete Handschuhe mit hoher Sichtbarkeit Kat. Schnitt B"},"content":{"rendered":"<p>HI-VIS CUT LEVEL 2\/B &#8211; S\/7 GLOVES 1PC<br \/>\nFluoreszierendes Material bietet hohe Sichtbarkeit in schwach beleuchteten Umgebungen; leichte, d\u00fcnne Handschuhe mit polyurethanbeschichteter Handfl\u00e4che; Schnittschutzstufe 2\/B ideal f\u00fcr Materialhandling, Holzarbeiten, Trockenbau, Decken, Malerarbeiten; verst\u00e4rkte Nitrilbeschichtung mit zus\u00e4tzlichem Schutz zwischen Daumen und Fingern; SMARTSWIPE\u2122 Handfl\u00e4che und Fingerspitzen erm\u00f6glichen die Nutzung von Touchscreen-Ger\u00e4ten, ohne die Handschuhe ausziehen zu m\u00fcssen; europ\u00e4ische Zertifizierung f\u00fcr mechanischen Schutz: EN ISO 21420, EN388:2016 (3242B)<\/p>\n<p>4932479921<br \/>\n4058546377151<\/p>\n","protected":false},"excerpt":{"rendered":"<p>HI-VIS CUT LEVEL 2\/B &#8211; S\/7 GLOVES 1PC Fluoreszierendes Material bietet hohe Sichtbarkeit in schwach beleuchteten Umgebungen; leichte, d\u00fcnne Handschuhe<\/p>\n","protected":false},"featured_media":601601,"template":"","meta":{"_seopress_robots_primary_cat":"none","_seopress_titles_title":"","_seopress_titles_desc":"","_seopress_robots_index":""},"product_brand":[3656],"product_cat":[82,1382],"product_tag":[],"class_list":{"0":"post-602855","1":"product","2":"type-product","3":"status-publish","4":"has-post-thumbnail","6":"product_brand-milwaukee-de","7":"product_cat-kleidung","8":"product_cat-arbeitskleidung","9":"sws-gruppo-abb-libero-de","10":"sws-conto-ricavi-merci-rivendita-abbigliamento-de","11":"sws-gruppo-iva-iva81-de","13":"first","14":"instock","15":"shipping-taxable","16":"purchasable","17":"product-type-variable"},"_links":{"self":[{"href":"https:\/\/lucacastelli.com\/de\/wp-json\/wp\/v2\/product\/602855","targetHints":{"allow":["GET"]}}],"collection":[{"href":"https:\/\/lucacastelli.com\/de\/wp-json\/wp\/v2\/product"}],"about":[{"href":"https:\/\/lucacastelli.com\/de\/wp-json\/wp\/v2\/types\/product"}],"wp:featuredmedia":[{"embeddable":true,"href":"https:\/\/lucacastelli.com\/de\/wp-json\/wp\/v2\/media\/601601"}],"wp:attachment":[{"href":"https:\/\/lucacastelli.com\/de\/wp-json\/wp\/v2\/media?parent=602855"}],"wp:term":[{"taxonomy":"product_brand","embeddable":true,"href":"https:\/\/lucacastelli.com\/de\/wp-json\/wp\/v2\/product_brand?post=602855"},{"taxonomy":"product_cat","embeddable":true,"href":"https:\/\/lucacastelli.com\/de\/wp-json\/wp\/v2\/product_cat?post=602855"},{"taxonomy":"product_tag","embeddable":true,"href":"https:\/\/lucacastelli.com\/de\/wp-json\/wp\/v2\/product_tag?post=602855"}],"curies":[{"name":"wp","href":"https:\/\/api.w.org\/{rel}","templated":true}]}}