{"id":602844,"date":"2025-08-11T16:48:32","date_gmt":"2025-08-11T14:48:32","guid":{"rendered":"https:\/\/lucacastelli.com\/prodotto\/milwaukee-polyurethanbeschichtete-handschuhe-mit-hoher-sichtbarkeit-kat-schnitt-c-144-stueck\/"},"modified":"2025-08-11T16:48:32","modified_gmt":"2025-08-11T14:48:32","slug":"milwaukee-polyurethanbeschichtete-handschuhe-mit-hoher-sichtbarkeit-kat-schnitt-c-144-stueck","status":"publish","type":"product","link":"https:\/\/lucacastelli.com\/de\/produkt\/milwaukee-polyurethanbeschichtete-handschuhe-mit-hoher-sichtbarkeit-kat-schnitt-c-144-stueck\/","title":{"rendered":"Milwaukee Polyurethanbeschichtete Handschuhe mit hoher Sichtbarkeit Kat. Schnitt C &#8211; 144 St\u00fcck"},"content":{"rendered":"<p>BULK HI-VIS CUT C GLOVES &#8211; 7\/S &#8211; 144PC<br \/>\nHochsichtbares fluoreszierendes Auskleidungsmaterial, um auch in schlecht beleuchteten Situationen besser sichtbar zu sein; Schnittfestigkeit ideal zum Einf\u00e4deln von Rohren, Abisolieren von Kabeln usw.; Polyurethanbeschichtung mit Nitrilverst\u00e4rkung in der Verschlei\u00dfzone zwischen Daumen und Fingern; Leicht und atmungsaktiv f\u00fcr maximalen Komfort und Fingerfertigkeit; Smartswipe\u2122.Polyurethanbeschichtung mit Nitrilverst\u00e4rkung in der Verschlei\u00dfzone zwischen Daumen und Fingern;Leicht und atmungsaktiv garantieren maximalen Komfort und Fingerfertigkeit f\u00fcr den Benutzer;Smartswipe\u2122 &#8211; leitf\u00e4higes Gewebe an den Fingerspitzen erm\u00f6glicht die Nutzung von Touchscreen-Ger\u00e4ten, ohne den Handschuh ausziehen zu m\u00fcssen;Europ\u00e4ische Zertifizierung f\u00fcr mechanischen Schutz: EN ISO 21420, EN388:2016 (4X42C)<\/p>\n<p>4932479722<\/p>\n","protected":false},"excerpt":{"rendered":"<p>BULK HI-VIS CUT C GLOVES &#8211; 7\/S &#8211; 144PC Hochsichtbares fluoreszierendes Auskleidungsmaterial, um auch in schlecht beleuchteten Situationen besser sichtbar<\/p>\n","protected":false},"featured_media":601640,"template":"","meta":{"_seopress_robots_primary_cat":"none","_seopress_titles_title":"","_seopress_titles_desc":"","_seopress_robots_index":""},"product_brand":[3407],"product_cat":[21,284],"product_tag":[],"class_list":{"0":"post-602844","1":"product","2":"type-product","3":"status-publish","4":"has-post-thumbnail","6":"product_brand-milwaukee","7":"product_cat-abbigliamento","8":"product_cat-abbigliamento-da-lavoro","9":"sws-gruppo-abb-libero-de","10":"sws-conto-ricavi-merci-rivendita-abbigliamento-de","11":"sws-gruppo-iva-iva81-de","13":"first","14":"instock","15":"shipping-taxable","16":"purchasable","17":"product-type-variable"},"_links":{"self":[{"href":"https:\/\/lucacastelli.com\/de\/wp-json\/wp\/v2\/product\/602844","targetHints":{"allow":["GET"]}}],"collection":[{"href":"https:\/\/lucacastelli.com\/de\/wp-json\/wp\/v2\/product"}],"about":[{"href":"https:\/\/lucacastelli.com\/de\/wp-json\/wp\/v2\/types\/product"}],"wp:featuredmedia":[{"embeddable":true,"href":"https:\/\/lucacastelli.com\/de\/wp-json\/wp\/v2\/media\/601640"}],"wp:attachment":[{"href":"https:\/\/lucacastelli.com\/de\/wp-json\/wp\/v2\/media?parent=602844"}],"wp:term":[{"taxonomy":"product_brand","embeddable":true,"href":"https:\/\/lucacastelli.com\/de\/wp-json\/wp\/v2\/product_brand?post=602844"},{"taxonomy":"product_cat","embeddable":true,"href":"https:\/\/lucacastelli.com\/de\/wp-json\/wp\/v2\/product_cat?post=602844"},{"taxonomy":"product_tag","embeddable":true,"href":"https:\/\/lucacastelli.com\/de\/wp-json\/wp\/v2\/product_tag?post=602844"}],"curies":[{"name":"wp","href":"https:\/\/api.w.org\/{rel}","templated":true}]}}