{"id":602828,"date":"2025-08-11T14:14:22","date_gmt":"2025-08-11T12:14:22","guid":{"rendered":"https:\/\/lucacastelli.com\/prodotto\/milwaukee-latexbeschichtete-winterhandschuhe-kat-schnitt-a-72-stueck\/"},"modified":"2025-08-11T14:14:22","modified_gmt":"2025-08-11T12:14:22","slug":"milwaukee-latexbeschichtete-winterhandschuhe-kat-schnitt-a-72-stueck","status":"publish","type":"product","link":"https:\/\/lucacastelli.com\/de\/produkt\/milwaukee-latexbeschichtete-winterhandschuhe-kat-schnitt-a-72-stueck\/","title":{"rendered":"Milwaukee Latexbeschichtete Winterhandschuhe Kat. Schnitt A &#8211; 72 St\u00fcck"},"content":{"rendered":"<p>BULK WINTER CUT A GLOVES &#8211; 72PC<br \/>\nInterne Isolierung, h\u00e4lt deine Hand auch bei kalten Temperaturen warm; Latexbeschichtung. Hohe Fingerfertigkeit beim Hantieren mit kleinen Gegenst\u00e4nden;Warmes, doppeltes Acrylfrottee-Futter, das auch bei k\u00e4ltesten Bedingungen warm h\u00e4lt und eine hohe Atmungsaktivit\u00e4t aufweist;Europ\u00e4isches Zertifikat f\u00fcr mechanischen und K\u00e4lteschutz: EN420, EN388: 2016 (1141A), EN511 (01X) <\/p>\n<p>&nbsp;<\/p>\n","protected":false},"excerpt":{"rendered":"<p>BULK WINTER CUT A GLOVES &#8211; 72PC Interne Isolierung, h\u00e4lt deine Hand auch bei kalten Temperaturen warm; Latexbeschichtung. Hohe Fingerfertigkeit<\/p>\n","protected":false},"featured_media":544511,"template":"","meta":{"_seopress_robots_primary_cat":"none","_seopress_titles_title":"","_seopress_titles_desc":"","_seopress_robots_index":""},"product_brand":[3656],"product_cat":[82,1382],"product_tag":[3272],"class_list":{"0":"post-602828","1":"product","2":"type-product","3":"status-publish","4":"has-post-thumbnail","6":"product_brand-milwaukee-de","7":"product_cat-kleidung","8":"product_cat-arbeitskleidung","9":"product_tag-import-milwau-de","10":"sws-gruppo-abb-libero-de","11":"sws-conto-ricavi-merci-rivendita-abbigliamento-de","12":"sws-gruppo-iva-iva81-de","14":"first","15":"instock","16":"shipping-taxable","17":"purchasable","18":"product-type-variable"},"_links":{"self":[{"href":"https:\/\/lucacastelli.com\/de\/wp-json\/wp\/v2\/product\/602828","targetHints":{"allow":["GET"]}}],"collection":[{"href":"https:\/\/lucacastelli.com\/de\/wp-json\/wp\/v2\/product"}],"about":[{"href":"https:\/\/lucacastelli.com\/de\/wp-json\/wp\/v2\/types\/product"}],"wp:featuredmedia":[{"embeddable":true,"href":"https:\/\/lucacastelli.com\/de\/wp-json\/wp\/v2\/media\/544511"}],"wp:attachment":[{"href":"https:\/\/lucacastelli.com\/de\/wp-json\/wp\/v2\/media?parent=602828"}],"wp:term":[{"taxonomy":"product_brand","embeddable":true,"href":"https:\/\/lucacastelli.com\/de\/wp-json\/wp\/v2\/product_brand?post=602828"},{"taxonomy":"product_cat","embeddable":true,"href":"https:\/\/lucacastelli.com\/de\/wp-json\/wp\/v2\/product_cat?post=602828"},{"taxonomy":"product_tag","embeddable":true,"href":"https:\/\/lucacastelli.com\/de\/wp-json\/wp\/v2\/product_tag?post=602828"}],"curies":[{"name":"wp","href":"https:\/\/api.w.org\/{rel}","templated":true}]}}