{"id":602817,"date":"2025-08-11T13:56:46","date_gmt":"2025-08-11T11:56:46","guid":{"rendered":"https:\/\/lucacastelli.com\/prodotto\/milwaukee-m12-womens-heated-jacket-schwarz\/"},"modified":"2025-08-11T13:56:46","modified_gmt":"2025-08-11T11:56:46","slug":"milwaukee-m12-womens-heated-jacket-schwarz","status":"publish","type":"product","link":"https:\/\/lucacastelli.com\/de\/produkt\/milwaukee-m12-womens-heated-jacket-schwarz\/","title":{"rendered":"Milwaukee M12\u2122 Women&#8217;s Heated Jacket &#8211; Schwarz"},"content":{"rendered":"<p>M12 HPJLBL2-0 (XXL) W\u00c4RMEJACKE DON NER<br \/>\nM12\u2122 Battery Heated Thermal Jacket mit Karbonfaserelementen erzeugt und verteilt W\u00e4rme auf Brust, R\u00fccken und Schultern;\u00dcberragende Autonomie, bis zu 11 Stunden W\u00e4rme mit einer einzigen Akkuladung aus einem 3,0 Ah M12\u2122 REDLITHIUM\u2122-Akkupack;Leichtes, \u00e4u\u00dferst strapazierf\u00e4higes Ripstop-Polyester bietet ein schlankes Design, das als Au\u00dfenh\u00fclle oder Mid-Layer getragen werden kann (Au\u00dfenh\u00fclle und Innenh\u00fclle aus 100% Polyester);Verst\u00e4rkte, stark beanspruchte Zonen sch\u00fctzen vor Sch\u00fcrfwunden und Rissen; bietet Komfort und Haltbarkeit in rauen, regnerischen oder windigen Umgebungen; versteckte Tasche, in der der M12\u2122-Akku f\u00fcr zus\u00e4tzlichen Komfort auf der Vorder- oder R\u00fcckseite platziert werden kann; mehrere Heizzonen &#8211; 5 mit Karbonfasern gen\u00e4hte Heizzonen verteilen die W\u00e4rme auf die wichtigsten K\u00f6rperbereiche; einfache W\u00e4rmeregelung per Knopfdruck &#8211; 3 W\u00e4rmestufen: Hoch, Mittel, Niedrig;Maschinenwaschbar und trocknergeeignet;Inklusive Batteriecontroller;Flexibles Batteriesystem: funktioniert mit allen Milwaukee\u00ae M12\u2122 Batterien<\/p>\n<p>4932480089<br \/>\n4058546403744<\/p>\n","protected":false},"excerpt":{"rendered":"<p>M12 HPJLBL2-0 (XXL) W\u00c4RMEJACKE DON NER M12\u2122 Battery Heated Thermal Jacket mit Karbonfaserelementen erzeugt und verteilt W\u00e4rme auf Brust, R\u00fccken<\/p>\n","protected":false},"featured_media":546629,"template":"","meta":{"_seopress_robots_primary_cat":"none","_seopress_titles_title":"","_seopress_titles_desc":"","_seopress_robots_index":""},"product_brand":[3407],"product_cat":[21,284,200],"product_tag":[],"class_list":{"0":"post-602817","1":"product","2":"type-product","3":"status-publish","4":"has-post-thumbnail","6":"product_brand-milwaukee","7":"product_cat-abbigliamento","8":"product_cat-abbigliamento-da-lavoro","9":"product_cat-abbigliamento-da-donna","10":"sws-gruppo-abb-libero-de","11":"sws-conto-ricavi-merci-rivendita-abbigliamento-de","12":"sws-gruppo-iva-iva81-de","14":"first","15":"instock","16":"shipping-taxable","17":"purchasable","18":"product-type-variable","19":"has-default-attributes"},"_links":{"self":[{"href":"https:\/\/lucacastelli.com\/de\/wp-json\/wp\/v2\/product\/602817","targetHints":{"allow":["GET"]}}],"collection":[{"href":"https:\/\/lucacastelli.com\/de\/wp-json\/wp\/v2\/product"}],"about":[{"href":"https:\/\/lucacastelli.com\/de\/wp-json\/wp\/v2\/types\/product"}],"wp:featuredmedia":[{"embeddable":true,"href":"https:\/\/lucacastelli.com\/de\/wp-json\/wp\/v2\/media\/546629"}],"wp:attachment":[{"href":"https:\/\/lucacastelli.com\/de\/wp-json\/wp\/v2\/media?parent=602817"}],"wp:term":[{"taxonomy":"product_brand","embeddable":true,"href":"https:\/\/lucacastelli.com\/de\/wp-json\/wp\/v2\/product_brand?post=602817"},{"taxonomy":"product_cat","embeddable":true,"href":"https:\/\/lucacastelli.com\/de\/wp-json\/wp\/v2\/product_cat?post=602817"},{"taxonomy":"product_tag","embeddable":true,"href":"https:\/\/lucacastelli.com\/de\/wp-json\/wp\/v2\/product_tag?post=602817"}],"curies":[{"name":"wp","href":"https:\/\/api.w.org\/{rel}","templated":true}]}}