{"id":602792,"date":"2025-08-11T14:07:11","date_gmt":"2025-08-11T12:07:11","guid":{"rendered":"https:\/\/lucacastelli.com\/prodotto\/milwaukee-m12-thermoweste-schwarz\/"},"modified":"2025-08-11T14:07:11","modified_gmt":"2025-08-11T12:07:11","slug":"milwaukee-m12-thermoweste-schwarz","status":"publish","type":"product","link":"https:\/\/lucacastelli.com\/de\/produkt\/milwaukee-m12-thermoweste-schwarz\/","title":{"rendered":"Milwaukee M12\u2122 Thermoweste &#8211; Schwarz"},"content":{"rendered":"<p>M12 HPVBL2-0 (2XL) W\u00c4RMEWESTE BLACK<br \/>\nM12\u2122-W\u00e4rmeweste, angetrieben von einem M12\u2122-Akku mit Kohlefaser-Heizelementen, die W\u00e4rme auf Brust und R\u00fccken erzeugen und verteilen;Hervorragende Aufw\u00e4rmzeit, bis zu 11 Stunden Aufw\u00e4rmzeit mit einer einzigen Ladung des M12\u2122 12V REDLITHIUM\u2122 3 Ah-Akkus;Leichtes, \u00e4u\u00dferst strapazierf\u00e4higes Ripstop-Polyester; Verst\u00e4rkte Zonen an den wichtigsten Verschlei\u00dfpunkten, die vor Sch\u00fcrfwunden und Rissen sch\u00fctzen; Bietet Komfort und Haltbarkeit in rauen Umgebungen; Versteckte Akkutasche, um den M12\u2122 f\u00fcr zus\u00e4tzlichen Komfort vorne oder hinten zu platzieren; 3 mehrere Heizzonen: Kohlefaser. Verteilen die W\u00e4rme auf die wichtigsten K\u00f6rperbereiche;Einfacher One-Touch-W\u00e4rmeregler &#8211; 3 W\u00e4rmestufen: hoch, mittel, niedrig;Maschinenwaschbar und trocknergeeignet;Inklusive Batteriehalterung;Einfacher One-Touch-W\u00e4rmeregler &#8211; 3 W\u00e4rmestufen: hoch, mittel, niedrig  <\/p>\n<p>4932480080<br \/>\n4058546403652<\/p>\n","protected":false},"excerpt":{"rendered":"<p>M12 HPVBL2-0 (2XL) W\u00c4RMEWESTE BLACK M12\u2122-W\u00e4rmeweste, angetrieben von einem M12\u2122-Akku mit Kohlefaser-Heizelementen, die W\u00e4rme auf Brust und R\u00fccken erzeugen und<\/p>\n","protected":false},"featured_media":546560,"template":"","meta":{"_seopress_robots_primary_cat":"none","_seopress_titles_title":"","_seopress_titles_desc":"","_seopress_robots_index":""},"product_brand":[3407],"product_cat":[21,284],"product_tag":[],"class_list":{"0":"post-602792","1":"product","2":"type-product","3":"status-publish","4":"has-post-thumbnail","6":"product_brand-milwaukee","7":"product_cat-abbigliamento","8":"product_cat-abbigliamento-da-lavoro","9":"sws-gruppo-abb-libero-de","10":"sws-conto-ricavi-merci-rivendita-abbigliamento-de","11":"sws-gruppo-iva-iva81-de","13":"first","14":"instock","15":"shipping-taxable","16":"purchasable","17":"product-type-variable","18":"has-default-attributes"},"_links":{"self":[{"href":"https:\/\/lucacastelli.com\/de\/wp-json\/wp\/v2\/product\/602792","targetHints":{"allow":["GET"]}}],"collection":[{"href":"https:\/\/lucacastelli.com\/de\/wp-json\/wp\/v2\/product"}],"about":[{"href":"https:\/\/lucacastelli.com\/de\/wp-json\/wp\/v2\/types\/product"}],"wp:featuredmedia":[{"embeddable":true,"href":"https:\/\/lucacastelli.com\/de\/wp-json\/wp\/v2\/media\/546560"}],"wp:attachment":[{"href":"https:\/\/lucacastelli.com\/de\/wp-json\/wp\/v2\/media?parent=602792"}],"wp:term":[{"taxonomy":"product_brand","embeddable":true,"href":"https:\/\/lucacastelli.com\/de\/wp-json\/wp\/v2\/product_brand?post=602792"},{"taxonomy":"product_cat","embeddable":true,"href":"https:\/\/lucacastelli.com\/de\/wp-json\/wp\/v2\/product_cat?post=602792"},{"taxonomy":"product_tag","embeddable":true,"href":"https:\/\/lucacastelli.com\/de\/wp-json\/wp\/v2\/product_tag?post=602792"}],"curies":[{"name":"wp","href":"https:\/\/api.w.org\/{rel}","templated":true}]}}