{"id":602709,"date":"2025-08-11T15:26:51","date_gmt":"2025-08-11T13:26:51","guid":{"rendered":"https:\/\/lucacastelli.com\/prodotto\/milwaukee-wtssblu\/"},"modified":"2025-08-11T15:26:51","modified_gmt":"2025-08-11T13:26:51","slug":"milwaukee-wtssblu","status":"publish","type":"product","link":"https:\/\/lucacastelli.com\/de\/produkt\/milwaukee-wtssblu\/","title":{"rendered":"MILWAUKEE WTSSBLU"},"content":{"rendered":"<p>WTSSBLU T-SHIRT MAN. COR. WORK BLUE<br \/>\nRei\u00df- und abriebfestes Heavy-Duty-Gewebe mit 200 g\/m\u00b2, perfekt f\u00fcr eine lange Lebensdauer am Arbeitsplatz; 60 % strapazierf\u00e4higes und atmungsaktives Baumwoll- und 40 % Polyestergemisch; Aufbewahrungstasche an der Herzseite f\u00fcr Stifte, Ohrst\u00f6psel oder andere Gegenst\u00e4nde; Schutz vor sch\u00e4dlichen UV-Strahlen UPF 50+ gem\u00e4\u00df EN 13758-1  <\/p>\n<p>&nbsp;<\/p>\n","protected":false},"excerpt":{"rendered":"<p>WTSSBLU T-SHIRT MAN. COR. WORK BLUE Rei\u00df- und abriebfestes Heavy-Duty-Gewebe mit 200 g\/m\u00b2, perfekt f\u00fcr eine lange Lebensdauer am Arbeitsplatz;<\/p>\n","protected":false},"featured_media":559473,"template":"","meta":{"_seopress_robots_primary_cat":"none","_seopress_titles_title":"","_seopress_titles_desc":"","_seopress_robots_index":""},"product_brand":[3656],"product_cat":[1382,82],"product_tag":[3272],"class_list":{"0":"post-602709","1":"product","2":"type-product","3":"status-publish","4":"has-post-thumbnail","6":"product_brand-milwaukee-de","7":"product_cat-arbeitskleidung","8":"product_cat-kleidung","9":"product_tag-import-milwau-de","10":"sws-gruppo-abb-libero-de","11":"sws-conto-ricavi-merci-rivendita-abbigliamento-de","12":"sws-gruppo-iva-iva81-de","14":"first","15":"instock","16":"shipping-taxable","17":"purchasable","18":"product-type-variable"},"_links":{"self":[{"href":"https:\/\/lucacastelli.com\/de\/wp-json\/wp\/v2\/product\/602709","targetHints":{"allow":["GET"]}}],"collection":[{"href":"https:\/\/lucacastelli.com\/de\/wp-json\/wp\/v2\/product"}],"about":[{"href":"https:\/\/lucacastelli.com\/de\/wp-json\/wp\/v2\/types\/product"}],"wp:featuredmedia":[{"embeddable":true,"href":"https:\/\/lucacastelli.com\/de\/wp-json\/wp\/v2\/media\/559473"}],"wp:attachment":[{"href":"https:\/\/lucacastelli.com\/de\/wp-json\/wp\/v2\/media?parent=602709"}],"wp:term":[{"taxonomy":"product_brand","embeddable":true,"href":"https:\/\/lucacastelli.com\/de\/wp-json\/wp\/v2\/product_brand?post=602709"},{"taxonomy":"product_cat","embeddable":true,"href":"https:\/\/lucacastelli.com\/de\/wp-json\/wp\/v2\/product_cat?post=602709"},{"taxonomy":"product_tag","embeddable":true,"href":"https:\/\/lucacastelli.com\/de\/wp-json\/wp\/v2\/product_tag?post=602709"}],"curies":[{"name":"wp","href":"https:\/\/api.w.org\/{rel}","templated":true}]}}