{"id":602696,"date":"2025-08-11T15:15:18","date_gmt":"2025-08-11T13:15:18","guid":{"rendered":"https:\/\/lucacastelli.com\/prodotto\/milwaukee-arbeitshandschuhe-5\/"},"modified":"2025-08-11T15:15:18","modified_gmt":"2025-08-11T13:15:18","slug":"milwaukee-arbeitshandschuhe-5","status":"publish","type":"product","link":"https:\/\/lucacastelli.com\/de\/produkt\/milwaukee-arbeitshandschuhe-5\/","title":{"rendered":"MILWAUKEE Arbeitshandschuhe"},"content":{"rendered":"<p>PAD PRO WORK GLOVES &#8211; 1 Paar<br \/>\nSchaumstoffpolsterung an der Handfl\u00e4che sorgt f\u00fcr zus\u00e4tzlichen Komfort;Arbeitshandschuhe f\u00fcr schwere Arbeiten wie Betonbohren, Schleifen, Schleifen, Schneiden;Atmungsaktives Futter: sorgt f\u00fcr maximalen Komfort und Atmungsaktivit\u00e4t;Schwammdaumen: eingebautes Anti-Schwei\u00df\/Abriebschutzsystem;Europ\u00e4ische Zertifizierung f\u00fcr mechanischen Schutz: EN ISO 21420. EN388:2016 (2121A), EN 407 (X1XXXX) <\/p>\n<p>&nbsp;<\/p>\n","protected":false},"excerpt":{"rendered":"<p>PAD PRO WORK GLOVES &#8211; 1 Paar Schaumstoffpolsterung an der Handfl\u00e4che sorgt f\u00fcr zus\u00e4tzlichen Komfort;Arbeitshandschuhe f\u00fcr schwere Arbeiten wie Betonbohren,<\/p>\n","protected":false},"featured_media":589580,"template":"","meta":{"_seopress_robots_primary_cat":"none","_seopress_titles_title":"","_seopress_titles_desc":"","_seopress_robots_index":""},"product_brand":[3656],"product_cat":[82,1382],"product_tag":[],"class_list":{"0":"post-602696","1":"product","2":"type-product","3":"status-publish","4":"has-post-thumbnail","6":"product_brand-milwaukee-de","7":"product_cat-kleidung","8":"product_cat-arbeitskleidung","9":"sws-gruppo-abb-libero-de","10":"sws-conto-ricavi-merci-rivendita-abbigliamento-de","11":"sws-gruppo-iva-iva81-de","13":"first","14":"instock","15":"shipping-taxable","16":"purchasable","17":"product-type-variable"},"_links":{"self":[{"href":"https:\/\/lucacastelli.com\/de\/wp-json\/wp\/v2\/product\/602696","targetHints":{"allow":["GET"]}}],"collection":[{"href":"https:\/\/lucacastelli.com\/de\/wp-json\/wp\/v2\/product"}],"about":[{"href":"https:\/\/lucacastelli.com\/de\/wp-json\/wp\/v2\/types\/product"}],"wp:featuredmedia":[{"embeddable":true,"href":"https:\/\/lucacastelli.com\/de\/wp-json\/wp\/v2\/media\/589580"}],"wp:attachment":[{"href":"https:\/\/lucacastelli.com\/de\/wp-json\/wp\/v2\/media?parent=602696"}],"wp:term":[{"taxonomy":"product_brand","embeddable":true,"href":"https:\/\/lucacastelli.com\/de\/wp-json\/wp\/v2\/product_brand?post=602696"},{"taxonomy":"product_cat","embeddable":true,"href":"https:\/\/lucacastelli.com\/de\/wp-json\/wp\/v2\/product_cat?post=602696"},{"taxonomy":"product_tag","embeddable":true,"href":"https:\/\/lucacastelli.com\/de\/wp-json\/wp\/v2\/product_tag?post=602696"}],"curies":[{"name":"wp","href":"https:\/\/api.w.org\/{rel}","templated":true}]}}