{"id":602629,"date":"2025-08-11T06:46:11","date_gmt":"2025-08-11T04:46:11","guid":{"rendered":"https:\/\/lucacastelli.com\/prodotto\/milwaukee-workskin-usb-wiederaufladbares-langaermeliges-thermohemd-schwarz\/"},"modified":"2025-08-11T06:46:11","modified_gmt":"2025-08-11T04:46:11","slug":"milwaukee-workskin-usb-wiederaufladbares-langaermeliges-thermohemd-schwarz","status":"publish","type":"product","link":"https:\/\/lucacastelli.com\/de\/produkt\/milwaukee-workskin-usb-wiederaufladbares-langaermeliges-thermohemd-schwarz\/","title":{"rendered":"Milwaukee WORKSKIN USB wiederaufladbares lang\u00e4rmeliges Thermohemd &#8211; Schwarz"},"content":{"rendered":"<p>L4HBLB-301XXL\/THERMAL BODY<br \/>\nMittelschweres, strapazierf\u00e4higes Material, das dich warm und trocken h\u00e4lt; Unterer Saum f\u00fcr maximale Abdeckung; W\u00e4rme wird im Brust- und R\u00fcckenbereich erzeugt und gleichm\u00e4\u00dfig verteilt; Stromversorgung durch herausnehmbaren REDLITHIUM\u2122 USB-Akku, der \u00fcber Micro-USB aufladbar ist; REDLITHIUM USB 3.0 Akku im Pack enthalten + eigenes USB-Ladeger\u00e4t;Strapazierf\u00e4higes Material mit Raglan-\u00c4rmeln und nahtlosen Schultern f\u00fcr maximale Bewegungsfreiheit und Komfort;Beeindruckende 180 Minuten W\u00e4rme (niedrige Stufe);L4-Batterieanschluss f\u00fcr minimale St\u00f6rungen;Maschinenwaschbar (kalt)<\/p>\n<p>4933478085<br \/>\n4058546340186<\/p>\n","protected":false},"excerpt":{"rendered":"<p>L4HBLB-301XXL\/THERMAL BODY Mittelschweres, strapazierf\u00e4higes Material, das dich warm und trocken h\u00e4lt; Unterer Saum f\u00fcr maximale Abdeckung; W\u00e4rme wird im Brust-<\/p>\n","protected":false},"featured_media":601144,"template":"","meta":{"_seopress_robots_primary_cat":"none","_seopress_titles_title":"","_seopress_titles_desc":"","_seopress_robots_index":""},"product_brand":[3407],"product_cat":[21,284,189,190],"product_tag":[],"class_list":{"0":"post-602629","1":"product","2":"type-product","3":"status-publish","4":"has-post-thumbnail","6":"product_brand-milwaukee","7":"product_cat-abbigliamento","8":"product_cat-abbigliamento-da-lavoro","9":"product_cat-abbigliamento-per-il-tempo-libero","10":"product_cat-abbigliamento-da-uomo","11":"sws-gruppo-abb-libero-de","12":"sws-conto-ricavi-merci-rivendita-abbigliamento-de","13":"sws-gruppo-iva-iva81-de","15":"first","16":"instock","17":"shipping-taxable","18":"purchasable","19":"product-type-variable","20":"has-default-attributes"},"_links":{"self":[{"href":"https:\/\/lucacastelli.com\/de\/wp-json\/wp\/v2\/product\/602629","targetHints":{"allow":["GET"]}}],"collection":[{"href":"https:\/\/lucacastelli.com\/de\/wp-json\/wp\/v2\/product"}],"about":[{"href":"https:\/\/lucacastelli.com\/de\/wp-json\/wp\/v2\/types\/product"}],"wp:featuredmedia":[{"embeddable":true,"href":"https:\/\/lucacastelli.com\/de\/wp-json\/wp\/v2\/media\/601144"}],"wp:attachment":[{"href":"https:\/\/lucacastelli.com\/de\/wp-json\/wp\/v2\/media?parent=602629"}],"wp:term":[{"taxonomy":"product_brand","embeddable":true,"href":"https:\/\/lucacastelli.com\/de\/wp-json\/wp\/v2\/product_brand?post=602629"},{"taxonomy":"product_cat","embeddable":true,"href":"https:\/\/lucacastelli.com\/de\/wp-json\/wp\/v2\/product_cat?post=602629"},{"taxonomy":"product_tag","embeddable":true,"href":"https:\/\/lucacastelli.com\/de\/wp-json\/wp\/v2\/product_tag?post=602629"}],"curies":[{"name":"wp","href":"https:\/\/api.w.org\/{rel}","templated":true}]}}