{"id":602601,"date":"2025-08-11T12:50:47","date_gmt":"2025-08-11T10:50:47","guid":{"rendered":"https:\/\/lucacastelli.com\/prodotto\/milwaukee-workskin-langaermeliges-trikot-mit-technischer-unterwaesche\/"},"modified":"2025-08-11T12:50:47","modified_gmt":"2025-08-11T10:50:47","slug":"milwaukee-workskin-langaermeliges-trikot-mit-technischer-unterwaesche","status":"publish","type":"product","link":"https:\/\/lucacastelli.com\/de\/produkt\/milwaukee-workskin-langaermeliges-trikot-mit-technischer-unterwaesche\/","title":{"rendered":"Milwaukee WORKSKIN lang\u00e4rmeliges Trikot mit technischer Unterw\u00e4sche"},"content":{"rendered":"<p>WORKSKIN CWB Layer Long Sleeve Blk XL<br \/>\nSpezielles atmungsaktives Material: schnelle Verdunstung von Schwei\u00df w\u00e4hrend der Arbeit;Geb\u00fcrstetes Fleece-Futter: f\u00fcr zus\u00e4tzliche W\u00e4rme und einen bequemen Sitz an langen, kalten Tagen.;Tailored: Das taillierte Design und die flachen N\u00e4hte verhindern Reibung und lassen sich leicht \u00fcbereinander ziehen;4-Wege-Stretch und versetzte Schultern\u00e4hte: erm\u00f6glichen maximale Bewegungsfreiheit<\/p>\n<p>4932498286<br \/>\n4058546521554<\/p>\n","protected":false},"excerpt":{"rendered":"<p>WORKSKIN CWB Layer Long Sleeve Blk XL Spezielles atmungsaktives Material: schnelle Verdunstung von Schwei\u00df w\u00e4hrend der Arbeit;Geb\u00fcrstetes Fleece-Futter: f\u00fcr zus\u00e4tzliche<\/p>\n","protected":false},"featured_media":567001,"template":"","meta":{"_seopress_robots_primary_cat":"","_seopress_titles_title":"","_seopress_titles_desc":"","_seopress_robots_index":""},"product_brand":[3407],"product_cat":[21,284],"product_tag":[],"class_list":{"0":"post-602601","1":"product","2":"type-product","3":"status-publish","4":"has-post-thumbnail","6":"product_brand-milwaukee","7":"product_cat-abbigliamento","8":"product_cat-abbigliamento-da-lavoro","9":"sws-gruppo-abb-libero-de","10":"sws-conto-ricavi-merci-rivendita-abbigliamento-de","11":"sws-gruppo-iva-iva81-de","13":"first","14":"instock","15":"shipping-taxable","16":"purchasable","17":"product-type-variable"},"_links":{"self":[{"href":"https:\/\/lucacastelli.com\/de\/wp-json\/wp\/v2\/product\/602601","targetHints":{"allow":["GET"]}}],"collection":[{"href":"https:\/\/lucacastelli.com\/de\/wp-json\/wp\/v2\/product"}],"about":[{"href":"https:\/\/lucacastelli.com\/de\/wp-json\/wp\/v2\/types\/product"}],"wp:featuredmedia":[{"embeddable":true,"href":"https:\/\/lucacastelli.com\/de\/wp-json\/wp\/v2\/media\/567001"}],"wp:attachment":[{"href":"https:\/\/lucacastelli.com\/de\/wp-json\/wp\/v2\/media?parent=602601"}],"wp:term":[{"taxonomy":"product_brand","embeddable":true,"href":"https:\/\/lucacastelli.com\/de\/wp-json\/wp\/v2\/product_brand?post=602601"},{"taxonomy":"product_cat","embeddable":true,"href":"https:\/\/lucacastelli.com\/de\/wp-json\/wp\/v2\/product_cat?post=602601"},{"taxonomy":"product_tag","embeddable":true,"href":"https:\/\/lucacastelli.com\/de\/wp-json\/wp\/v2\/product_tag?post=602601"}],"curies":[{"name":"wp","href":"https:\/\/api.w.org\/{rel}","templated":true}]}}