{"id":602500,"date":"2025-08-11T12:15:37","date_gmt":"2025-08-11T10:15:37","guid":{"rendered":"https:\/\/lucacastelli.com\/prodotto\/milwaukee-workskin-warm-kurzarm-t-shirt-rot\/"},"modified":"2025-08-11T12:15:37","modified_gmt":"2025-08-11T10:15:37","slug":"milwaukee-workskin-warm-kurzarm-t-shirt-rot","status":"publish","type":"product","link":"https:\/\/lucacastelli.com\/de\/produkt\/milwaukee-workskin-warm-kurzarm-t-shirt-rot\/","title":{"rendered":"Milwaukee WORKSKIN WARM Kurzarm-T-Shirt &#8211; rot"},"content":{"rendered":"<p>WWSSRD T-SHIRT MAN. COR. WARM ROS.<br \/>\nAtmungsaktives Material, 100% Polyester;Raglan\u00e4rmel f\u00fcr maximale Bewegungsfreiheit und Komfort beim Tragen von Werkzeugtaschen, Rucks\u00e4cken, Klettergurten usw..  <\/p>\n<p>&nbsp;<\/p>\n","protected":false},"excerpt":{"rendered":"<p>WWSSRD T-SHIRT MAN. COR. WARM ROS. Atmungsaktives Material, 100% Polyester;Raglan\u00e4rmel f\u00fcr maximale Bewegungsfreiheit und Komfort beim Tragen von Werkzeugtaschen, Rucks\u00e4cken,<\/p>\n","protected":false},"featured_media":559841,"template":"","meta":{"_seopress_robots_primary_cat":"","_seopress_titles_title":"","_seopress_titles_desc":"","_seopress_robots_index":""},"product_brand":[3407],"product_cat":[21,284],"product_tag":[3270],"class_list":{"0":"post-602500","1":"product","2":"type-product","3":"status-publish","4":"has-post-thumbnail","6":"product_brand-milwaukee","7":"product_cat-abbigliamento","8":"product_cat-abbigliamento-da-lavoro","9":"product_tag-import-milwau","10":"sws-gruppo-abb-libero-de","11":"sws-conto-ricavi-merci-rivendita-abbigliamento-de","12":"sws-gruppo-iva-iva81-de","14":"first","15":"instock","16":"shipping-taxable","17":"purchasable","18":"product-type-variable"},"_links":{"self":[{"href":"https:\/\/lucacastelli.com\/de\/wp-json\/wp\/v2\/product\/602500","targetHints":{"allow":["GET"]}}],"collection":[{"href":"https:\/\/lucacastelli.com\/de\/wp-json\/wp\/v2\/product"}],"about":[{"href":"https:\/\/lucacastelli.com\/de\/wp-json\/wp\/v2\/types\/product"}],"wp:featuredmedia":[{"embeddable":true,"href":"https:\/\/lucacastelli.com\/de\/wp-json\/wp\/v2\/media\/559841"}],"wp:attachment":[{"href":"https:\/\/lucacastelli.com\/de\/wp-json\/wp\/v2\/media?parent=602500"}],"wp:term":[{"taxonomy":"product_brand","embeddable":true,"href":"https:\/\/lucacastelli.com\/de\/wp-json\/wp\/v2\/product_brand?post=602500"},{"taxonomy":"product_cat","embeddable":true,"href":"https:\/\/lucacastelli.com\/de\/wp-json\/wp\/v2\/product_cat?post=602500"},{"taxonomy":"product_tag","embeddable":true,"href":"https:\/\/lucacastelli.com\/de\/wp-json\/wp\/v2\/product_tag?post=602500"}],"curies":[{"name":"wp","href":"https:\/\/api.w.org\/{rel}","templated":true}]}}