{"id":602407,"date":"2025-08-11T12:45:59","date_gmt":"2025-08-11T10:45:59","guid":{"rendered":"https:\/\/lucacastelli.com\/prodotto\/milwaukee-hybrid-kurzarm-t-shirt-schwarz\/"},"modified":"2025-08-11T12:45:59","modified_gmt":"2025-08-11T10:45:59","slug":"milwaukee-hybrid-kurzarm-t-shirt-schwarz","status":"publish","type":"product","link":"https:\/\/lucacastelli.com\/de\/produkt\/milwaukee-hybrid-kurzarm-t-shirt-schwarz\/","title":{"rendered":"Milwaukee HYBRID Kurzarm-T-Shirt &#8211; schwarz"},"content":{"rendered":"<p>HTSSBL T-SHIRT MAN. COR. HYBRID BLACK<br \/>\nLeichtes und atmungsaktives Arbeitsshirt mit 156 g\/m\u00b2 f\u00fcr mehr Komfort und Produktivit\u00e4t;Speziell entwickelt, um die Mobilit\u00e4t mit tief ausgeschnittenem Schulterbereich und Ganzk\u00f6rperbedeckung zu verbessern;Leichtes und angenehmes Material 33 % Baumwolle und 67 % Polyester  <\/p>\n<p>&nbsp;<\/p>\n","protected":false},"excerpt":{"rendered":"<p>HTSSBL T-SHIRT MAN. COR. HYBRID BLACK Leichtes und atmungsaktives Arbeitsshirt mit 156 g\/m\u00b2 f\u00fcr mehr Komfort und Produktivit\u00e4t;Speziell entwickelt, um<\/p>\n","protected":false},"featured_media":559016,"template":"","meta":{"_seopress_robots_primary_cat":"none","_seopress_titles_title":"","_seopress_titles_desc":"","_seopress_robots_index":""},"product_brand":[3407],"product_cat":[21,284],"product_tag":[3270],"class_list":{"0":"post-602407","1":"product","2":"type-product","3":"status-publish","4":"has-post-thumbnail","6":"product_brand-milwaukee","7":"product_cat-abbigliamento","8":"product_cat-abbigliamento-da-lavoro","9":"product_tag-import-milwau","10":"sws-gruppo-abb-libero-de","11":"sws-conto-ricavi-merci-rivendita-abbigliamento-de","12":"sws-gruppo-iva-iva81-de","14":"first","15":"instock","16":"shipping-taxable","17":"purchasable","18":"product-type-variable"},"_links":{"self":[{"href":"https:\/\/lucacastelli.com\/de\/wp-json\/wp\/v2\/product\/602407","targetHints":{"allow":["GET"]}}],"collection":[{"href":"https:\/\/lucacastelli.com\/de\/wp-json\/wp\/v2\/product"}],"about":[{"href":"https:\/\/lucacastelli.com\/de\/wp-json\/wp\/v2\/types\/product"}],"wp:featuredmedia":[{"embeddable":true,"href":"https:\/\/lucacastelli.com\/de\/wp-json\/wp\/v2\/media\/559016"}],"wp:attachment":[{"href":"https:\/\/lucacastelli.com\/de\/wp-json\/wp\/v2\/media?parent=602407"}],"wp:term":[{"taxonomy":"product_brand","embeddable":true,"href":"https:\/\/lucacastelli.com\/de\/wp-json\/wp\/v2\/product_brand?post=602407"},{"taxonomy":"product_cat","embeddable":true,"href":"https:\/\/lucacastelli.com\/de\/wp-json\/wp\/v2\/product_cat?post=602407"},{"taxonomy":"product_tag","embeddable":true,"href":"https:\/\/lucacastelli.com\/de\/wp-json\/wp\/v2\/product_tag?post=602407"}],"curies":[{"name":"wp","href":"https:\/\/api.w.org\/{rel}","templated":true}]}}