{"id":602299,"date":"2025-08-11T19:08:58","date_gmt":"2025-08-11T17:08:58","guid":{"rendered":"https:\/\/lucacastelli.com\/prodotto\/milwaukee-wtls-t-shirt-langaermelig-work-blau\/"},"modified":"2025-08-11T19:08:58","modified_gmt":"2025-08-11T17:08:58","slug":"milwaukee-wtls-t-shirt-langaermelig-work-blau","status":"publish","type":"product","link":"https:\/\/lucacastelli.com\/de\/produkt\/milwaukee-wtls-t-shirt-langaermelig-work-blau\/","title":{"rendered":"Milwaukee WTLS T-SHIRT lang\u00e4rmelig WORK &#8211; blau"},"content":{"rendered":"<p>WTLSBLU-S T-SHIRT MAN. LUN. WORK BLUE<br \/>\nRei\u00df- und abriebfestes Heavy-Duty-Gewebe mit 200 g\/m\u00b2, perfekt f\u00fcr eine lange Lebensdauer am Arbeitsplatz;60 % strapazierf\u00e4higes und atmungsaktives Baumwoll- und 40 % Polyestergemisch;Aufbewahrungstasche an der Herzseite f\u00fcr Stifte, Ohrst\u00f6psel oder andere Gegenst\u00e4nde;Schutz vor sch\u00e4dlichen UV-Strahlen UPF 50+ gem\u00e4\u00df EN 13758-1  <\/p>\n<p>4932493043<br \/>\n4058546479145<\/p>\n","protected":false},"excerpt":{"rendered":"<p>WTLSBLU-S T-SHIRT MAN. LUN. WORK BLUE Rei\u00df- und abriebfestes Heavy-Duty-Gewebe mit 200 g\/m\u00b2, perfekt f\u00fcr eine lange Lebensdauer am Arbeitsplatz;60<\/p>\n","protected":false},"featured_media":559614,"template":"","meta":{"_seopress_robots_primary_cat":"","_seopress_titles_title":"","_seopress_titles_desc":"","_seopress_robots_index":""},"product_brand":[3407],"product_cat":[21,284],"product_tag":[3270],"class_list":{"0":"post-602299","1":"product","2":"type-product","3":"status-publish","4":"has-post-thumbnail","6":"product_brand-milwaukee","7":"product_cat-abbigliamento","8":"product_cat-abbigliamento-da-lavoro","9":"product_tag-import-milwau","10":"sws-gruppo-abb-libero-de","11":"sws-conto-ricavi-merci-rivendita-abbigliamento-de","12":"sws-gruppo-iva-iva81-de","14":"first","15":"instock","16":"shipping-taxable","17":"purchasable","18":"product-type-variable"},"_links":{"self":[{"href":"https:\/\/lucacastelli.com\/de\/wp-json\/wp\/v2\/product\/602299","targetHints":{"allow":["GET"]}}],"collection":[{"href":"https:\/\/lucacastelli.com\/de\/wp-json\/wp\/v2\/product"}],"about":[{"href":"https:\/\/lucacastelli.com\/de\/wp-json\/wp\/v2\/types\/product"}],"wp:featuredmedia":[{"embeddable":true,"href":"https:\/\/lucacastelli.com\/de\/wp-json\/wp\/v2\/media\/559614"}],"wp:attachment":[{"href":"https:\/\/lucacastelli.com\/de\/wp-json\/wp\/v2\/media?parent=602299"}],"wp:term":[{"taxonomy":"product_brand","embeddable":true,"href":"https:\/\/lucacastelli.com\/de\/wp-json\/wp\/v2\/product_brand?post=602299"},{"taxonomy":"product_cat","embeddable":true,"href":"https:\/\/lucacastelli.com\/de\/wp-json\/wp\/v2\/product_cat?post=602299"},{"taxonomy":"product_tag","embeddable":true,"href":"https:\/\/lucacastelli.com\/de\/wp-json\/wp\/v2\/product_tag?post=602299"}],"curies":[{"name":"wp","href":"https:\/\/api.w.org\/{rel}","templated":true}]}}