{"id":602288,"date":"2025-08-11T19:08:54","date_gmt":"2025-08-11T17:08:54","guid":{"rendered":"https:\/\/lucacastelli.com\/prodotto\/milwaukee-wtls-t-shirt-langaermelig-work-gruen\/"},"modified":"2025-08-11T19:08:54","modified_gmt":"2025-08-11T17:08:54","slug":"milwaukee-wtls-t-shirt-langaermelig-work-gruen","status":"publish","type":"product","link":"https:\/\/lucacastelli.com\/de\/produkt\/milwaukee-wtls-t-shirt-langaermelig-work-gruen\/","title":{"rendered":"Milwaukee WTLS T-SHIRT lang\u00e4rmelig WORK &#8211; gr\u00fcn"},"content":{"rendered":"<p>WTLSGN-S T-SHIRT MAN. LUN. WORK VER.<br \/>\nRei\u00df- und abriebfestes Heavy-Duty-Gewebe mit 200 g\/qm, perfekt f\u00fcr eine lange Lebensdauer am Arbeitsplatz;60 % strapazierf\u00e4higes und atmungsaktives Baumwoll- und 40 % Polyestergemisch;Aufbewahrungstasche an der Herzseite f\u00fcr Stifte, Ohrst\u00f6psel oder andere Gegenst\u00e4nde;Schutz vor sch\u00e4dlichen UV-Strahlen UPF 50+ gem\u00e4\u00df EN 13758-1  <\/p>\n<p>4932493048<br \/>\n4058546479190<\/p>\n","protected":false},"excerpt":{"rendered":"<p>WTLSGN-S T-SHIRT MAN. LUN. WORK VER. Rei\u00df- und abriebfestes Heavy-Duty-Gewebe mit 200 g\/qm, perfekt f\u00fcr eine lange Lebensdauer am Arbeitsplatz;60<\/p>\n","protected":false},"featured_media":596117,"template":"","meta":{"_seopress_robots_primary_cat":"","_seopress_titles_title":"","_seopress_titles_desc":"","_seopress_robots_index":""},"product_brand":[3656],"product_cat":[82,1382],"product_tag":[3272],"class_list":{"0":"post-602288","1":"product","2":"type-product","3":"status-publish","4":"has-post-thumbnail","6":"product_brand-milwaukee-de","7":"product_cat-kleidung","8":"product_cat-arbeitskleidung","9":"product_tag-import-milwau-de","10":"sws-gruppo-abb-libero-de","11":"sws-conto-ricavi-merci-rivendita-abbigliamento-de","12":"sws-gruppo-iva-iva81-de","14":"first","15":"instock","16":"shipping-taxable","17":"purchasable","18":"product-type-variable"},"_links":{"self":[{"href":"https:\/\/lucacastelli.com\/de\/wp-json\/wp\/v2\/product\/602288","targetHints":{"allow":["GET"]}}],"collection":[{"href":"https:\/\/lucacastelli.com\/de\/wp-json\/wp\/v2\/product"}],"about":[{"href":"https:\/\/lucacastelli.com\/de\/wp-json\/wp\/v2\/types\/product"}],"wp:featuredmedia":[{"embeddable":true,"href":"https:\/\/lucacastelli.com\/de\/wp-json\/wp\/v2\/media\/596117"}],"wp:attachment":[{"href":"https:\/\/lucacastelli.com\/de\/wp-json\/wp\/v2\/media?parent=602288"}],"wp:term":[{"taxonomy":"product_brand","embeddable":true,"href":"https:\/\/lucacastelli.com\/de\/wp-json\/wp\/v2\/product_brand?post=602288"},{"taxonomy":"product_cat","embeddable":true,"href":"https:\/\/lucacastelli.com\/de\/wp-json\/wp\/v2\/product_cat?post=602288"},{"taxonomy":"product_tag","embeddable":true,"href":"https:\/\/lucacastelli.com\/de\/wp-json\/wp\/v2\/product_tag?post=602288"}],"curies":[{"name":"wp","href":"https:\/\/api.w.org\/{rel}","templated":true}]}}