{"id":602089,"date":"2025-08-12T10:01:30","date_gmt":"2025-08-12T08:01:30","guid":{"rendered":"https:\/\/lucacastelli.com\/prodotto\/protos-arborist-mit-f39-visier-10\/"},"modified":"2026-03-25T13:30:55","modified_gmt":"2026-03-25T12:30:55","slug":"protos-arborist-mit-f39-visier-10","status":"publish","type":"product","link":"https:\/\/lucacastelli.com\/de\/produkt\/protos-arborist-mit-f39-visier-10\/","title":{"rendered":"Protos\u00ae Arborist mit F39 Visier"},"content":{"rendered":"<p>Der Protos\u00ae Integral Arborist ist f\u00fcr Arbeiten in der H\u00f6he konzipiert. In einer Umgebung, die h\u00f6chste Konzentration und Aufmerksamkeit erfordert, darf der Helm kein Unbehagen hervorrufen und absolut nicht verrutschen. Dank des tiefen Nackenschutzes bleibt der Helm auch in gekippter Position und bei \u00dcberkopfarbeiten perfekt an seinem Platz und sorgt f\u00fcr einen sicheren Halt. Das gesamte modulare System ist mit nur zwei Fingern verstellbar. Dieses Modell ist au\u00dferdem mit einem Kinnriemen und einem Sto\u00dfd\u00e4mpfer ausgestattet.<br \/>\nVersion mit Protos\u00ae Integral Maclip Kinnriemen (Art. Nr. 204043) Zugelassen nach EN 1078 Fahrradhelm und EN 1077 Skihelm Klasse B<br \/>\nInfo<br \/>\nEine zweifarbige Kopfbedeckung kann die Sichtbarkeit deutlich erh\u00f6hen<br \/>\nVersion F39 mit d\u00fcnnem Visier 39 L\u00f6cher\/cm\u00b2 und G16 mit dickem Visier mit 16 L\u00f6cher\/cm\u00b2.<br \/>\nDer integrierte Geh\u00f6rschutz bietet einen Schalld\u00e4mmungsindex von: SNR=27 dB (H=34dB, M=24dB, L=17dB)<br \/>\nEKAS-Richtlinien<br \/>\nArt. 4.3.1. Die Farbe der Helmschale muss \u00fcberwiegend orange oder signalrot sein. Eine zweite Signalfarbe ist zul\u00e4ssig, sofern sie mit Gelb, Orange oder Rot \u00fcbereinstimmt.<br \/>\nSicherheit und Komfort<br \/>\nAlle Vorteile des Stern-Systems f\u00fcr den Protos Integral sind auch im Modell Arborist vorhanden. Vor allem die innovative Innenstruktur mit Klima-Air-Technologie bietet einen unschlagbaren Mehrwert f\u00fcr den Tr\u00e4ger. Aktive Bel\u00fcftung und ein perfekter Sitz am Kopf machen den Arbeitstag noch angenehmer.        <\/p>\n<p>Material: 50% ABS 50% Polyamid<br \/>\nGewicht: 0,942 kg<br \/>\nGr\u00f6\u00dfe: Einheitsgr\u00f6\u00dfe verstellbar durch patentierten Nackenverschluss<br \/>\nStandard: Kopfumfang 54-62 cm<br \/>\nExtra Gr\u00f6\u00dfe: Kopfumfang: 56-64 cm (auf Anfrage erh\u00e4ltlich)<br \/>\nNormen: EN 397, EN 1077 B, EN 1078, EN 12492, EN 352-3, EN 1731 S, ANSI Z891<br \/>\nSchalld\u00e4mmwert: SNR=27 dB (H=34dB, M=24dB, L=17dB)<\/p>\n","protected":false},"excerpt":{"rendered":"<p>Der Protos\u00ae Integral Arborist ist f\u00fcr Arbeiten in der H\u00f6he konzipiert. In einer Umgebung, die h\u00f6chste Konzentration und Aufmerksamkeit erfordert,<\/p>\n","protected":false},"featured_media":601925,"template":"","meta":{"_seopress_robots_primary_cat":"none","_seopress_titles_title":"","_seopress_titles_desc":"","_seopress_robots_index":""},"product_brand":[3458,4381],"product_cat":[33,537,815],"product_tag":[],"class_list":{"0":"post-602089","1":"product","2":"type-product","3":"status-publish","4":"has-post-thumbnail","6":"product_brand-pfanner","7":"product_brand-protos","8":"product_cat-attrezzature","9":"product_cat-attrezzatura-da-lavoro","10":"product_cat-caschi","11":"sws-gruppo-no-gruppo","12":"sws-conto-ricavi-merci-rivendita-abbigliamento","13":"sws-gruppo-iva-iva81","15":"first","16":"instock","17":"shipping-taxable","18":"purchasable","19":"product-type-variable","20":"has-default-attributes"},"_links":{"self":[{"href":"https:\/\/lucacastelli.com\/de\/wp-json\/wp\/v2\/product\/602089","targetHints":{"allow":["GET"]}}],"collection":[{"href":"https:\/\/lucacastelli.com\/de\/wp-json\/wp\/v2\/product"}],"about":[{"href":"https:\/\/lucacastelli.com\/de\/wp-json\/wp\/v2\/types\/product"}],"wp:featuredmedia":[{"embeddable":true,"href":"https:\/\/lucacastelli.com\/de\/wp-json\/wp\/v2\/media\/601925"}],"wp:attachment":[{"href":"https:\/\/lucacastelli.com\/de\/wp-json\/wp\/v2\/media?parent=602089"}],"wp:term":[{"taxonomy":"product_brand","embeddable":true,"href":"https:\/\/lucacastelli.com\/de\/wp-json\/wp\/v2\/product_brand?post=602089"},{"taxonomy":"product_cat","embeddable":true,"href":"https:\/\/lucacastelli.com\/de\/wp-json\/wp\/v2\/product_cat?post=602089"},{"taxonomy":"product_tag","embeddable":true,"href":"https:\/\/lucacastelli.com\/de\/wp-json\/wp\/v2\/product_tag?post=602089"}],"curies":[{"name":"wp","href":"https:\/\/api.w.org\/{rel}","templated":true}]}}