{"id":601343,"date":"2025-08-11T09:17:47","date_gmt":"2025-08-11T07:17:47","guid":{"rendered":"https:\/\/lucacastelli.com\/prodotto\/milwaukee-handschuh-mit-hoher-widerstandsfaehigkeit-f-cut-cat\/"},"modified":"2025-08-11T09:17:47","modified_gmt":"2025-08-11T07:17:47","slug":"milwaukee-handschuh-mit-hoher-widerstandsfaehigkeit-f-cut-cat","status":"publish","type":"product","link":"https:\/\/lucacastelli.com\/de\/produkt\/milwaukee-handschuh-mit-hoher-widerstandsfaehigkeit-f-cut-cat\/","title":{"rendered":"Milwaukee Handschuh mit hoher Widerstandsf\u00e4higkeit &#8211; F-Cut Cat."},"content":{"rendered":"<p>HOCHWIDERSTANDSHANDSCHUHE KAT.-12 Stck.<br \/>\nEuropas h\u00f6chster Schnittschutz; 18-Gauge-Garn f\u00fcr \u00fcberragende Fingerfertigkeit; hervorragende Griffigkeit dank der nitrilbeschichteten Handfl\u00e4che, die auf \u00f6ligen und nassen Oberfl\u00e4chen besser funktioniert als andere Materialien; hervorragende Atmungsaktivit\u00e4t und ganzt\u00e4giger Komfort;Nitrilverst\u00e4rkung zwischen Daumen und Zeigefinger f\u00fcr Strapazierf\u00e4higkeit an der am st\u00e4rksten beanspruchten Stelle; SMARTSWIPE\u2122 auf der Handfl\u00e4che und den Fingerspitzen &#8211; erm\u00f6glicht die Nutzung von Touchscreen-Ger\u00e4ten, ohne die Handschuhe ausziehen zu m\u00fcssen, w\u00e4hrend sie gesch\u00fctzt bleiben; DMF-frei und REACH-konform; 3-mal waschbar bei 40\u00b0C; Europ\u00e4ische Zertifizierung f\u00fcr mechanischen Schutz: EN ISO 21420 und EN388:2016 (4X43F)<\/p>\n<p>&nbsp;<\/p>\n","protected":false},"excerpt":{"rendered":"<p>HOCHWIDERSTANDSHANDSCHUHE KAT.-12 Stck. Europas h\u00f6chster Schnittschutz; 18-Gauge-Garn f\u00fcr \u00fcberragende Fingerfertigkeit; hervorragende Griffigkeit dank der nitrilbeschichteten Handfl\u00e4che, die auf \u00f6ligen und<\/p>\n","protected":false},"featured_media":554850,"template":"","meta":{"_seopress_robots_primary_cat":"","_seopress_titles_title":"","_seopress_titles_desc":"","_seopress_robots_index":""},"product_brand":[3407],"product_cat":[21,284],"product_tag":[3270],"class_list":{"0":"post-601343","1":"product","2":"type-product","3":"status-publish","4":"has-post-thumbnail","6":"product_brand-milwaukee","7":"product_cat-abbigliamento","8":"product_cat-abbigliamento-da-lavoro","9":"product_tag-import-milwau","10":"sws-gruppo-abb-libero-de","11":"sws-conto-ricavi-merci-rivendita-abbigliamento-de","12":"sws-gruppo-iva-iva81-de","14":"first","15":"instock","16":"shipping-taxable","17":"purchasable","18":"product-type-variable"},"_links":{"self":[{"href":"https:\/\/lucacastelli.com\/de\/wp-json\/wp\/v2\/product\/601343","targetHints":{"allow":["GET"]}}],"collection":[{"href":"https:\/\/lucacastelli.com\/de\/wp-json\/wp\/v2\/product"}],"about":[{"href":"https:\/\/lucacastelli.com\/de\/wp-json\/wp\/v2\/types\/product"}],"wp:featuredmedia":[{"embeddable":true,"href":"https:\/\/lucacastelli.com\/de\/wp-json\/wp\/v2\/media\/554850"}],"wp:attachment":[{"href":"https:\/\/lucacastelli.com\/de\/wp-json\/wp\/v2\/media?parent=601343"}],"wp:term":[{"taxonomy":"product_brand","embeddable":true,"href":"https:\/\/lucacastelli.com\/de\/wp-json\/wp\/v2\/product_brand?post=601343"},{"taxonomy":"product_cat","embeddable":true,"href":"https:\/\/lucacastelli.com\/de\/wp-json\/wp\/v2\/product_cat?post=601343"},{"taxonomy":"product_tag","embeddable":true,"href":"https:\/\/lucacastelli.com\/de\/wp-json\/wp\/v2\/product_tag?post=601343"}],"curies":[{"name":"wp","href":"https:\/\/api.w.org\/{rel}","templated":true}]}}