{"id":601319,"date":"2025-08-11T09:31:06","date_gmt":"2025-08-11T07:31:06","guid":{"rendered":"https:\/\/lucacastelli.com\/prodotto\/milwaukee-handschuhe-mit-hoher-fingerfertigkeit-kat-2\/"},"modified":"2025-08-11T09:31:06","modified_gmt":"2025-08-11T07:31:06","slug":"milwaukee-handschuhe-mit-hoher-fingerfertigkeit-kat-2","status":"publish","type":"product","link":"https:\/\/lucacastelli.com\/de\/produkt\/milwaukee-handschuhe-mit-hoher-fingerfertigkeit-kat-2\/","title":{"rendered":"Milwaukee Handschuhe mit hoher Fingerfertigkeit Kat."},"content":{"rendered":"<p>FINGERFERTIGE HANDSCHUHE KAT. C-12pcs<br \/>\nGarnfeinheit 18 Nadeln, f\u00fcr mehr Fingerfertigkeit und volle Beweglichkeit bei Pr\u00e4zisionsarbeiten;Leichte, d\u00fcnne Handschuhe mit Polyurethan beschichteter Handfl\u00e4che;Hervorragende Atmungsaktivit\u00e4t und ganzt\u00e4giger Tragekomfort;Nitrilverst\u00e4rkung zwischen Daumen und Zeigefinger f\u00fcr zus\u00e4tzliche Haltbarkeit;SMARTSWIPE\u2122 an den Fingerspitzen, erm\u00f6glicht die Nutzung von Touchscreen-Ger\u00e4ten, ohne die Handschuhe ausziehen zu m\u00fcssen;5-mal waschbar, f\u00fcr eine l\u00e4ngere Lebensdauer und reduzierte Kosten und Abfall;Europ\u00e4ische Zertifizierung f\u00fcr mechanischen Schutz: EN ISO 21420, EN388:2016 (3342C) <\/p>\n<p>&nbsp;<\/p>\n","protected":false},"excerpt":{"rendered":"<p>FINGERFERTIGE HANDSCHUHE KAT. C-12pcs Garnfeinheit 18 Nadeln, f\u00fcr mehr Fingerfertigkeit und volle Beweglichkeit bei Pr\u00e4zisionsarbeiten;Leichte, d\u00fcnne Handschuhe mit Polyurethan beschichteter<\/p>\n","protected":false},"featured_media":548882,"template":"","meta":{"_seopress_robots_primary_cat":"none","_seopress_titles_title":"","_seopress_titles_desc":"","_seopress_robots_index":""},"product_brand":[3407],"product_cat":[21,284],"product_tag":[3270],"class_list":{"0":"post-601319","1":"product","2":"type-product","3":"status-publish","4":"has-post-thumbnail","6":"product_brand-milwaukee","7":"product_cat-abbigliamento","8":"product_cat-abbigliamento-da-lavoro","9":"product_tag-import-milwau","10":"sws-gruppo-abb-libero-de","11":"sws-conto-ricavi-merci-rivendita-abbigliamento-de","12":"sws-gruppo-iva-iva81-de","14":"first","15":"instock","16":"shipping-taxable","17":"purchasable","18":"product-type-variable"},"_links":{"self":[{"href":"https:\/\/lucacastelli.com\/de\/wp-json\/wp\/v2\/product\/601319","targetHints":{"allow":["GET"]}}],"collection":[{"href":"https:\/\/lucacastelli.com\/de\/wp-json\/wp\/v2\/product"}],"about":[{"href":"https:\/\/lucacastelli.com\/de\/wp-json\/wp\/v2\/types\/product"}],"wp:featuredmedia":[{"embeddable":true,"href":"https:\/\/lucacastelli.com\/de\/wp-json\/wp\/v2\/media\/548882"}],"wp:attachment":[{"href":"https:\/\/lucacastelli.com\/de\/wp-json\/wp\/v2\/media?parent=601319"}],"wp:term":[{"taxonomy":"product_brand","embeddable":true,"href":"https:\/\/lucacastelli.com\/de\/wp-json\/wp\/v2\/product_brand?post=601319"},{"taxonomy":"product_cat","embeddable":true,"href":"https:\/\/lucacastelli.com\/de\/wp-json\/wp\/v2\/product_cat?post=601319"},{"taxonomy":"product_tag","embeddable":true,"href":"https:\/\/lucacastelli.com\/de\/wp-json\/wp\/v2\/product_tag?post=601319"}],"curies":[{"name":"wp","href":"https:\/\/api.w.org\/{rel}","templated":true}]}}