{"id":601277,"date":"2025-08-11T09:00:12","date_gmt":"2025-08-11T07:00:12","guid":{"rendered":"https:\/\/lucacastelli.com\/prodotto\/milwaukee-handschuhe-mit-hoher-fingerfertigkeit-kat\/"},"modified":"2025-08-11T09:00:12","modified_gmt":"2025-08-11T07:00:12","slug":"milwaukee-handschuhe-mit-hoher-fingerfertigkeit-kat","status":"publish","type":"product","link":"https:\/\/lucacastelli.com\/de\/produkt\/milwaukee-handschuhe-mit-hoher-fingerfertigkeit-kat\/","title":{"rendered":"Milwaukee Handschuhe mit hoher Fingerfertigkeit Kat."},"content":{"rendered":"<p>HIGH RESISTANCE GLOVES &#8211; 1 St\u00fcck<br \/>\nEuropas h\u00f6chster Schnittschutz; 18-Gauge-Garn f\u00fcr \u00fcberragende Fingerfertigkeit; hervorragende Griffigkeit dank der nitrilbeschichteten Handfl\u00e4che, die auf \u00f6ligen und nassen Oberfl\u00e4chen besser funktioniert als andere Materialien; hervorragende Atmungsaktivit\u00e4t und ganzt\u00e4giger Tragekomfort;Nitrilverst\u00e4rkung zwischen Daumen und Zeigefinger f\u00fcr Strapazierf\u00e4higkeit an der am st\u00e4rksten beanspruchten Stelle; SMARTSWIPE\u2122 auf der Handfl\u00e4che und den Fingerspitzen &#8211; erm\u00f6glicht die Nutzung von Touchscreen-Ger\u00e4ten, ohne die Handschuhe ausziehen zu m\u00fcssen, w\u00e4hrend sie gesch\u00fctzt bleiben; DMF-frei und REACH-konform; 3-mal waschbar bei 40\u00b0C; Europ\u00e4ische Zertifizierung f\u00fcr mechanischen Schutz: EN ISO 21420 und EN388:2016 (4X43F)<\/p>\n<p>&nbsp;<\/p>\n","protected":false},"excerpt":{"rendered":"<p>HIGH RESISTANCE GLOVES &#8211; 1 St\u00fcck Europas h\u00f6chster Schnittschutz; 18-Gauge-Garn f\u00fcr \u00fcberragende Fingerfertigkeit; hervorragende Griffigkeit dank der nitrilbeschichteten Handfl\u00e4che, die<\/p>\n","protected":false},"featured_media":554825,"template":"","meta":{"_seopress_robots_primary_cat":"","_seopress_titles_title":"","_seopress_titles_desc":"","_seopress_robots_index":""},"product_brand":[3407],"product_cat":[21,284],"product_tag":[3270],"class_list":{"0":"post-601277","1":"product","2":"type-product","3":"status-publish","4":"has-post-thumbnail","6":"product_brand-milwaukee","7":"product_cat-abbigliamento","8":"product_cat-abbigliamento-da-lavoro","9":"product_tag-import-milwau","10":"sws-gruppo-abb-libero-de","11":"sws-conto-ricavi-merci-rivendita-abbigliamento-de","12":"sws-gruppo-iva-iva81-de","14":"first","15":"instock","16":"shipping-taxable","17":"purchasable","18":"product-type-variable"},"_links":{"self":[{"href":"https:\/\/lucacastelli.com\/de\/wp-json\/wp\/v2\/product\/601277","targetHints":{"allow":["GET"]}}],"collection":[{"href":"https:\/\/lucacastelli.com\/de\/wp-json\/wp\/v2\/product"}],"about":[{"href":"https:\/\/lucacastelli.com\/de\/wp-json\/wp\/v2\/types\/product"}],"wp:featuredmedia":[{"embeddable":true,"href":"https:\/\/lucacastelli.com\/de\/wp-json\/wp\/v2\/media\/554825"}],"wp:attachment":[{"href":"https:\/\/lucacastelli.com\/de\/wp-json\/wp\/v2\/media?parent=601277"}],"wp:term":[{"taxonomy":"product_brand","embeddable":true,"href":"https:\/\/lucacastelli.com\/de\/wp-json\/wp\/v2\/product_brand?post=601277"},{"taxonomy":"product_cat","embeddable":true,"href":"https:\/\/lucacastelli.com\/de\/wp-json\/wp\/v2\/product_cat?post=601277"},{"taxonomy":"product_tag","embeddable":true,"href":"https:\/\/lucacastelli.com\/de\/wp-json\/wp\/v2\/product_tag?post=601277"}],"curies":[{"name":"wp","href":"https:\/\/api.w.org\/{rel}","templated":true}]}}