{"id":601253,"date":"2025-08-11T09:06:33","date_gmt":"2025-08-11T07:06:33","guid":{"rendered":"https:\/\/lucacastelli.com\/prodotto\/milwaukee-high-dexterity-handschuhe-kat-schnitt-b\/"},"modified":"2025-08-11T09:51:27","modified_gmt":"2025-08-11T07:51:27","slug":"milwaukee-high-dexterity-handschuhe-kat-schnitt-b","status":"publish","type":"product","link":"https:\/\/lucacastelli.com\/de\/produkt\/milwaukee-high-dexterity-handschuhe-kat-schnitt-b\/","title":{"rendered":"Milwaukee High Dexterity Handschuhe Kat. Schnitt B"},"content":{"rendered":"<p>FINGERFERTIGE HANDSCHUHE KAT. B &#8211; 1pcs<br \/>\nGarnfeinheit 18 Nadeln, f\u00fcr mehr Fingerfertigkeit und volle Beweglichkeit bei Pr\u00e4zisionsarbeiten;Leichte und d\u00fcnne Handschuhe mit Polyurethan beschichteter Handfl\u00e4che;Hervorragende Atmungsaktivit\u00e4t und ganzt\u00e4giger Tragekomfort;Nitrilverst\u00e4rkung zwischen Daumen und Zeigefinger f\u00fcr zus\u00e4tzliche Haltbarkeit;SMARTSWIPE\u2122 an den Fingerspitzen, erm\u00f6glicht die Nutzung von Touchscreen-Ger\u00e4ten, ohne die Handschuhe ausziehen zu m\u00fcssen;5-mal waschbar, f\u00fcr eine l\u00e4ngere Lebensdauer und reduzierte Kosten und Abfall;Europ\u00e4ische Zertifizierung f\u00fcr mechanischen Schutz: EN ISO 21420, EN388:2016 (3242B) <\/p>\n<p>&nbsp;<\/p>\n","protected":false},"excerpt":{"rendered":"<p>FINGERFERTIGE HANDSCHUHE KAT. B &#8211; 1pcs Garnfeinheit 18 Nadeln, f\u00fcr mehr Fingerfertigkeit und volle Beweglichkeit bei Pr\u00e4zisionsarbeiten;Leichte und d\u00fcnne Handschuhe<\/p>\n","protected":false},"featured_media":601227,"template":"","meta":{"_seopress_robots_primary_cat":"none","_seopress_titles_title":"","_seopress_titles_desc":"","_seopress_robots_index":""},"product_brand":[3656],"product_cat":[1382,82],"product_tag":[3272],"class_list":{"0":"post-601253","1":"product","2":"type-product","3":"status-publish","4":"has-post-thumbnail","6":"product_brand-milwaukee-de","7":"product_cat-arbeitskleidung","8":"product_cat-kleidung","9":"product_tag-import-milwau-de","10":"sws-gruppo-abb-libero-de","11":"sws-conto-ricavi-merci-rivendita-abbigliamento-de","12":"sws-gruppo-iva-iva81-de","14":"first","15":"instock","16":"shipping-taxable","17":"purchasable","18":"product-type-variable"},"_links":{"self":[{"href":"https:\/\/lucacastelli.com\/de\/wp-json\/wp\/v2\/product\/601253","targetHints":{"allow":["GET"]}}],"collection":[{"href":"https:\/\/lucacastelli.com\/de\/wp-json\/wp\/v2\/product"}],"about":[{"href":"https:\/\/lucacastelli.com\/de\/wp-json\/wp\/v2\/types\/product"}],"wp:featuredmedia":[{"embeddable":true,"href":"https:\/\/lucacastelli.com\/de\/wp-json\/wp\/v2\/media\/601227"}],"wp:attachment":[{"href":"https:\/\/lucacastelli.com\/de\/wp-json\/wp\/v2\/media?parent=601253"}],"wp:term":[{"taxonomy":"product_brand","embeddable":true,"href":"https:\/\/lucacastelli.com\/de\/wp-json\/wp\/v2\/product_brand?post=601253"},{"taxonomy":"product_cat","embeddable":true,"href":"https:\/\/lucacastelli.com\/de\/wp-json\/wp\/v2\/product_cat?post=601253"},{"taxonomy":"product_tag","embeddable":true,"href":"https:\/\/lucacastelli.com\/de\/wp-json\/wp\/v2\/product_tag?post=601253"}],"curies":[{"name":"wp","href":"https:\/\/api.w.org\/{rel}","templated":true}]}}