{"id":600265,"date":"2022-06-27T06:32:11","date_gmt":"2022-06-27T04:32:11","guid":{"rendered":"https:\/\/lucacastelli.com\/prodotto\/pfanner-wollfilzhandschuh\/"},"modified":"2022-06-27T06:32:11","modified_gmt":"2022-06-27T04:32:11","slug":"pfanner-wollfilzhandschuh","status":"publish","type":"product","link":"https:\/\/lucacastelli.com\/de\/produkt\/pfanner-wollfilzhandschuh\/","title":{"rendered":"PFANNER Wollfilzhandschuh"},"content":{"rendered":"<p>Wollfilzhandschuhe sind perfekt f\u00fcr kalte Tage, an denen man ab und zu die Fingerspitzen frei haben muss. Sie k\u00f6nnen als Handschuhe, aber auch als fingerlose Handschuhe getragen werden. Die Fingerabdeckung kann \u00fcber einen Druckknopf am Handr\u00fccken befestigt werden. Zudem sind die Strickhandschuhe angenehm zu tragen und verf\u00fcgen \u00fcber eine rutschfeste Innenhand.   <\/p>\n<p>&#8211; Extra dicker gestrickter<br \/>\n Filzhandschuh &#8211; Kann als F\u00e4ustling oder mit freien<br \/>\n Fingern getragen werden &#8211; Verst\u00e4rkte, rutschfeste<br \/>\n Handfl\u00e4che &#8211; PrimaLoft\u00ae Gold Futter<\/p>\n<p>58 % Acryl, 24 % Nylon, 15 % Wolle, 3 % Elasthan<br \/>\nFutter: 100 % PrimaLoft\u00ae Gold<\/p>\n","protected":false},"excerpt":{"rendered":"<p>Wollfilzhandschuhe sind perfekt f\u00fcr kalte Tage, an denen man ab und zu die Fingerspitzen frei haben muss. Sie k\u00f6nnen als<\/p>\n","protected":false},"featured_media":71989,"template":"","meta":{"_seopress_robots_primary_cat":"","_seopress_titles_title":"","_seopress_titles_desc":"","_seopress_robots_index":""},"product_brand":[3670],"product_cat":[1391,82],"product_tag":[],"class_list":{"0":"post-600265","1":"product","2":"type-product","3":"status-publish","4":"has-post-thumbnail","6":"product_brand-pfanner-de","7":"product_cat-bekleidungs-accessoires","8":"product_cat-kleidung","9":"sws-gruppo-no-gruppo","10":"sws-categoria-sito","11":"sws-sottocategoria-altro","12":"sws-conto-ricavi-merci-rivendita-abbigliamento","13":"sws-gruppo-iva-iva81","15":"first","16":"outofstock","17":"shipping-taxable","18":"product-type-variable"},"_links":{"self":[{"href":"https:\/\/lucacastelli.com\/de\/wp-json\/wp\/v2\/product\/600265","targetHints":{"allow":["GET"]}}],"collection":[{"href":"https:\/\/lucacastelli.com\/de\/wp-json\/wp\/v2\/product"}],"about":[{"href":"https:\/\/lucacastelli.com\/de\/wp-json\/wp\/v2\/types\/product"}],"wp:featuredmedia":[{"embeddable":true,"href":"https:\/\/lucacastelli.com\/de\/wp-json\/wp\/v2\/media\/71989"}],"wp:attachment":[{"href":"https:\/\/lucacastelli.com\/de\/wp-json\/wp\/v2\/media?parent=600265"}],"wp:term":[{"taxonomy":"product_brand","embeddable":true,"href":"https:\/\/lucacastelli.com\/de\/wp-json\/wp\/v2\/product_brand?post=600265"},{"taxonomy":"product_cat","embeddable":true,"href":"https:\/\/lucacastelli.com\/de\/wp-json\/wp\/v2\/product_cat?post=600265"},{"taxonomy":"product_tag","embeddable":true,"href":"https:\/\/lucacastelli.com\/de\/wp-json\/wp\/v2\/product_tag?post=600265"}],"curies":[{"name":"wp","href":"https:\/\/api.w.org\/{rel}","templated":true}]}}