{"id":600255,"date":"2022-06-27T06:38:10","date_gmt":"2022-06-27T04:38:10","guid":{"rendered":"https:\/\/lucacastelli.com\/prodotto\/pfanner-wollmuetze\/"},"modified":"2026-03-14T00:15:26","modified_gmt":"2026-03-13T23:15:26","slug":"pfanner-wollmuetze","status":"publish","type":"product","link":"https:\/\/lucacastelli.com\/de\/produkt\/pfanner-wollmuetze\/","title":{"rendered":"Pfanner Wollm\u00fctze"},"content":{"rendered":"<p>&#8211; Extra dicke gestrickte<br \/>\n doppelte Wollfilzm\u00fctze &#8211; F\u00fcr extrem kalte<br \/>\n Tage &#8211; Rechts-Rechts-Strick<br \/>\n &#8211; 100%<br \/>\n Formbest\u00e4ndigkeit &#8211; Nahtloses Finish<\/p>\n<p>Extra dicker doppelter Wollfilz f\u00fcr extrem kalte Tage. Perfekt f\u00fcr die Extreme mit dem Rechts-Rechts-Filzstrick und dem 1\/1 Geschirr. Das Design sorgt f\u00fcr eine eng anliegende Passform am Kopf. Durch die fugenlose Verarbeitung wird ein st\u00f6rendes Druckgef\u00fchl vermieden.   <\/p>\n<p>Material<br \/>\n58 % Acryl, 24 % Nylon, 15 % Wolle, 3 % Elasthan<\/p>\n<p>Abmessungen<br \/>\nEinheitsgr\u00f6\u00dfe<\/p>\n","protected":false},"excerpt":{"rendered":"<p>&#8211; Extra dicke gestrickte doppelte Wollfilzm\u00fctze &#8211; F\u00fcr extrem kalte Tage &#8211; Rechts-Rechts-Strick &#8211; 100% Formbest\u00e4ndigkeit &#8211; Nahtloses Finish Extra<\/p>\n","protected":false},"featured_media":71999,"template":"","meta":{"_seopress_robots_primary_cat":"none","_seopress_titles_title":"","_seopress_titles_desc":"","_seopress_robots_index":""},"product_brand":[3670],"product_cat":[1391,82],"product_tag":[],"class_list":{"0":"post-600255","1":"product","2":"type-product","3":"status-publish","4":"has-post-thumbnail","6":"product_brand-pfanner-de","7":"product_cat-bekleidungs-accessoires","8":"product_cat-kleidung","9":"sws-gruppo-no-gruppo","10":"sws-categoria-sito","11":"sws-sottocategoria-altro","12":"sws-conto-ricavi-merci-rivendita-abbigliamento","13":"sws-gruppo-iva-iva81","15":"first","16":"outofstock","17":"shipping-taxable","18":"purchasable","19":"product-type-variable","20":"has-default-attributes"},"_links":{"self":[{"href":"https:\/\/lucacastelli.com\/de\/wp-json\/wp\/v2\/product\/600255","targetHints":{"allow":["GET"]}}],"collection":[{"href":"https:\/\/lucacastelli.com\/de\/wp-json\/wp\/v2\/product"}],"about":[{"href":"https:\/\/lucacastelli.com\/de\/wp-json\/wp\/v2\/types\/product"}],"wp:featuredmedia":[{"embeddable":true,"href":"https:\/\/lucacastelli.com\/de\/wp-json\/wp\/v2\/media\/71999"}],"wp:attachment":[{"href":"https:\/\/lucacastelli.com\/de\/wp-json\/wp\/v2\/media?parent=600255"}],"wp:term":[{"taxonomy":"product_brand","embeddable":true,"href":"https:\/\/lucacastelli.com\/de\/wp-json\/wp\/v2\/product_brand?post=600255"},{"taxonomy":"product_cat","embeddable":true,"href":"https:\/\/lucacastelli.com\/de\/wp-json\/wp\/v2\/product_cat?post=600255"},{"taxonomy":"product_tag","embeddable":true,"href":"https:\/\/lucacastelli.com\/de\/wp-json\/wp\/v2\/product_tag?post=600255"}],"curies":[{"name":"wp","href":"https:\/\/api.w.org\/{rel}","templated":true}]}}