{"id":600231,"date":"2022-06-27T06:52:09","date_gmt":"2022-06-27T04:52:09","guid":{"rendered":"https:\/\/lucacastelli.com\/prodotto\/pfanner-holzer-tanktop\/"},"modified":"2025-09-03T08:17:24","modified_gmt":"2025-09-03T06:17:24","slug":"pfanner-holzer-tanktop","status":"publish","type":"product","link":"https:\/\/lucacastelli.com\/de\/produkt\/pfanner-holzer-tanktop\/","title":{"rendered":"Pfanner Holzer TankTop 3er Set Tank Tops"},"content":{"rendered":"<p>&#8211; Schulter-zu-Schulter-Nackenband f\u00fcr besseren<br \/>\n Formhalt &#8211; ohne Seitenn\u00e4hte<br \/>\n &#8211; auch als Unterw\u00e4sche<br \/>\n geeignet &#8211; mit Holzer-Logo auf der linken Brustseite<\/p>\n","protected":false},"excerpt":{"rendered":"<p>&#8211; Schulter-zu-Schulter-Nackenband f\u00fcr besseren Formhalt &#8211; ohne Seitenn\u00e4hte &#8211; auch als Unterw\u00e4sche geeignet &#8211; mit Holzer-Logo auf der linken Brustseite<\/p>\n","protected":false},"featured_media":618091,"template":"","meta":{"_seopress_robots_primary_cat":"none","_seopress_titles_title":"","_seopress_titles_desc":"","_seopress_robots_index":""},"product_brand":[3670],"product_cat":[1382,82],"product_tag":[],"class_list":{"0":"post-600231","1":"product","2":"type-product","3":"status-publish","4":"has-post-thumbnail","6":"product_brand-pfanner-de","7":"product_cat-arbeitskleidung","8":"product_cat-kleidung","9":"sws-gruppo-no-gruppo-de","10":"sws-categoria-sito-de","11":"sws-sottocategoria-altro-de","12":"sws-conto-ricavi-merci-rivendita-abbigliamento-de","13":"sws-gruppo-iva-iva81-de","15":"first","16":"instock","17":"shipping-taxable","18":"purchasable","19":"product-type-variable"},"_links":{"self":[{"href":"https:\/\/lucacastelli.com\/de\/wp-json\/wp\/v2\/product\/600231","targetHints":{"allow":["GET"]}}],"collection":[{"href":"https:\/\/lucacastelli.com\/de\/wp-json\/wp\/v2\/product"}],"about":[{"href":"https:\/\/lucacastelli.com\/de\/wp-json\/wp\/v2\/types\/product"}],"wp:featuredmedia":[{"embeddable":true,"href":"https:\/\/lucacastelli.com\/de\/wp-json\/wp\/v2\/media\/618091"}],"wp:attachment":[{"href":"https:\/\/lucacastelli.com\/de\/wp-json\/wp\/v2\/media?parent=600231"}],"wp:term":[{"taxonomy":"product_brand","embeddable":true,"href":"https:\/\/lucacastelli.com\/de\/wp-json\/wp\/v2\/product_brand?post=600231"},{"taxonomy":"product_cat","embeddable":true,"href":"https:\/\/lucacastelli.com\/de\/wp-json\/wp\/v2\/product_cat?post=600231"},{"taxonomy":"product_tag","embeddable":true,"href":"https:\/\/lucacastelli.com\/de\/wp-json\/wp\/v2\/product_tag?post=600231"}],"curies":[{"name":"wp","href":"https:\/\/api.w.org\/{rel}","templated":true}]}}