{"id":600217,"date":"2022-06-27T06:57:10","date_gmt":"2022-06-27T04:57:10","guid":{"rendered":"https:\/\/lucacastelli.com\/prodotto\/pfanner-t-shirt-set-2er\/"},"modified":"2022-06-27T06:57:10","modified_gmt":"2022-06-27T04:57:10","slug":"pfanner-t-shirt-set-2er","status":"publish","type":"product","link":"https:\/\/lucacastelli.com\/de\/produkt\/pfanner-t-shirt-set-2er\/","title":{"rendered":"PFANNER T-Shirt-Set (2er)"},"content":{"rendered":"<p>Passform, Komfort und Formbest\u00e4ndigkeit werden durch den durchgehenden Kragen erh\u00f6ht. <\/p>\n<p>Material:<br \/>\nAschgrau: 85% Baumwolle, 15% Viskose;<br \/>\nSchwarz gl\u00e4nzend: 80 % Baumwolle, 20 % Polyester<\/p>\n","protected":false},"excerpt":{"rendered":"<p>Passform, Komfort und Formbest\u00e4ndigkeit werden durch den durchgehenden Kragen erh\u00f6ht. Material: Aschgrau: 85% Baumwolle, 15% Viskose; Schwarz gl\u00e4nzend: 80 %<\/p>\n","protected":false},"featured_media":40736,"template":"","meta":{"_seopress_robots_primary_cat":"","_seopress_titles_title":"","_seopress_titles_desc":"","_seopress_robots_index":""},"product_brand":[3670],"product_cat":[1382,82],"product_tag":[],"class_list":{"0":"post-600217","1":"product","2":"type-product","3":"status-publish","4":"has-post-thumbnail","6":"product_brand-pfanner-de","7":"product_cat-arbeitskleidung","8":"product_cat-kleidung","9":"sws-gruppo-no-gruppo-de","10":"sws-categoria-sito-de","11":"sws-sottocategoria-altro-de","12":"sws-conto-ricavi-merci-rivendita-abbigliamento-de","13":"sws-gruppo-iva-iva81-de","15":"first","16":"onbackorder","17":"shipping-taxable","18":"purchasable","19":"product-type-variable"},"_links":{"self":[{"href":"https:\/\/lucacastelli.com\/de\/wp-json\/wp\/v2\/product\/600217","targetHints":{"allow":["GET"]}}],"collection":[{"href":"https:\/\/lucacastelli.com\/de\/wp-json\/wp\/v2\/product"}],"about":[{"href":"https:\/\/lucacastelli.com\/de\/wp-json\/wp\/v2\/types\/product"}],"wp:featuredmedia":[{"embeddable":true,"href":"https:\/\/lucacastelli.com\/de\/wp-json\/wp\/v2\/media\/40736"}],"wp:attachment":[{"href":"https:\/\/lucacastelli.com\/de\/wp-json\/wp\/v2\/media?parent=600217"}],"wp:term":[{"taxonomy":"product_brand","embeddable":true,"href":"https:\/\/lucacastelli.com\/de\/wp-json\/wp\/v2\/product_brand?post=600217"},{"taxonomy":"product_cat","embeddable":true,"href":"https:\/\/lucacastelli.com\/de\/wp-json\/wp\/v2\/product_cat?post=600217"},{"taxonomy":"product_tag","embeddable":true,"href":"https:\/\/lucacastelli.com\/de\/wp-json\/wp\/v2\/product_tag?post=600217"}],"curies":[{"name":"wp","href":"https:\/\/api.w.org\/{rel}","templated":true}]}}