{"id":600207,"date":"2022-06-30T11:00:17","date_gmt":"2022-06-30T09:00:17","guid":{"rendered":"https:\/\/lucacastelli.com\/prodotto\/pfanner-protos-integral-maclip-kinnriemen\/"},"modified":"2026-04-18T01:24:53","modified_gmt":"2026-04-17T23:24:53","slug":"pfanner-protos-integral-maclip-kinnriemen","status":"publish","type":"product","link":"https:\/\/lucacastelli.com\/de\/produkt\/pfanner-protos-integral-maclip-kinnriemen\/","title":{"rendered":"PFANNER Protos Integral Maclip Kinnriemen"},"content":{"rendered":"<p>Der Kinnriemen passt auf die Helmschale des Protos\u00ae Integral. Der Kinnriemen kann in den vorgefertigten \u00d6sen des Protos\u00ae mittels Druckkn\u00f6pfen befestigt werden. Die Riemenf\u00fchrung an der Nackenschale gew\u00e4hrleistet einen problemlosen Sitz des Kinnriemens. Zudem verhindert sie ein Verrutschen unter dem Geh\u00f6rschutz. Magnetisches Verschlusssystem.   <\/p>\n<p>Bei t\u00e4glicher Nutzung wird empfohlen, den Kinnriemen alle 1\u20132 Jahre zu ersetzen.<\/p>\n","protected":false},"excerpt":{"rendered":"<p>Der Kinnriemen passt auf die Helmschale des Protos\u00ae Integral. Der Kinnriemen kann in den vorgefertigten \u00d6sen des Protos\u00ae mittels Druckkn\u00f6pfen<\/p>\n","protected":false},"featured_media":72829,"template":"","meta":{"_seopress_robots_primary_cat":"none","_seopress_titles_title":"","_seopress_titles_desc":"","_seopress_robots_index":""},"product_brand":[3670,4720],"product_cat":[150,1396,1404,1411],"product_tag":[],"class_list":{"0":"post-600207","1":"product","2":"type-product","3":"status-publish","4":"has-post-thumbnail","6":"product_brand-pfanner-de","7":"product_brand-protos-de","8":"product_cat-ausrustung","9":"product_cat-arbeitsausrustung","10":"product_cat-helme","11":"product_cat-visiere-und-schutzbrillen","12":"sws-gruppo-no-gruppo-de","13":"sws-categoria-sito-de","14":"sws-sottocategoria-altro-de","15":"sws-conto-ricavi-merci-rivendita-abbigliamento-de","16":"sws-gruppo-iva-iva81-de","18":"first","19":"instock","20":"shipping-taxable","21":"purchasable","22":"product-type-simple"},"_links":{"self":[{"href":"https:\/\/lucacastelli.com\/de\/wp-json\/wp\/v2\/product\/600207","targetHints":{"allow":["GET"]}}],"collection":[{"href":"https:\/\/lucacastelli.com\/de\/wp-json\/wp\/v2\/product"}],"about":[{"href":"https:\/\/lucacastelli.com\/de\/wp-json\/wp\/v2\/types\/product"}],"wp:featuredmedia":[{"embeddable":true,"href":"https:\/\/lucacastelli.com\/de\/wp-json\/wp\/v2\/media\/72829"}],"wp:attachment":[{"href":"https:\/\/lucacastelli.com\/de\/wp-json\/wp\/v2\/media?parent=600207"}],"wp:term":[{"taxonomy":"product_brand","embeddable":true,"href":"https:\/\/lucacastelli.com\/de\/wp-json\/wp\/v2\/product_brand?post=600207"},{"taxonomy":"product_cat","embeddable":true,"href":"https:\/\/lucacastelli.com\/de\/wp-json\/wp\/v2\/product_cat?post=600207"},{"taxonomy":"product_tag","embeddable":true,"href":"https:\/\/lucacastelli.com\/de\/wp-json\/wp\/v2\/product_tag?post=600207"}],"curies":[{"name":"wp","href":"https:\/\/api.w.org\/{rel}","templated":true}]}}