{"id":599736,"date":"2022-06-30T10:54:12","date_gmt":"2022-06-30T08:54:12","guid":{"rendered":"https:\/\/lucacastelli.com\/prodotto\/pfanner-gehoerschutz-daemmeinlage\/"},"modified":"2026-04-18T01:39:18","modified_gmt":"2026-04-17T23:39:18","slug":"pfanner-gehoerschutz-daemmeinlage","status":"publish","type":"product","link":"https:\/\/lucacastelli.com\/de\/produkt\/pfanner-gehoerschutz-daemmeinlage\/","title":{"rendered":"PFANNER Geh\u00f6rschutz D\u00e4mmeinlage"},"content":{"rendered":"<p>D\u00e4mmeinlage f\u00fcr Protos Geh\u00f6rschutz<\/p>\n<p>Aus Hygienegr\u00fcnden sollten die Auflagepolster und D\u00e4mmeinlagen regelm\u00e4\u00dfig ausgetauscht werden.<\/p>\n","protected":false},"excerpt":{"rendered":"<p>D\u00e4mmeinlage f\u00fcr Protos Geh\u00f6rschutz Aus Hygienegr\u00fcnden sollten die Auflagepolster und D\u00e4mmeinlagen regelm\u00e4\u00dfig ausgetauscht werden.<\/p>\n","protected":false},"featured_media":72824,"template":"","meta":{"_seopress_robots_primary_cat":"none","_seopress_titles_title":"","_seopress_titles_desc":"","_seopress_robots_index":""},"product_brand":[3670,4720],"product_cat":[150,1396,1404,1411],"product_tag":[],"class_list":{"0":"post-599736","1":"product","2":"type-product","3":"status-publish","4":"has-post-thumbnail","6":"product_brand-pfanner-de","7":"product_brand-protos-de","8":"product_cat-ausrustung","9":"product_cat-arbeitsausrustung","10":"product_cat-helme","11":"product_cat-visiere-und-schutzbrillen","12":"sws-gruppo-no-gruppo-de","13":"sws-categoria-sito-de","14":"sws-sottocategoria-altro-de","15":"sws-conto-ricavi-merci-rivendita-abbigliamento-de","16":"sws-gruppo-iva-iva81-de","18":"first","19":"instock","20":"shipping-taxable","21":"purchasable","22":"product-type-simple"},"_links":{"self":[{"href":"https:\/\/lucacastelli.com\/de\/wp-json\/wp\/v2\/product\/599736","targetHints":{"allow":["GET"]}}],"collection":[{"href":"https:\/\/lucacastelli.com\/de\/wp-json\/wp\/v2\/product"}],"about":[{"href":"https:\/\/lucacastelli.com\/de\/wp-json\/wp\/v2\/types\/product"}],"wp:featuredmedia":[{"embeddable":true,"href":"https:\/\/lucacastelli.com\/de\/wp-json\/wp\/v2\/media\/72824"}],"wp:attachment":[{"href":"https:\/\/lucacastelli.com\/de\/wp-json\/wp\/v2\/media?parent=599736"}],"wp:term":[{"taxonomy":"product_brand","embeddable":true,"href":"https:\/\/lucacastelli.com\/de\/wp-json\/wp\/v2\/product_brand?post=599736"},{"taxonomy":"product_cat","embeddable":true,"href":"https:\/\/lucacastelli.com\/de\/wp-json\/wp\/v2\/product_cat?post=599736"},{"taxonomy":"product_tag","embeddable":true,"href":"https:\/\/lucacastelli.com\/de\/wp-json\/wp\/v2\/product_tag?post=599736"}],"curies":[{"name":"wp","href":"https:\/\/api.w.org\/{rel}","templated":true}]}}