{"id":599414,"date":"2022-06-27T06:46:11","date_gmt":"2022-06-27T04:46:11","guid":{"rendered":"https:\/\/lucacastelli.com\/prodotto\/pfanner-lederguerteleder\/"},"modified":"2022-06-27T06:46:11","modified_gmt":"2022-06-27T04:46:11","slug":"pfanner-lederguerteleder","status":"publish","type":"product","link":"https:\/\/lucacastelli.com\/de\/produkt\/pfanner-lederguerteleder\/","title":{"rendered":"PFANNER Lederg\u00fcrteleder"},"content":{"rendered":"<p>Edler G\u00fcrtel aus 4 mm dickem braunem Juchtenleder. Mit der Schraube an der Schnalle l\u00e4sst sich die L\u00e4nge des G\u00fcrtels leicht einstellen, ohne die Pr\u00e4gung an der G\u00fcrtelspitze zu besch\u00e4digen. <\/p>\n","protected":false},"excerpt":{"rendered":"<p>Edler G\u00fcrtel aus 4 mm dickem braunem Juchtenleder. Mit der Schraube an der Schnalle l\u00e4sst sich die L\u00e4nge des G\u00fcrtels<\/p>\n","protected":false},"featured_media":72013,"template":"","meta":{"_seopress_robots_primary_cat":"none","_seopress_titles_title":"","_seopress_titles_desc":"","_seopress_robots_index":""},"product_brand":[3670],"product_cat":[1391,82],"product_tag":[],"class_list":{"0":"post-599414","1":"product","2":"type-product","3":"status-publish","4":"has-post-thumbnail","6":"product_brand-pfanner-de","7":"product_cat-bekleidungs-accessoires","8":"product_cat-kleidung","9":"sws-gruppo-no-gruppo-de","10":"sws-categoria-sito-de","11":"sws-sottocategoria-altro-de","12":"sws-conto-ricavi-merci-rivendita-abbigliamento-de","13":"sws-gruppo-iva-iva81-de","15":"first","16":"outofstock","17":"shipping-taxable","18":"product-type-variable"},"_links":{"self":[{"href":"https:\/\/lucacastelli.com\/de\/wp-json\/wp\/v2\/product\/599414","targetHints":{"allow":["GET"]}}],"collection":[{"href":"https:\/\/lucacastelli.com\/de\/wp-json\/wp\/v2\/product"}],"about":[{"href":"https:\/\/lucacastelli.com\/de\/wp-json\/wp\/v2\/types\/product"}],"wp:featuredmedia":[{"embeddable":true,"href":"https:\/\/lucacastelli.com\/de\/wp-json\/wp\/v2\/media\/72013"}],"wp:attachment":[{"href":"https:\/\/lucacastelli.com\/de\/wp-json\/wp\/v2\/media?parent=599414"}],"wp:term":[{"taxonomy":"product_brand","embeddable":true,"href":"https:\/\/lucacastelli.com\/de\/wp-json\/wp\/v2\/product_brand?post=599414"},{"taxonomy":"product_cat","embeddable":true,"href":"https:\/\/lucacastelli.com\/de\/wp-json\/wp\/v2\/product_cat?post=599414"},{"taxonomy":"product_tag","embeddable":true,"href":"https:\/\/lucacastelli.com\/de\/wp-json\/wp\/v2\/product_tag?post=599414"}],"curies":[{"name":"wp","href":"https:\/\/api.w.org\/{rel}","templated":true}]}}