{"id":599396,"date":"2025-08-05T12:56:59","date_gmt":"2025-08-05T10:56:59","guid":{"rendered":"https:\/\/lucacastelli.com\/prodotto\/pfanner-ventilation-jacke-waldgruen\/"},"modified":"2026-04-16T01:06:49","modified_gmt":"2026-04-15T23:06:49","slug":"pfanner-ventilation-jacke-waldgruen","status":"publish","type":"product","link":"https:\/\/lucacastelli.com\/de\/produkt\/pfanner-ventilation-jacke-waldgruen\/","title":{"rendered":"PFANNER Ventilation Jacke waldgr\u00fcn"},"content":{"rendered":"<p>Die extrem leichte Ventilation Jacke wurde f\u00fcr die heissesten Arbeitstage entwickelt. Die atmungsaktive StretchAIR\u00ae-Technologie garantiert maximale Bewegungsfreiheit und Atmungsaktivit\u00e4t. Die KlimaAIR-Technologie sorgt f\u00fcr die Bel\u00fcftung der Jacke, die durch die 50 cm langen Bel\u00fcftungs\u00f6ffnungen im Achselbereich zus\u00e4tzlich maximiert werden kann. Die Zipp2Zipp\u00ae-Brusttasche bietet leicht zug\u00e4nglichen Stauraum. Die hoch positionierten Bauchtaschen sind auch mit Werkzeugg\u00fcrtel und Tragesystem gut erreichbar.<br \/>\n-StretchAIR\u00ae-Technologie<br \/>\n-KlimaAIR-Technologie<br \/>\n-Maximale Bewegungsfreiheit<br \/>\n-Wasserabweisendes und schmutzabweisendes Aussenmaterial<br \/>\n-50 cm lange Achselbel\u00fcftung<br \/>\n-Elastische Funktionsb\u00fcndchen<br \/>\n-Hoher Kragen<br \/>\n-Zipp2Zipp\u00ae-Brusttasche<br \/>\n-Reflektierende Streifen<br \/>\n-Zertifizierte Warnfarbe EN 20471 \/ Klasse 2 (orangefarbene Version)    <\/p>\n<p>Material:<br \/>\nAussenmaterial: 90% Polyamid, 10% Elastan<br \/>\nAussenmaterial orange: 83% EME-Lycra, 17% Polyester<br \/>\nFutter: 100% Polyester Cocona<br \/>\nNormen<br \/>\nEN 20471 \/ Klasse 2 (nur orangefarbene Version)<\/p>\n","protected":false},"excerpt":{"rendered":"<p>Die extrem leichte Ventilation Jacke wurde f\u00fcr die heissesten Arbeitstage entwickelt. Die atmungsaktive StretchAIR\u00ae-Technologie garantiert maximale Bewegungsfreiheit und Atmungsaktivit\u00e4t. Die<\/p>\n","protected":false},"featured_media":593783,"template":"","meta":{"_seopress_robots_primary_cat":"none","_seopress_titles_title":"","_seopress_titles_desc":"","_seopress_robots_index":""},"product_brand":[3458],"product_cat":[21,284],"product_tag":[],"class_list":{"0":"post-599396","1":"product","2":"type-product","3":"status-publish","4":"has-post-thumbnail","6":"product_brand-pfanner","7":"product_cat-abbigliamento","8":"product_cat-abbigliamento-da-lavoro","9":"sws-gruppo-no-gruppo-de","10":"sws-conto-ricavi-merci-rivendita-abbigliamento-de","11":"sws-gruppo-iva-iva81-de","13":"first","14":"instock","15":"shipping-taxable","16":"purchasable","17":"product-type-variable","18":"has-default-attributes"},"_links":{"self":[{"href":"https:\/\/lucacastelli.com\/de\/wp-json\/wp\/v2\/product\/599396","targetHints":{"allow":["GET"]}}],"collection":[{"href":"https:\/\/lucacastelli.com\/de\/wp-json\/wp\/v2\/product"}],"about":[{"href":"https:\/\/lucacastelli.com\/de\/wp-json\/wp\/v2\/types\/product"}],"wp:featuredmedia":[{"embeddable":true,"href":"https:\/\/lucacastelli.com\/de\/wp-json\/wp\/v2\/media\/593783"}],"wp:attachment":[{"href":"https:\/\/lucacastelli.com\/de\/wp-json\/wp\/v2\/media?parent=599396"}],"wp:term":[{"taxonomy":"product_brand","embeddable":true,"href":"https:\/\/lucacastelli.com\/de\/wp-json\/wp\/v2\/product_brand?post=599396"},{"taxonomy":"product_cat","embeddable":true,"href":"https:\/\/lucacastelli.com\/de\/wp-json\/wp\/v2\/product_cat?post=599396"},{"taxonomy":"product_tag","embeddable":true,"href":"https:\/\/lucacastelli.com\/de\/wp-json\/wp\/v2\/product_tag?post=599396"}],"curies":[{"name":"wp","href":"https:\/\/api.w.org\/{rel}","templated":true}]}}