{"id":599366,"date":"2025-08-05T13:00:06","date_gmt":"2025-08-05T11:00:06","guid":{"rendered":"https:\/\/lucacastelli.com\/prodotto\/pfanner-ventilation-jacke-en-20471-leuchtend-orange\/"},"modified":"2026-04-16T01:06:33","modified_gmt":"2026-04-15T23:06:33","slug":"pfanner-ventilation-jacke-en-20471-leuchtend-orange","status":"publish","type":"product","link":"https:\/\/lucacastelli.com\/de\/produkt\/pfanner-ventilation-jacke-en-20471-leuchtend-orange\/","title":{"rendered":"PFANNER Ventilation Jacke EN 20471 &#8211; leuchtend orange"},"content":{"rendered":"<p>Die extrem leichte Ventilation Jacke wurde f\u00fcr besonders hei\u00dfe Arbeitstage entwickelt. Die atmungsaktive StretchAIR\u00ae Technologie garantiert maximale Bewegungsfreiheit und Atmungsaktivit\u00e4t. Die KlimaAIR\u00ae Technologie sorgt f\u00fcr die Bel\u00fcftung der Jacke, die durch 50 cm lange Bel\u00fcftungsschlitze im Achselbereich zus\u00e4tzlich maximiert werden kann. Die Zipp2Zipp\u00ae Brusttasche bietet leicht zug\u00e4nglichen Stauraum. Die hoch angesetzten Bauchtaschen sind auch mit Werkzeug- und Klettergurt leicht zug\u00e4nglich.<br \/>\n-StretchAIR\u00ae Technologie<br \/>\n-KlimaAIR\u00ae Technologie<br \/>\n-Maximale Bewegungsfreiheit<br \/>\n-Wasser- und schmutzabweisender Oberstoff<br \/>\n-50 cm lange Achselbel\u00fcftung<br \/>\n-Funktionelle Stretch-\u00c4rmelb\u00fcndchen<br \/>\n-Hoher Kragen<br \/>\n-Zipp2Zipp\u00ae Brusttasche<br \/>\n-Reflexstreifen<br \/>\n-Zertifizierte Warnfarbe EN 20471 \/ Klasse 2 (Ausf\u00fchrung Orange)    <\/p>\n<p>Material:<br \/>\nObermaterial: 90 % Polyamid, 10 % Elasthan<br \/>\nObermaterial Orange: 83 % EME-Lycra, 17 % Polyester<br \/>\nFutter: 100 % Cocona Polyester<br \/>\nNormen<br \/>\nEN 20471 \/ Klasse 2 (nur Ausf\u00fchrung Orange)<\/p>\n","protected":false},"excerpt":{"rendered":"<p>Die extrem leichte Ventilation Jacke wurde f\u00fcr besonders hei\u00dfe Arbeitstage entwickelt. Die atmungsaktive StretchAIR\u00ae Technologie garantiert maximale Bewegungsfreiheit und Atmungsaktivit\u00e4t.<\/p>\n","protected":false},"featured_media":593779,"template":"","meta":{"_seopress_robots_primary_cat":"none","_seopress_titles_title":"","_seopress_titles_desc":"","_seopress_robots_index":""},"product_brand":[3458],"product_cat":[21,284],"product_tag":[],"class_list":{"0":"post-599366","1":"product","2":"type-product","3":"status-publish","4":"has-post-thumbnail","6":"product_brand-pfanner","7":"product_cat-abbigliamento","8":"product_cat-abbigliamento-da-lavoro","9":"sws-gruppo-no-gruppo-de","10":"sws-conto-ricavi-merci-rivendita-abbigliamento-de","11":"sws-gruppo-iva-iva81-de","13":"first","14":"instock","15":"shipping-taxable","16":"purchasable","17":"product-type-variable","18":"has-default-attributes"},"_links":{"self":[{"href":"https:\/\/lucacastelli.com\/de\/wp-json\/wp\/v2\/product\/599366","targetHints":{"allow":["GET"]}}],"collection":[{"href":"https:\/\/lucacastelli.com\/de\/wp-json\/wp\/v2\/product"}],"about":[{"href":"https:\/\/lucacastelli.com\/de\/wp-json\/wp\/v2\/types\/product"}],"wp:featuredmedia":[{"embeddable":true,"href":"https:\/\/lucacastelli.com\/de\/wp-json\/wp\/v2\/media\/593779"}],"wp:attachment":[{"href":"https:\/\/lucacastelli.com\/de\/wp-json\/wp\/v2\/media?parent=599366"}],"wp:term":[{"taxonomy":"product_brand","embeddable":true,"href":"https:\/\/lucacastelli.com\/de\/wp-json\/wp\/v2\/product_brand?post=599366"},{"taxonomy":"product_cat","embeddable":true,"href":"https:\/\/lucacastelli.com\/de\/wp-json\/wp\/v2\/product_cat?post=599366"},{"taxonomy":"product_tag","embeddable":true,"href":"https:\/\/lucacastelli.com\/de\/wp-json\/wp\/v2\/product_tag?post=599366"}],"curies":[{"name":"wp","href":"https:\/\/api.w.org\/{rel}","templated":true}]}}