{"id":599277,"date":"2025-08-05T12:44:19","date_gmt":"2025-08-05T10:44:19","guid":{"rendered":"https:\/\/lucacastelli.com\/prodotto\/pfanner-ventilation-jacke-grau-rot\/"},"modified":"2025-09-04T00:05:36","modified_gmt":"2025-09-03T22:05:36","slug":"pfanner-ventilation-jacke-grau-rot","status":"publish","type":"product","link":"https:\/\/lucacastelli.com\/de\/produkt\/pfanner-ventilation-jacke-grau-rot\/","title":{"rendered":"PFANNER Ventilation Jacke grau &#8211; rot"},"content":{"rendered":"<p>Die extrem leichte Ventilation Jacke ist f\u00fcr die hei\u00dfesten Arbeitstage konzipiert. Die atmungsaktive StretchAIR\u00ae-Technologie garantiert maximale Bewegungsfreiheit und Atmungsaktivit\u00e4t. Die KlimaAIR-Technologie sorgt f\u00fcr die Bel\u00fcftung der Jacke, die dank der 50 cm langen Bel\u00fcftungs\u00f6ffnungen im Achselbereich noch weiter maximiert werden kann. Die Zipp2Zipp\u00ae-Brusttasche bietet leicht zug\u00e4nglichen Platz. Die Bauchtaschen oben sind auch mit einem Werkzeugg\u00fcrtel und einem Klettergurt leicht zug\u00e4nglich.<br \/>\n-StretchAIR\u00ae-Technologie<br \/>\n-KlimaAIR\u00ae-Technologie<br \/>\n-Maximale Bewegungsfreiheit<br \/>\n-Wasser- und schmutzabweisendes Au\u00dfenmaterial<br \/>\n-50 cm lange Bel\u00fcftungs\u00f6ffnungen im Achselbereich<br \/>\n-Funktionelle elastische B\u00fcndchen<br \/>\n-Hoher Kragen<br \/>\n-Zipp2Zipp\u00ae-Brusttasche<br \/>\n-Reflektierende Streifen<br \/>\n-Zertifiziert EN 20471 \/ Klasse 2 (orange Version)    <\/p>\n<p>Material:<br \/>\nAu\u00dfenmaterial: 90% Polyamid, 10% Elastan<br \/>\nAu\u00dfenmaterial orange: 83% EME-Lycra, 17% Polyester<br \/>\nFutter: 100% Polyester Cocona<br \/>\nNormen<br \/>\nEN 20471 \/ Klasse 2 (nur orange Version)<\/p>\n","protected":false},"excerpt":{"rendered":"<p>Die extrem leichte Ventilation Jacke ist f\u00fcr die hei\u00dfesten Arbeitstage konzipiert. Die atmungsaktive StretchAIR\u00ae-Technologie garantiert maximale Bewegungsfreiheit und Atmungsaktivit\u00e4t. Die<\/p>\n","protected":false},"featured_media":593795,"template":"","meta":{"_seopress_robots_primary_cat":"none","_seopress_titles_title":"","_seopress_titles_desc":"","_seopress_robots_index":""},"product_brand":[3670],"product_cat":[1382,82],"product_tag":[],"class_list":{"0":"post-599277","1":"product","2":"type-product","3":"status-publish","4":"has-post-thumbnail","6":"product_brand-pfanner-de","7":"product_cat-arbeitskleidung","8":"product_cat-kleidung","9":"sws-gruppo-no-gruppo","10":"sws-conto-ricavi-merci-rivendita-abbigliamento","11":"sws-gruppo-iva-iva81","13":"first","14":"instock","15":"shipping-taxable","16":"purchasable","17":"product-type-variable","18":"has-default-attributes"},"_links":{"self":[{"href":"https:\/\/lucacastelli.com\/de\/wp-json\/wp\/v2\/product\/599277","targetHints":{"allow":["GET"]}}],"collection":[{"href":"https:\/\/lucacastelli.com\/de\/wp-json\/wp\/v2\/product"}],"about":[{"href":"https:\/\/lucacastelli.com\/de\/wp-json\/wp\/v2\/types\/product"}],"wp:featuredmedia":[{"embeddable":true,"href":"https:\/\/lucacastelli.com\/de\/wp-json\/wp\/v2\/media\/593795"}],"wp:attachment":[{"href":"https:\/\/lucacastelli.com\/de\/wp-json\/wp\/v2\/media?parent=599277"}],"wp:term":[{"taxonomy":"product_brand","embeddable":true,"href":"https:\/\/lucacastelli.com\/de\/wp-json\/wp\/v2\/product_brand?post=599277"},{"taxonomy":"product_cat","embeddable":true,"href":"https:\/\/lucacastelli.com\/de\/wp-json\/wp\/v2\/product_cat?post=599277"},{"taxonomy":"product_tag","embeddable":true,"href":"https:\/\/lucacastelli.com\/de\/wp-json\/wp\/v2\/product_tag?post=599277"}],"curies":[{"name":"wp","href":"https:\/\/api.w.org\/{rel}","templated":true}]}}