{"id":599147,"date":"2025-08-07T20:29:48","date_gmt":"2025-08-07T18:29:48","guid":{"rendered":"https:\/\/lucacastelli.com\/prodotto\/milwaukee-multi-kabelabisoliermesser\/"},"modified":"2025-08-07T20:29:48","modified_gmt":"2025-08-07T18:29:48","slug":"milwaukee-multi-kabelabisoliermesser","status":"publish","type":"product","link":"https:\/\/lucacastelli.com\/de\/produkt\/milwaukee-multi-kabelabisoliermesser\/","title":{"rendered":"Milwaukee Multi-Kabelabisoliermesser"},"content":{"rendered":"<p>MULTI Cables Abisoliermesser<br \/>\nAbisolieren von allen g\u00e4ngigen Rund- und Flachkabeln. Abisolierleistung f\u00fcr Standard-Rundkabel von 6 mm bis 13 mm Durchmesser. Standard-Flachkabel bis zu einer Breite von 18 mm;Automatische Umschaltung von Rund- auf L\u00e4ngsschnitt;Abisolierleistung f\u00fcr alle g\u00e4ngigen Kabelgr\u00f6\u00dfen 0,5 mm\u00b2, 0,8 mm\u00b2, 1,5 mm\u00b2, 2,5 mm\u00b2, 4 mm\u00b2, 6 mm\u00b2;Schnitttiefe leicht einstellbar von 0 bis 3 mm;Integrierter Schlaufenbildner zum Biegen von Leitern in Schlaufen;Ergonomischer Griff, um ein Abrutschen w\u00e4hrend der Anwendung zu verhindern <\/p>\n<p>4932498270<br \/>\n4058546521394<\/p>\n","protected":false},"excerpt":{"rendered":"<p>MULTI-KABEL-ABISOLIERMESSER<\/p>\n","protected":false},"featured_media":566746,"template":"","meta":{"_seopress_robots_primary_cat":"","_seopress_titles_title":"","_seopress_titles_desc":"","_seopress_robots_index":""},"product_brand":[3407],"product_cat":[5416,33],"product_tag":[3270],"class_list":{"0":"post-599147","1":"product","2":"type-product","3":"status-publish","4":"has-post-thumbnail","6":"product_brand-milwaukee","7":"product_cat-utensili-per-officina","8":"product_cat-attrezzature","9":"product_tag-import-milwau","10":"sws-conto-ricavi-merci-rivendita-macchinari-de","11":"sws-gruppo-iva-iva81-de","13":"first","14":"onbackorder","15":"sale","16":"shipping-taxable","17":"purchasable","18":"product-type-simple"},"_links":{"self":[{"href":"https:\/\/lucacastelli.com\/de\/wp-json\/wp\/v2\/product\/599147","targetHints":{"allow":["GET"]}}],"collection":[{"href":"https:\/\/lucacastelli.com\/de\/wp-json\/wp\/v2\/product"}],"about":[{"href":"https:\/\/lucacastelli.com\/de\/wp-json\/wp\/v2\/types\/product"}],"wp:featuredmedia":[{"embeddable":true,"href":"https:\/\/lucacastelli.com\/de\/wp-json\/wp\/v2\/media\/566746"}],"wp:attachment":[{"href":"https:\/\/lucacastelli.com\/de\/wp-json\/wp\/v2\/media?parent=599147"}],"wp:term":[{"taxonomy":"product_brand","embeddable":true,"href":"https:\/\/lucacastelli.com\/de\/wp-json\/wp\/v2\/product_brand?post=599147"},{"taxonomy":"product_cat","embeddable":true,"href":"https:\/\/lucacastelli.com\/de\/wp-json\/wp\/v2\/product_cat?post=599147"},{"taxonomy":"product_tag","embeddable":true,"href":"https:\/\/lucacastelli.com\/de\/wp-json\/wp\/v2\/product_tag?post=599147"}],"curies":[{"name":"wp","href":"https:\/\/api.w.org\/{rel}","templated":true}]}}