{"id":599144,"date":"2025-12-08T08:30:56","date_gmt":"2025-12-08T07:30:56","guid":{"rendered":"https:\/\/lucacastelli.com\/prodotto\/stihl-br-600-rueckwaertsgeblaese\/"},"modified":"2025-11-17T11:34:56","modified_gmt":"2025-11-17T10:34:56","slug":"stihl-br-600-rueckwaertsgeblaese","status":"publish","type":"product","link":"https:\/\/lucacastelli.com\/de\/produkt\/stihl-br-600-rueckwaertsgeblaese\/","title":{"rendered":"STIHL BR 600 Blasger\u00e4t f\u00fcr den R\u00fccken"},"content":{"rendered":"<p>\u00c4u\u00dferst leistungsstarkes Blasger\u00e4t mit hoher Blasleistung. Kraftstoffsparender und abgasarmer 4-MIX\u00ae-Motor, Zweikomponentengriff aus Kautschuk mit feststellbarem Gashebel und Stopptaster, STIHL Antivibrationssystem und Tragegriff. Komfortables Tragesystem mit breiten, ergonomischen Schultergurten und H\u00fcftgurt. F\u00fcr l\u00e4ngere Arbeitseins\u00e4tze mit gebogenem Blasrohr wird der Zweihandgriff (Zubeh\u00f6r) empfohlen.   <\/p>\n<p><b>STIHL 4-MIX\u00ae-Motor<\/b><br \/>\nVereint die Vorteile von 2-Takt- und 4-Takt-Motoren. Weniger Abgase, kein \u00d6lservice erforderlich, angenehmer Klang. Ausgezeichnete Durchzugskraft und hohes Drehmoment.<br \/>\n<b>STIHL Antivibrationssystem<\/b><br \/>\nStarke Vibrationen an den Griffstellen von Motorger\u00e4ten k\u00f6nnen langfristig zu Durchblutungsst\u00f6rungen in H\u00e4nden und Armen f\u00fchren. Deshalb hat STIHL das Antivibrationssystem entwickelt. Bei Motorger\u00e4ten mit AV-System werden die Vibrationen, die vom Verbrennungsmotor und vom Arbeitswerkzeug erzeugt werden, an den Griffstellen deutlich reduziert.<br \/>\n<b>Multifunktionsgriff<\/b><br \/>\nDie Bedienelemente zur Steuerung des Motors sind im Griff integriert. Dies macht die Bedienung besonders einfach und sicher.<br \/>\n<b>Komfortables Tragesystem mit H\u00fcftgurt<\/b><br \/>\nMit H\u00f6hen- und Neigungsverstellung sowie atmungsaktiver R\u00fcckenpolsterung f\u00fcr erm\u00fcdungsfreies Arbeiten. Der H\u00fcftgurt erleichtert die Arbeit zus\u00e4tzlich, insbesondere bei l\u00e4ngeren Eins\u00e4tzen. <\/p>\n<p>&nbsp;<\/p>\n<table class=\"w-100 table table-striped m-0\">\n<tbody>\n<tr>\n<td class=\"p-1 ps-2 border-bottom border-mediumlight\">Motortechnik<\/td>\n<td class=\"p-1 pe-2 border-bottom border-mediumlight\">\n<div>4-MIX<\/div>\n<\/td>\n<\/tr>\n<tr>\n<td class=\"p-1 ps-2 border-bottom border-mediumlight\">Blasleistung mit Rundd\u00fcse<\/td>\n<td class=\"p-1 pe-2 border-bottom border-mediumlight\">1210 m\u00b3 \/ h<\/td>\n<\/tr>\n<tr>\n<td class=\"p-1 ps-2 border-bottom border-mediumlight\">Blasleistung ohne Blaseinsatz<\/td>\n<td class=\"p-1 pe-2 border-bottom border-mediumlight\">1720 m\u00b3 \/ h<\/td>\n<\/tr>\n<tr>\n<td class=\"p-1 ps-2 border-bottom border-mediumlight\">Hubraum<\/td>\n<td class=\"p-1 pe-2 border-bottom border-mediumlight\">64.8 cm\u00b3<\/td>\n<\/tr>\n<tr>\n<td class=\"p-1 ps-2 border-bottom border-mediumlight\">Gewicht<\/td>\n<td class=\"p-1 pe-2 border-bottom border-mediumlight\">10.10 kg<\/td>\n<\/tr>\n<\/tbody>\n<\/table>\n<p>&nbsp;<\/p>\n","protected":false},"excerpt":{"rendered":"<p>\u00c4u\u00dferst leistungsstarkes Blasger\u00e4t mit hoher Blasleistung. Kraftstoffsparender und abgasarmer 4-MIX\u00ae-Motor, Zweikomponentengriff aus Kautschuk mit feststellbarem Gashebel und Stopptaster, STIHL Antivibrationssystem<\/p>\n","protected":false},"featured_media":599001,"template":"","meta":{"_seopress_robots_primary_cat":"none","_seopress_titles_title":"","_seopress_titles_desc":"","_seopress_robots_index":""},"product_brand":[3366],"product_cat":[29,485,486],"product_tag":[],"class_list":{"0":"post-599144","1":"product","2":"type-product","3":"status-publish","4":"has-post-thumbnail","6":"product_brand-stihl","7":"product_cat-macchinari","8":"product_cat-soffiatori-e-aspiratori","9":"product_cat-soffiatori-a-motore","10":"sws-gruppo-macchinari-de","11":"sws-conto-ricavi-merci-rivendita-abbigliamento-de","12":"sws-gruppo-iva-iva81-de","14":"first","15":"instock","16":"sale","17":"shipping-taxable","18":"purchasable","19":"product-type-simple"},"_links":{"self":[{"href":"https:\/\/lucacastelli.com\/de\/wp-json\/wp\/v2\/product\/599144","targetHints":{"allow":["GET"]}}],"collection":[{"href":"https:\/\/lucacastelli.com\/de\/wp-json\/wp\/v2\/product"}],"about":[{"href":"https:\/\/lucacastelli.com\/de\/wp-json\/wp\/v2\/types\/product"}],"wp:featuredmedia":[{"embeddable":true,"href":"https:\/\/lucacastelli.com\/de\/wp-json\/wp\/v2\/media\/599001"}],"wp:attachment":[{"href":"https:\/\/lucacastelli.com\/de\/wp-json\/wp\/v2\/media?parent=599144"}],"wp:term":[{"taxonomy":"product_brand","embeddable":true,"href":"https:\/\/lucacastelli.com\/de\/wp-json\/wp\/v2\/product_brand?post=599144"},{"taxonomy":"product_cat","embeddable":true,"href":"https:\/\/lucacastelli.com\/de\/wp-json\/wp\/v2\/product_cat?post=599144"},{"taxonomy":"product_tag","embeddable":true,"href":"https:\/\/lucacastelli.com\/de\/wp-json\/wp\/v2\/product_tag?post=599144"}],"curies":[{"name":"wp","href":"https:\/\/api.w.org\/{rel}","templated":true}]}}