{"id":599141,"date":"2025-08-07T20:29:47","date_gmt":"2025-08-07T18:29:47","guid":{"rendered":"https:\/\/lucacastelli.com\/prodotto\/milwaukee-kabelabisoliermesser\/"},"modified":"2025-08-07T20:29:47","modified_gmt":"2025-08-07T18:29:47","slug":"milwaukee-kabelabisoliermesser","status":"publish","type":"product","link":"https:\/\/lucacastelli.com\/de\/produkt\/milwaukee-kabelabisoliermesser\/","title":{"rendered":"Milwaukee Kabelabisoliermesser"},"content":{"rendered":"<p>Kabelabisoliermesser<br \/>\nErh\u00f6hte Abisolierleistung f\u00fcr alle Standard-Rundkabel mit Durchmessern von 4 mm bis 28 mm;Einstellrad hilft bei der Anpassung der Schnitttiefe;Automatische Umschaltung von Rund- auf L\u00e4ngsschnitt;Integrierte Hakenklinge f\u00fcr mehr Vielseitigkeit. Die Sicherheitskappe auf der Klinge verringert die Verletzungsgefahr;Zweiteiliger Griff f\u00fcr eine bequeme, rutschfeste Handhabung <\/p>\n<p>4932498269<br \/>\n4058546521387<\/p>\n","protected":false},"excerpt":{"rendered":"<p>ABISOLIERMESSER<\/p>\n","protected":false},"featured_media":598631,"template":"","meta":{"_seopress_robots_primary_cat":"","_seopress_titles_title":"","_seopress_titles_desc":"","_seopress_robots_index":""},"product_brand":[3407],"product_cat":[5416,33],"product_tag":[3270],"class_list":{"0":"post-599141","1":"product","2":"type-product","3":"status-publish","4":"has-post-thumbnail","6":"product_brand-milwaukee","7":"product_cat-utensili-per-officina","8":"product_cat-attrezzature","9":"product_tag-import-milwau","10":"sws-conto-ricavi-merci-rivendita-macchinari-de","11":"sws-gruppo-iva-iva81-de","13":"first","14":"onbackorder","15":"sale","16":"shipping-taxable","17":"purchasable","18":"product-type-simple"},"_links":{"self":[{"href":"https:\/\/lucacastelli.com\/de\/wp-json\/wp\/v2\/product\/599141","targetHints":{"allow":["GET"]}}],"collection":[{"href":"https:\/\/lucacastelli.com\/de\/wp-json\/wp\/v2\/product"}],"about":[{"href":"https:\/\/lucacastelli.com\/de\/wp-json\/wp\/v2\/types\/product"}],"wp:featuredmedia":[{"embeddable":true,"href":"https:\/\/lucacastelli.com\/de\/wp-json\/wp\/v2\/media\/598631"}],"wp:attachment":[{"href":"https:\/\/lucacastelli.com\/de\/wp-json\/wp\/v2\/media?parent=599141"}],"wp:term":[{"taxonomy":"product_brand","embeddable":true,"href":"https:\/\/lucacastelli.com\/de\/wp-json\/wp\/v2\/product_brand?post=599141"},{"taxonomy":"product_cat","embeddable":true,"href":"https:\/\/lucacastelli.com\/de\/wp-json\/wp\/v2\/product_cat?post=599141"},{"taxonomy":"product_tag","embeddable":true,"href":"https:\/\/lucacastelli.com\/de\/wp-json\/wp\/v2\/product_tag?post=599141"}],"curies":[{"name":"wp","href":"https:\/\/api.w.org\/{rel}","templated":true}]}}