{"id":599105,"date":"2025-08-07T10:19:26","date_gmt":"2025-08-07T08:19:26","guid":{"rendered":"https:\/\/lucacastelli.com\/prodotto\/milwaukee-bolt-100-helm-gruen\/"},"modified":"2025-08-07T10:19:26","modified_gmt":"2025-08-07T08:19:26","slug":"milwaukee-bolt-100-helm-gruen","status":"publish","type":"product","link":"https:\/\/lucacastelli.com\/de\/produkt\/milwaukee-bolt-100-helm-gruen\/","title":{"rendered":"Milwaukee BOLT\u2122 100 Helm &#8211; Gr\u00fcn"},"content":{"rendered":"<p>BOLT100 GR\u00dcNER HELM &#8211; 1 St\u00fcck<br \/>\nBOLT\u2122-System: Sorgt f\u00fcr Kompatibilit\u00e4t zwischen einer Vielzahl von Zubeh\u00f6rteilen mit einem einfachen und intuitiven Befestigungssystem;Gr\u00f6\u00dfenverstellsystem mit Ratschenrad extrem bequem und einfach einzustellen;ABS-Schale, geringes Gewicht;6-Punkt-Aufh\u00e4ngung f\u00fcr erh\u00f6hten Komfort;Austauschbares und bequemes Schwei\u00dfband;Gr\u00f6\u00dfen: 52 &#8211; 68 cm;Europ\u00e4ische Zertifizierung EN 397:2012 mit optionalen Anforderungen f\u00fcr geschmolzene Metallspritzer (MM), extreme Temperatur -30 Grad, seitliche Verformung (LD) und elektrische Isolierung 440 V w.a. (elektrische Isolierung 440 V nach EN 397 nur in der unbel\u00fcfteten Version);Zertifiziert nach EN 50365:2002 Elektrische Klasse 0 f\u00fcr Installationen mit Nennspannung bis 1000 V AC und 1500 V DC in bel\u00fcfteter und unbel\u00fcfteter Version<\/p>\n<p>&nbsp;<\/p>\n","protected":false},"excerpt":{"rendered":"<p>BOLT100 GR\u00dcNER HELM &#8211; 1 St\u00fcck BOLT\u2122-System: Sorgt f\u00fcr Kompatibilit\u00e4t zwischen einer Vielzahl von Zubeh\u00f6rteilen mit einem einfachen und intuitiven<\/p>\n","protected":false},"featured_media":542317,"template":"","meta":{"_seopress_robots_primary_cat":"none","_seopress_titles_title":"","_seopress_titles_desc":"","_seopress_robots_index":""},"product_brand":[3407],"product_cat":[33,537,815],"product_tag":[3270],"class_list":{"0":"post-599105","1":"product","2":"type-product","3":"status-publish","4":"has-post-thumbnail","6":"product_brand-milwaukee","7":"product_cat-attrezzature","8":"product_cat-attrezzatura-da-lavoro","9":"product_cat-caschi","10":"product_tag-import-milwau","11":"sws-gruppo-attrezz-de","12":"sws-conto-ricavi-merci-rivendita-abbigliamento-de","13":"sws-gruppo-iva-iva81-de","15":"first","16":"instock","17":"sale","18":"shipping-taxable","19":"purchasable","20":"product-type-variable","21":"has-default-attributes"},"_links":{"self":[{"href":"https:\/\/lucacastelli.com\/de\/wp-json\/wp\/v2\/product\/599105","targetHints":{"allow":["GET"]}}],"collection":[{"href":"https:\/\/lucacastelli.com\/de\/wp-json\/wp\/v2\/product"}],"about":[{"href":"https:\/\/lucacastelli.com\/de\/wp-json\/wp\/v2\/types\/product"}],"wp:featuredmedia":[{"embeddable":true,"href":"https:\/\/lucacastelli.com\/de\/wp-json\/wp\/v2\/media\/542317"}],"wp:attachment":[{"href":"https:\/\/lucacastelli.com\/de\/wp-json\/wp\/v2\/media?parent=599105"}],"wp:term":[{"taxonomy":"product_brand","embeddable":true,"href":"https:\/\/lucacastelli.com\/de\/wp-json\/wp\/v2\/product_brand?post=599105"},{"taxonomy":"product_cat","embeddable":true,"href":"https:\/\/lucacastelli.com\/de\/wp-json\/wp\/v2\/product_cat?post=599105"},{"taxonomy":"product_tag","embeddable":true,"href":"https:\/\/lucacastelli.com\/de\/wp-json\/wp\/v2\/product_tag?post=599105"}],"curies":[{"name":"wp","href":"https:\/\/api.w.org\/{rel}","templated":true}]}}