{"id":599038,"date":"2025-08-08T08:25:15","date_gmt":"2025-08-08T06:25:15","guid":{"rendered":"https:\/\/lucacastelli.com\/prodotto\/milwaukee-helmet-bolt-200-fluo-yellow\/"},"modified":"2025-08-08T08:25:15","modified_gmt":"2025-08-08T06:25:15","slug":"milwaukee-helmet-bolt-200-fluo-yellow","status":"publish","type":"product","link":"https:\/\/lucacastelli.com\/de\/produkt\/milwaukee-helmet-bolt-200-fluo-yellow\/","title":{"rendered":"Milwaukee Helmet BOLT\u2122 200 &#8211; Fluo Yellow"},"content":{"rendered":"<p>BOLT 200 ELMET YELLOW HV &#8211; 1 St\u00fcck<br \/>\nLexan-Schale &#8211; extrem sto\u00dffestes Material;Das BOLT\u2122 System &#8211; sorgt f\u00fcr Kompatibilit\u00e4t zwischen allen verf\u00fcgbaren Zubeh\u00f6rteilen, mit einem einfachen und intuitiven Befestigungssystem. Gro\u00dfe Vielseitigkeit;Extrem komfortables Ratschen-Gr\u00f6\u00dfenverstellsystem;Schaumstoffaufh\u00e4ngung, die Aufprallschutz bietet, unabh\u00e4ngig davon, wo der Aufprall stattfindet;Interne Schaumstoffaufh\u00e4ngung, die durch ein Kronenfutter f\u00fcr zus\u00e4tzlichen Komfort erg\u00e4nzt wird;Atmungsaktives, waschbares und austauschbares Premium-Schwei\u00dfband;Atmungsaktives, waschbares und austauschbares Premium-Kronenfutter;Wird mit einem EN 12492-zertifizierten Kinnriemen geliefert (mit roter Farbe gekennzeichnet);Zertifiziert nach EN 12492;Gr\u00f6\u00dfeneinstellung: 52 &#8211; bis 68 cm <\/p>\n<p>&nbsp;<\/p>\n","protected":false},"excerpt":{"rendered":"<p>BOLT 200 ELMET YELLOW HV &#8211; 1 St\u00fcck Lexan-Schale &#8211; extrem sto\u00dffestes Material;Das BOLT\u2122 System &#8211; sorgt f\u00fcr Kompatibilit\u00e4t zwischen<\/p>\n","protected":false},"featured_media":553256,"template":"","meta":{"_seopress_robots_primary_cat":"none","_seopress_titles_title":"","_seopress_titles_desc":"","_seopress_robots_index":""},"product_brand":[3407],"product_cat":[33,537,815],"product_tag":[3270],"class_list":{"0":"post-599038","1":"product","2":"type-product","3":"status-publish","4":"has-post-thumbnail","6":"product_brand-milwaukee","7":"product_cat-attrezzature","8":"product_cat-attrezzatura-da-lavoro","9":"product_cat-caschi","10":"product_tag-import-milwau","11":"sws-gruppo-attrezz-de","12":"sws-conto-ricavi-merci-rivendita-abbigliamento-de","13":"sws-gruppo-iva-iva81-de","15":"first","16":"instock","17":"sale","18":"shipping-taxable","19":"purchasable","20":"product-type-variable","21":"has-default-attributes"},"_links":{"self":[{"href":"https:\/\/lucacastelli.com\/de\/wp-json\/wp\/v2\/product\/599038","targetHints":{"allow":["GET"]}}],"collection":[{"href":"https:\/\/lucacastelli.com\/de\/wp-json\/wp\/v2\/product"}],"about":[{"href":"https:\/\/lucacastelli.com\/de\/wp-json\/wp\/v2\/types\/product"}],"wp:featuredmedia":[{"embeddable":true,"href":"https:\/\/lucacastelli.com\/de\/wp-json\/wp\/v2\/media\/553256"}],"wp:attachment":[{"href":"https:\/\/lucacastelli.com\/de\/wp-json\/wp\/v2\/media?parent=599038"}],"wp:term":[{"taxonomy":"product_brand","embeddable":true,"href":"https:\/\/lucacastelli.com\/de\/wp-json\/wp\/v2\/product_brand?post=599038"},{"taxonomy":"product_cat","embeddable":true,"href":"https:\/\/lucacastelli.com\/de\/wp-json\/wp\/v2\/product_cat?post=599038"},{"taxonomy":"product_tag","embeddable":true,"href":"https:\/\/lucacastelli.com\/de\/wp-json\/wp\/v2\/product_tag?post=599038"}],"curies":[{"name":"wp","href":"https:\/\/api.w.org\/{rel}","templated":true}]}}