{"id":598941,"date":"2022-06-27T05:55:13","date_gmt":"2022-06-27T03:55:13","guid":{"rendered":"https:\/\/lucacastelli.com\/prodotto\/pfanner-funktionssocken-aussenleuchte\/"},"modified":"2026-04-18T01:41:01","modified_gmt":"2026-04-17T23:41:01","slug":"pfanner-funktionssocken-aussenleuchte","status":"publish","type":"product","link":"https:\/\/lucacastelli.com\/de\/produkt\/pfanner-funktionssocken-aussenleuchte\/","title":{"rendered":"PFANNER Funktionssocken Outdoor Light"},"content":{"rendered":"<p>Funktionssocken f\u00fcr warme Umgebungen, die Tencel\u00ae-Faser macht die Socken atmungsaktiv, geruchshemmend und antibakteriell, niedrige Maschendichte auf der Sockenoberfl\u00e4che, ergonomisches Design und gute Passform mit D\u00e4mpfungseffekt, Flachn\u00e4hte.<\/p>\n<p>Material: 75 % Tencel \/ 15 % Polyamid \/ 10 % Lycra<br \/>\nFarbe: Schwarz\/Rot<br \/>\nGr\u00f6\u00dfen: S (38-40), M (41-43), L (44-46), XL (47-49)<\/p>\n","protected":false},"excerpt":{"rendered":"<p>Funktionssocken f\u00fcr warme Umgebungen, die Tencel\u00ae-Faser macht die Socken atmungsaktiv, geruchshemmend und antibakteriell, niedrige Maschendichte auf der Sockenoberfl\u00e4che, ergonomisches Design<\/p>\n","protected":false},"featured_media":71932,"template":"","meta":{"_seopress_robots_primary_cat":"","_seopress_titles_title":"","_seopress_titles_desc":"","_seopress_robots_index":""},"product_brand":[3670],"product_cat":[82,1391],"product_tag":[],"class_list":{"0":"post-598941","1":"product","2":"type-product","3":"status-publish","4":"has-post-thumbnail","6":"product_brand-pfanner-de","7":"product_cat-kleidung","8":"product_cat-bekleidungs-accessoires","9":"sws-gruppo-no-gruppo-de","10":"sws-categoria-sito-de","11":"sws-sottocategoria-altro-de","12":"sws-conto-ricavi-merci-rivendita-abbigliamento-de","13":"sws-gruppo-iva-iva81-de","15":"first","16":"instock","17":"shipping-taxable","18":"purchasable","19":"product-type-variable"},"_links":{"self":[{"href":"https:\/\/lucacastelli.com\/de\/wp-json\/wp\/v2\/product\/598941","targetHints":{"allow":["GET"]}}],"collection":[{"href":"https:\/\/lucacastelli.com\/de\/wp-json\/wp\/v2\/product"}],"about":[{"href":"https:\/\/lucacastelli.com\/de\/wp-json\/wp\/v2\/types\/product"}],"wp:featuredmedia":[{"embeddable":true,"href":"https:\/\/lucacastelli.com\/de\/wp-json\/wp\/v2\/media\/71932"}],"wp:attachment":[{"href":"https:\/\/lucacastelli.com\/de\/wp-json\/wp\/v2\/media?parent=598941"}],"wp:term":[{"taxonomy":"product_brand","embeddable":true,"href":"https:\/\/lucacastelli.com\/de\/wp-json\/wp\/v2\/product_brand?post=598941"},{"taxonomy":"product_cat","embeddable":true,"href":"https:\/\/lucacastelli.com\/de\/wp-json\/wp\/v2\/product_cat?post=598941"},{"taxonomy":"product_tag","embeddable":true,"href":"https:\/\/lucacastelli.com\/de\/wp-json\/wp\/v2\/product_tag?post=598941"}],"curies":[{"name":"wp","href":"https:\/\/api.w.org\/{rel}","templated":true}]}}