{"id":598907,"date":"2022-06-27T06:01:11","date_gmt":"2022-06-27T04:01:11","guid":{"rendered":"https:\/\/lucacastelli.com\/prodotto\/pfanner-merino-wollsocken\/"},"modified":"2026-04-18T01:24:28","modified_gmt":"2026-04-17T23:24:28","slug":"pfanner-merino-wollsocken","status":"publish","type":"product","link":"https:\/\/lucacastelli.com\/de\/produkt\/pfanner-merino-wollsocken\/","title":{"rendered":"PFANNER Merino Wollsocken"},"content":{"rendered":"<p>Funktionssocken f\u00fcr Arbeit, Jagd und Freizeit. F\u00fcr alle Aktivit\u00e4ten bei kalten Bedingungen. Angenehm warme Socke dank Merinowolle. Strapazierf\u00e4hig durch die Au\u00dfenschicht aus Polyamid.   <\/p>\n<p>Beschreibung<\/p>\n<p>&#8211; Hoher Tragekomfort bei niedrigen Temperaturen<br \/>\n&#8211; Ferse und Spitze sind zus\u00e4tzlich verst\u00e4rkt<br \/>\n&#8211; D\u00e4mpfende Wirkung<\/p>\n","protected":false},"excerpt":{"rendered":"<p>Funktionssocken f\u00fcr Arbeit, Jagd und Freizeit. F\u00fcr alle Aktivit\u00e4ten bei kalten Bedingungen. Angenehm warme Socke dank Merinowolle. Strapazierf\u00e4hig durch die<\/p>\n","protected":false},"featured_media":71939,"template":"","meta":{"_seopress_robots_primary_cat":"","_seopress_titles_title":"","_seopress_titles_desc":"","_seopress_robots_index":""},"product_brand":[3670],"product_cat":[82,1391],"product_tag":[],"class_list":{"0":"post-598907","1":"product","2":"type-product","3":"status-publish","4":"has-post-thumbnail","6":"product_brand-pfanner-de","7":"product_cat-kleidung","8":"product_cat-bekleidungs-accessoires","9":"sws-gruppo-no-gruppo-de","10":"sws-categoria-sito-de","11":"sws-sottocategoria-altro-de","12":"sws-conto-ricavi-merci-rivendita-abbigliamento-de","13":"sws-gruppo-iva-iva81-de","15":"first","16":"outofstock","17":"shipping-taxable","18":"product-type-variable"},"_links":{"self":[{"href":"https:\/\/lucacastelli.com\/de\/wp-json\/wp\/v2\/product\/598907","targetHints":{"allow":["GET"]}}],"collection":[{"href":"https:\/\/lucacastelli.com\/de\/wp-json\/wp\/v2\/product"}],"about":[{"href":"https:\/\/lucacastelli.com\/de\/wp-json\/wp\/v2\/types\/product"}],"wp:featuredmedia":[{"embeddable":true,"href":"https:\/\/lucacastelli.com\/de\/wp-json\/wp\/v2\/media\/71939"}],"wp:attachment":[{"href":"https:\/\/lucacastelli.com\/de\/wp-json\/wp\/v2\/media?parent=598907"}],"wp:term":[{"taxonomy":"product_brand","embeddable":true,"href":"https:\/\/lucacastelli.com\/de\/wp-json\/wp\/v2\/product_brand?post=598907"},{"taxonomy":"product_cat","embeddable":true,"href":"https:\/\/lucacastelli.com\/de\/wp-json\/wp\/v2\/product_cat?post=598907"},{"taxonomy":"product_tag","embeddable":true,"href":"https:\/\/lucacastelli.com\/de\/wp-json\/wp\/v2\/product_tag?post=598907"}],"curies":[{"name":"wp","href":"https:\/\/api.w.org\/{rel}","templated":true}]}}