{"id":598898,"date":"2022-06-20T14:08:21","date_gmt":"2022-06-20T12:08:21","guid":{"rendered":"https:\/\/lucacastelli.com\/prodotto\/pfanner-arborist-schnittschutzschlauch-typ-c\/"},"modified":"2026-04-18T01:24:27","modified_gmt":"2026-04-17T23:24:27","slug":"pfanner-arborist-schnittschutzschlauch-typ-c","status":"publish","type":"product","link":"https:\/\/lucacastelli.com\/de\/produkt\/pfanner-arborist-schnittschutzschlauch-typ-c\/","title":{"rendered":"PFANNER Arborist Schnittschutzhose TYP C"},"content":{"rendered":"<p>&#8211; Schnittschutzklasse 1<br \/>\n&#8211; StretchAIR\u00ae Technologie<br \/>\n&#8211; Keprotec\u00ae-Schutz an Bein-Vorder- und Innenseite<br \/>\n&#8211; KlimaAIR\u00ae im Bund<br \/>\n&#8211; Vorgeformte Kniepartie<br \/>\nFunktionsfaser-Innenfutter<br \/>\nDie Arborist Schnittschutzhose ist f\u00fcr Arbeiten in der H\u00f6he konzipiert. In einem Umfeld, das h\u00f6chste Konzentration und Aufmerksamkeit erfordert, sollten Sie keine unbeabsichtigten Bewegungen machen m\u00fcssen. Die StretchAIR\u00ae und KlimaAIR\u00ae Technologien garantieren Bewegungsfreiheit und Tragekomfort. Die Keprotec\u00ae-Verst\u00e4rkungen an den Beinen bieten optimalen Schutz vor Steigeisen. Um Verletzungen an der Beinr\u00fcckseite zu verhindern, ist diese Hose mit einem 360\u00b0-Schnittschutz ausgestattet.<br \/>\nMaterial<br \/>\nStretchstoff: 90 % Polyamid, 10 % Elasthan<br \/>\nKnieverst\u00e4rkung: 62 % Polyamid, 38 % Keprotec\u00ae Kevlar<br \/>\nFutter: 100 % Cocona Polyester<br \/>\nSchnittschutz: Dyneema    <\/p>\n","protected":false},"excerpt":{"rendered":"<p>&#8211; Schnittschutzklasse 1 &#8211; StretchAIR\u00ae Technologie &#8211; Keprotec\u00ae-Schutz an Bein-Vorder- und Innenseite &#8211; KlimaAIR\u00ae im Bund &#8211; Vorgeformte Kniepartie Funktionsfaser-Innenfutter<\/p>\n","protected":false},"featured_media":40310,"template":"","meta":{"_seopress_robots_primary_cat":"none","_seopress_titles_title":"","_seopress_titles_desc":"","_seopress_robots_index":""},"product_brand":[3670],"product_cat":[82,1382],"product_tag":[],"class_list":{"0":"post-598898","1":"product","2":"type-product","3":"status-publish","4":"has-post-thumbnail","6":"product_brand-pfanner-de","7":"product_cat-kleidung","8":"product_cat-arbeitskleidung","9":"sws-gruppo-no-gruppo-de","10":"sws-categoria-sito-de","11":"sws-sottocategoria-altro-de","12":"sws-conto-ricavi-merci-rivendita-abbigliamento-de","13":"sws-gruppo-iva-iva81-de","15":"first","16":"instock","17":"shipping-taxable","18":"purchasable","19":"product-type-variable"},"_links":{"self":[{"href":"https:\/\/lucacastelli.com\/de\/wp-json\/wp\/v2\/product\/598898","targetHints":{"allow":["GET"]}}],"collection":[{"href":"https:\/\/lucacastelli.com\/de\/wp-json\/wp\/v2\/product"}],"about":[{"href":"https:\/\/lucacastelli.com\/de\/wp-json\/wp\/v2\/types\/product"}],"wp:featuredmedia":[{"embeddable":true,"href":"https:\/\/lucacastelli.com\/de\/wp-json\/wp\/v2\/media\/40310"}],"wp:attachment":[{"href":"https:\/\/lucacastelli.com\/de\/wp-json\/wp\/v2\/media?parent=598898"}],"wp:term":[{"taxonomy":"product_brand","embeddable":true,"href":"https:\/\/lucacastelli.com\/de\/wp-json\/wp\/v2\/product_brand?post=598898"},{"taxonomy":"product_cat","embeddable":true,"href":"https:\/\/lucacastelli.com\/de\/wp-json\/wp\/v2\/product_cat?post=598898"},{"taxonomy":"product_tag","embeddable":true,"href":"https:\/\/lucacastelli.com\/de\/wp-json\/wp\/v2\/product_tag?post=598898"}],"curies":[{"name":"wp","href":"https:\/\/api.w.org\/{rel}","templated":true}]}}