{"id":598752,"date":"2025-08-07T20:42:44","date_gmt":"2025-08-07T18:42:44","guid":{"rendered":"https:\/\/lucacastelli.com\/?post_type=product&#038;p=598752"},"modified":"2026-04-16T02:09:29","modified_gmt":"2026-04-16T00:09:29","slug":"protos-forest-helm-mit-f39-visier-copia","status":"publish","type":"product","link":"https:\/\/lucacastelli.com\/de\/produkt\/protos-forest-helm-mit-f39-visier-copia\/","title":{"rendered":"Protos\u00ae Forest Helm mit Visier G16"},"content":{"rendered":"<p>Der Protos\u00ae Integral Forest ist einzigartig im Forstbereich. Er wurde speziell f\u00fcr die Anforderungen der Forstwirtschaft entwickelt. Die Integrall\u00f6sung macht ihn zum perfekten Begleiter f\u00fcr Profis und Privatanwender. Alle Komponenten wurden in die Helmschale integriert, wodurch ein H\u00e4ngenbleiben an \u00c4sten, Gestr\u00fcpp oder anderen Hindernissen verhindert wird. Der tiefe Nackenschutz sch\u00fctzt den Hinterkopf bei St\u00f6\u00dfen und St\u00fcrzen. Der L\u00fcftungsschlitz bietet nicht nur mehr Komfort, sondern dient auch als zus\u00e4tzlicher Sto\u00dfd\u00e4mpfer bei St\u00f6\u00dfen, bevor die Kraft auf die Hauptschale einwirken kann. Mit den Zertifizierungen EN 397, EN 352-3 und EN 1731 S ist der Protos\u00ae Integral Forest samt Zubeh\u00f6r die perfekte Wahl f\u00fcr h\u00e4rteste Eins\u00e4tze und extremste Wetterbedingungen, von nasskalt bis hei\u00dftrocken. Selbst wenn der Geh\u00f6rschutz in passiver Position ist, sitzt der Protos\u00ae perfekt auf dem Kopf.<br \/>\nInfo<br \/>\nEine zweifarbige Schale kann die Sichtbarkeit erheblich erh\u00f6hen<br \/>\nVersion F39 mit feinem Visier (39 \u00d6ffnungen\/cm\u00b2) und G16 mit grobem Visier (16 \u00d6ffnungen\/cm\u00b2).<br \/>\nDer integrale Geh\u00f6rschutz bietet einen D\u00e4mmwert von: SNR=27 dB (H=34 dB, M=24 dB, L=17 dB)<br \/>\nEKAS-Richtlinien<br \/>\nArt. 4.3.1. Die Farbe der Helmschale muss \u00fcberwiegend Orange oder Rot sein. Eine zweite Signalfarbe ist zul\u00e4ssig, sofern sie den Farbt\u00f6nen Gelb, Orange oder Rot entspricht.<br \/>\nSicherheit und Komfort<br \/>\nAlle Vorteile des Stern-Systems f\u00fcr den Protos Integral sind auch beim Forest vorhanden. Insbesondere die innovative Innenausstattung mit Klima-Air-Technologie bietet einen unschlagbaren Mehrwert f\u00fcr den Tr\u00e4ger. Aktive Bel\u00fcftung und der perfekte Sitz am Kopf machen den Arbeitsalltag angenehmer.           <\/p>\n<p>&nbsp;<\/p>\n<p>Material: 50 % ABS, 50 % Polyamid<br \/>\nGewicht: 0,865 kg<br \/>\nAbmessungen: Einheitsgr\u00f6\u00dfe, verstellbar durch patentierten Nackenverschluss<br \/>\nStandard: Kopfumfang 54\u201362 cm<br \/>\nExtragr\u00f6\u00dfe: Kopfumfang: 56\u201364 cm (auf Anfrage erh\u00e4ltlich)<br \/>\nNormen: EN 397, EN 352-3, EN 1731 S, ANSI Z89.1<br \/>\nD\u00e4mmwert: SNR=27 dB (H=34 dB, M=24 dB, L=17 dB)<\/p>\n","protected":false},"excerpt":{"rendered":"<p>Der Protos\u00ae Integral Forest ist einzigartig im Forstbereich. Er wurde speziell f\u00fcr die Anforderungen der Forstwirtschaft entwickelt. Die Integrall\u00f6sung macht<\/p>\n","protected":false},"featured_media":597517,"template":"","meta":{"_seopress_robots_primary_cat":"none","_seopress_titles_title":"","_seopress_titles_desc":"","_seopress_robots_index":""},"product_brand":[3670,4720],"product_cat":[1396,150,1404],"product_tag":[],"class_list":{"0":"post-598752","1":"product","2":"type-product","3":"status-publish","4":"has-post-thumbnail","6":"product_brand-pfanner-de","7":"product_brand-protos-de","8":"product_cat-arbeitsausrustung","9":"product_cat-ausrustung","10":"product_cat-helme","11":"sws-gruppo-no-gruppo-de","12":"sws-conto-ricavi-merci-rivendita-abbigliamento-de","13":"sws-gruppo-iva-iva81-de","15":"first","16":"instock","17":"shipping-taxable","18":"purchasable","19":"product-type-variable"},"_links":{"self":[{"href":"https:\/\/lucacastelli.com\/de\/wp-json\/wp\/v2\/product\/598752","targetHints":{"allow":["GET"]}}],"collection":[{"href":"https:\/\/lucacastelli.com\/de\/wp-json\/wp\/v2\/product"}],"about":[{"href":"https:\/\/lucacastelli.com\/de\/wp-json\/wp\/v2\/types\/product"}],"wp:featuredmedia":[{"embeddable":true,"href":"https:\/\/lucacastelli.com\/de\/wp-json\/wp\/v2\/media\/597517"}],"wp:attachment":[{"href":"https:\/\/lucacastelli.com\/de\/wp-json\/wp\/v2\/media?parent=598752"}],"wp:term":[{"taxonomy":"product_brand","embeddable":true,"href":"https:\/\/lucacastelli.com\/de\/wp-json\/wp\/v2\/product_brand?post=598752"},{"taxonomy":"product_cat","embeddable":true,"href":"https:\/\/lucacastelli.com\/de\/wp-json\/wp\/v2\/product_cat?post=598752"},{"taxonomy":"product_tag","embeddable":true,"href":"https:\/\/lucacastelli.com\/de\/wp-json\/wp\/v2\/product_tag?post=598752"}],"curies":[{"name":"wp","href":"https:\/\/api.w.org\/{rel}","templated":true}]}}