{"id":598490,"date":"2025-08-07T10:27:18","date_gmt":"2025-08-07T08:27:18","guid":{"rendered":"https:\/\/lucacastelli.com\/prodotto\/protos-forest-helm-mit-f39-visier\/"},"modified":"2026-04-16T02:34:53","modified_gmt":"2026-04-16T00:34:53","slug":"protos-forest-helm-mit-f39-visier","status":"publish","type":"product","link":"https:\/\/lucacastelli.com\/de\/produkt\/protos-forest-helm-mit-f39-visier\/","title":{"rendered":"Protos\u00ae Forest Helm mit Visier F39"},"content":{"rendered":"<p>Der Protos\u00ae Integral Forest ist einzigartig im Forstbereich. Er wurde speziell entwickelt, um den Anforderungen der Forstwirtschaft gerecht zu werden. Die Integrall\u00f6sung macht ihn zum perfekten Begleiter sowohl f\u00fcr Profis als auch f\u00fcr Privatanwender. Alle Komponenten wurden in die Helmschale integriert, wodurch ein H\u00e4ngenbleiben an \u00c4sten, Gestr\u00fcpp oder anderen Hindernissen vermieden wird. Der tiefe Nackenschutz sch\u00fctzt den Hinterkopf vor St\u00f6ssen und St\u00fcrzen. Der L\u00fcftungsschlitz bietet nicht nur mehr Komfort, sondern dient auch als zus\u00e4tzlicher Stossd\u00e4mpfer bei Aufprall, bevor die Kraft auf die Hauptschale wirken kann. Mit den Zertifizierungen EN 397, EN 352-3 und EN 1731 S sind Protos\u00ae Integral Forest und sein Zubeh\u00f6r die perfekte Wahl f\u00fcr h\u00e4rteste Eins\u00e4tze und extremste klimatische Bedingungen, von kalten und feuchten bis zu heissen und trockenen Temperaturen. Auch wenn der Geh\u00f6rschutz in passiver Position ist, bleibt Protos\u00ae perfekt am Kopf positioniert.<br \/>\nInfo<br \/>\nEine zweifarbige Abdeckung kann die Sichtbarkeit erheblich erh\u00f6hen<br \/>\nVersion F39 mit Feinvisier 39 L\u00f6cher\/cm\u00b2 und G16 mit Grobvisier mit 16 L\u00f6chern\/cm\u00b2.<br \/>\nDer Integralgeh\u00f6rschutz bietet einen Schalld\u00e4mmwert von: SNR=27 dB (H=34 dB, M=24 dB, L=17 dB)<br \/>\nEKAS-Richtlinien<br \/>\nArt. 4.3.1. Die Farbe der Helmschale muss \u00fcberwiegend orange oder rot sein. Eine zweite Signalfarbe ist zul\u00e4ssig, wenn sie den Farbt\u00f6nen Gelb, Orange oder Rot entspricht.<br \/>\nSicherheit und Komfort<br \/>\nAlle Vorteile des Stern-Systems f\u00fcr den Protos Integral sind auch beim Forest vorhanden. Insbesondere die innovative Innenstruktur mit Klima-Air-Technologie bietet einen unschlagbaren Mehrwert f\u00fcr den Tr\u00e4ger. Die aktive Bel\u00fcftung und der perfekte Sitz am Kopf machen den Arbeitsalltag angenehmer.           <\/p>\n<p>&nbsp;<\/p>\n<p>Material: 50% ABS 50% Polyamid<br \/>\nGewicht: 0,865 kg<br \/>\nGr\u00f6sse: Einheitsgr\u00f6sse verstellbar durch patentierten Nackenverschluss<br \/>\nStandard: Kopfumfang 54\u201362 cm<br \/>\nExtragr\u00f6sse: Kopfumfang: 56\u201364 cm (auf Anfrage erh\u00e4ltlich)<br \/>\nNormen: EN 397, EN 352-3, EN 1731 S, ANSI Z89.1<br \/>\nSchalld\u00e4mmwert: SNR=27 dB (H=34 dB, M=24 dB, L=17 dB)<\/p>\n","protected":false},"excerpt":{"rendered":"<p>Der Protos\u00ae Integral Forest ist einzigartig im Forstbereich. Er wurde speziell entwickelt, um den Anforderungen der Forstwirtschaft gerecht zu werden.<\/p>\n","protected":false},"featured_media":597517,"template":"","meta":{"_seopress_robots_primary_cat":"none","_seopress_titles_title":"","_seopress_titles_desc":"","_seopress_robots_index":""},"product_brand":[3670,4720],"product_cat":[1396,150,1404],"product_tag":[],"class_list":{"0":"post-598490","1":"product","2":"type-product","3":"status-publish","4":"has-post-thumbnail","6":"product_brand-pfanner-de","7":"product_brand-protos-de","8":"product_cat-arbeitsausrustung","9":"product_cat-ausrustung","10":"product_cat-helme","11":"sws-gruppo-no-gruppo-de","12":"sws-conto-ricavi-merci-rivendita-abbigliamento-de","13":"sws-gruppo-iva-iva81-de","15":"first","16":"instock","17":"shipping-taxable","18":"purchasable","19":"product-type-variable"},"_links":{"self":[{"href":"https:\/\/lucacastelli.com\/de\/wp-json\/wp\/v2\/product\/598490","targetHints":{"allow":["GET"]}}],"collection":[{"href":"https:\/\/lucacastelli.com\/de\/wp-json\/wp\/v2\/product"}],"about":[{"href":"https:\/\/lucacastelli.com\/de\/wp-json\/wp\/v2\/types\/product"}],"wp:featuredmedia":[{"embeddable":true,"href":"https:\/\/lucacastelli.com\/de\/wp-json\/wp\/v2\/media\/597517"}],"wp:attachment":[{"href":"https:\/\/lucacastelli.com\/de\/wp-json\/wp\/v2\/media?parent=598490"}],"wp:term":[{"taxonomy":"product_brand","embeddable":true,"href":"https:\/\/lucacastelli.com\/de\/wp-json\/wp\/v2\/product_brand?post=598490"},{"taxonomy":"product_cat","embeddable":true,"href":"https:\/\/lucacastelli.com\/de\/wp-json\/wp\/v2\/product_cat?post=598490"},{"taxonomy":"product_tag","embeddable":true,"href":"https:\/\/lucacastelli.com\/de\/wp-json\/wp\/v2\/product_tag?post=598490"}],"curies":[{"name":"wp","href":"https:\/\/api.w.org\/{rel}","templated":true}]}}