{"id":598472,"date":"2025-08-05T15:18:07","date_gmt":"2025-08-05T13:18:07","guid":{"rendered":"https:\/\/lucacastelli.com\/prodotto\/pfanner-klimaair-forstjacke-grau-leuchtend-orange\/"},"modified":"2026-04-16T01:06:35","modified_gmt":"2026-04-15T23:06:35","slug":"pfanner-klimaair-forstjacke-grau-leuchtend-orange","status":"publish","type":"product","link":"https:\/\/lucacastelli.com\/de\/produkt\/pfanner-klimaair-forstjacke-grau-leuchtend-orange\/","title":{"rendered":"PFANNER KlimaAir\u00ae Forstjacke grau &#8211; leuchtorange"},"content":{"rendered":"<p>Seit Jahrzehnten ist die KlimaAIR\u00ae Forstjacke unser Spitzenprodukt. Die KlimaAIR\u00ae und Stretch-AIR\u00ae Technologien garantieren maximalen Komfort und erm\u00f6glichen das Tragen das ganze Jahr \u00fcber. Abnehmbare \u00c4rmel und zus\u00e4tzliche Bel\u00fcftung am R\u00fccken sorgen f\u00fcr kollapsfreies Arbeiten auch an hei\u00dfesten Tagen. Der wasser- und schmutzabweisende Oberstoff ist extrem rei\u00dffest und garantiert eine lange Lebensdauer der Jacke. Das patentierte Zipp2Zipp\u00ae Taschensystem auf beiden Seiten bietet optimalen Stauraum f\u00fcr Dokumente und Mobiltelefon. Der hohe Kragen verhindert das Eindringen von \u00c4sten und Schmutz<br \/>\n-StretchAIR\u00ae Technologie<br \/>\n-KlimaAIR\u00ae Technologie<br \/>\n&#8211; Hoher Kragen<br \/>\n&#8211; Extrem robust<br \/>\n&#8211; Wasserdichte Schultern<br \/>\n&#8211; Wasser- und schmutzabweisend<br \/>\n&#8211; Zipp2Zipp\u00ae Taschensystem<br \/>\n&#8211; Ersatz\u00e4rmel separat erh\u00e4ltlich (Art. 107031)     <\/p>\n<p>Material:<br \/>\nObermaterial: 83 % EME-Lycra, 17 % Polyester T-400<br \/>\nStretchgewebe: 92 % Polyamid, 8 % Elasthan<br \/>\nFutter: 100 % Polyester<br \/>\nNormen<br \/>\nEN 20471 \/ Klasse 2 (nur orange Version)<\/p>\n","protected":false},"excerpt":{"rendered":"<p>Seit Jahrzehnten ist die KlimaAIR\u00ae Forstjacke unser Spitzenprodukt. Die KlimaAIR\u00ae und Stretch-AIR\u00ae Technologien garantieren maximalen Komfort und erm\u00f6glichen das Tragen<\/p>\n","protected":false},"featured_media":593908,"template":"","meta":{"_seopress_robots_primary_cat":"none","_seopress_titles_title":"","_seopress_titles_desc":"","_seopress_robots_index":""},"product_brand":[3458],"product_cat":[21,284],"product_tag":[],"class_list":{"0":"post-598472","1":"product","2":"type-product","3":"status-publish","4":"has-post-thumbnail","6":"product_brand-pfanner","7":"product_cat-abbigliamento","8":"product_cat-abbigliamento-da-lavoro","9":"sws-gruppo-no-gruppo-de","10":"sws-conto-ricavi-merci-rivendita-abbigliamento-de","11":"sws-gruppo-iva-iva81-de","13":"first","14":"instock","15":"shipping-taxable","16":"purchasable","17":"product-type-variable","18":"has-default-attributes"},"_links":{"self":[{"href":"https:\/\/lucacastelli.com\/de\/wp-json\/wp\/v2\/product\/598472","targetHints":{"allow":["GET"]}}],"collection":[{"href":"https:\/\/lucacastelli.com\/de\/wp-json\/wp\/v2\/product"}],"about":[{"href":"https:\/\/lucacastelli.com\/de\/wp-json\/wp\/v2\/types\/product"}],"wp:featuredmedia":[{"embeddable":true,"href":"https:\/\/lucacastelli.com\/de\/wp-json\/wp\/v2\/media\/593908"}],"wp:attachment":[{"href":"https:\/\/lucacastelli.com\/de\/wp-json\/wp\/v2\/media?parent=598472"}],"wp:term":[{"taxonomy":"product_brand","embeddable":true,"href":"https:\/\/lucacastelli.com\/de\/wp-json\/wp\/v2\/product_brand?post=598472"},{"taxonomy":"product_cat","embeddable":true,"href":"https:\/\/lucacastelli.com\/de\/wp-json\/wp\/v2\/product_cat?post=598472"},{"taxonomy":"product_tag","embeddable":true,"href":"https:\/\/lucacastelli.com\/de\/wp-json\/wp\/v2\/product_tag?post=598472"}],"curies":[{"name":"wp","href":"https:\/\/api.w.org\/{rel}","templated":true}]}}