{"id":598445,"date":"2025-08-05T12:02:34","date_gmt":"2025-08-05T10:02:34","guid":{"rendered":"https:\/\/lucacastelli.com\/prodotto\/pfanner-gladiator-ii-schnittschutzhose-2-5-rot\/"},"modified":"2025-09-04T00:05:39","modified_gmt":"2025-09-03T22:05:39","slug":"pfanner-gladiator-ii-schnittschutzhose-2-5-rot","status":"publish","type":"product","link":"https:\/\/lucacastelli.com\/de\/produkt\/pfanner-gladiator-ii-schnittschutzhose-2-5-rot\/","title":{"rendered":"PFANNER Gladiator II Schnittschutzhose 2.5 rot"},"content":{"rendered":"<p>Die Gladiator II 2.5 Schnittschutzhose hat dank des leichteren und innovativeren Schnittschutzes eine Gewichtsreduzierung von 130 g im Vergleich zum Vorg\u00e4ngermodell. Diese Hose erf\u00fcllt die Schnittschutzklasse 2 und bietet erh\u00f6hten Schutz bis zu einer Kettengeschwindigkeit von 24 m\/s. Trotz des erh\u00f6hten Schnittschutzes bietet diese Hose alle f\u00fcr Pfanner Schutzkleidung typischen Vorteile. Die StretchAIR\u00ae Technologie garantiert eine optimale Passform der Hose. Vorgeformte Verst\u00e4rkungen an den Knien und zus\u00e4tzlicher Schutz an der Innenseite der Beine erh\u00f6hen die Strapazierf\u00e4higkeit zus\u00e4tzlich. Der KlimaAIR Thermoregulator im Bereich des G\u00fcrtels bietet auch bei Schnittschutzklasse 2 maximalen Komfort.<br \/>\n-Wiegt dank des leichten und innovativen Schnittschutzes 130 g weniger als das Vorg\u00e4ngermodell<br \/>\n-Klasse 2 Schnittschutz<br \/>\n-Bel\u00fcftungsschlitze auf dem R\u00fccken<br \/>\n-Extrem rei\u00df- und dornenfest<br \/>\n-StretchAIR\u00ae-Technologie<br \/>\n-Gladiator\u00ae-Gewebe<br \/>\n-Vorgeformte Verst\u00e4rkungen an den Knien<br \/>\n-Abnehmbare Beine<br \/>\n-KlimaAIR\u00ae-Thermoregulator     <\/p>\n<p>Material:<br \/>\nVorderseite: 100% Polyamid Gladiator<br \/>\nStretchgewebe: 92% Polyamid, 8% Elastan<br \/>\nFutter: 100% Polyester Cocona<br \/>\nSchnittschutz: Avertic Engtex Pro (Klasse 2, 24 m\/s)<br \/>\nNormen: EN ISO 11393-2 Klasse 2 \/ Typ A<\/p>\n","protected":false},"excerpt":{"rendered":"<p>Die Gladiator II 2.5 Schnittschutzhose hat dank des leichteren und innovativeren Schnittschutzes eine Gewichtsreduzierung von 130 g im Vergleich zum<\/p>\n","protected":false},"featured_media":593034,"template":"","meta":{"_seopress_robots_primary_cat":"none","_seopress_titles_title":"","_seopress_titles_desc":"","_seopress_robots_index":""},"product_brand":[3458],"product_cat":[21,284],"product_tag":[],"class_list":{"0":"post-598445","1":"product","2":"type-product","3":"status-publish","4":"has-post-thumbnail","6":"product_brand-pfanner","7":"product_cat-abbigliamento","8":"product_cat-abbigliamento-da-lavoro","9":"sws-gruppo-no-gruppo-de","10":"sws-categoria-sito-de","11":"sws-conto-ricavi-merci-rivendita-abbigliamento-de","12":"sws-gruppo-iva-iva81-de","14":"first","15":"instock","16":"shipping-taxable","17":"purchasable","18":"product-type-variable","19":"has-default-attributes"},"_links":{"self":[{"href":"https:\/\/lucacastelli.com\/de\/wp-json\/wp\/v2\/product\/598445","targetHints":{"allow":["GET"]}}],"collection":[{"href":"https:\/\/lucacastelli.com\/de\/wp-json\/wp\/v2\/product"}],"about":[{"href":"https:\/\/lucacastelli.com\/de\/wp-json\/wp\/v2\/types\/product"}],"wp:featuredmedia":[{"embeddable":true,"href":"https:\/\/lucacastelli.com\/de\/wp-json\/wp\/v2\/media\/593034"}],"wp:attachment":[{"href":"https:\/\/lucacastelli.com\/de\/wp-json\/wp\/v2\/media?parent=598445"}],"wp:term":[{"taxonomy":"product_brand","embeddable":true,"href":"https:\/\/lucacastelli.com\/de\/wp-json\/wp\/v2\/product_brand?post=598445"},{"taxonomy":"product_cat","embeddable":true,"href":"https:\/\/lucacastelli.com\/de\/wp-json\/wp\/v2\/product_cat?post=598445"},{"taxonomy":"product_tag","embeddable":true,"href":"https:\/\/lucacastelli.com\/de\/wp-json\/wp\/v2\/product_tag?post=598445"}],"curies":[{"name":"wp","href":"https:\/\/api.w.org\/{rel}","templated":true}]}}