{"id":598199,"date":"2025-08-05T11:09:27","date_gmt":"2025-08-05T09:09:27","guid":{"rendered":"https:\/\/lucacastelli.com\/prodotto\/pfanner-gladiator-ii-schnittschutzhose-rot\/"},"modified":"2026-04-16T01:15:42","modified_gmt":"2026-04-15T23:15:42","slug":"pfanner-gladiator-ii-schnittschutzhose-rot","status":"publish","type":"product","link":"https:\/\/lucacastelli.com\/de\/produkt\/pfanner-gladiator-ii-schnittschutzhose-rot\/","title":{"rendered":"PFANNER Gladiator\u00ae II Schnittschutzhose rot"},"content":{"rendered":"<p>Die Gladiator\u00ae II Schnittschutzhose entspricht der Schnittschutzklasse 2 und bietet hohen Schutz bis zu einer Kettengeschwindigkeit von 24 m\/s. Trotz des hohen Schnittschutzes bietet diese Hose alle typischen Vorteile der Pfanner Schutzkleidung. Die StretchAIR\u00ae-Technologie gew\u00e4hrleistet eine optimale Passform der Hose. Vorgeformte Verst\u00e4rkungen an den Knien und zus\u00e4tzlicher Schutz an den Beininnenseiten erh\u00f6hen die Haltbarkeit zus\u00e4tzlich. Der KlimaAIR\u00ae-Thermoregler im Bundbereich bietet h\u00f6chsten Komfort auch bei Schnittschutzklasse 2.<br \/>\n-Schnittschutzklasse 2<br \/>\n-Bel\u00fcftungsschlitze hinten<br \/>\n-Extrem rei\u00df- und dornenfest<br \/>\n-StretchAIR\u00ae-Technologie<br \/>\n-Gladiator\u00ae-Gewebe<br \/>\n-Vorgeformte Knieverst\u00e4rkungen<br \/>\n-Abnehmbare Gamaschen<br \/>\n-KlimaAIR\u00ae-Thermoregler    <\/p>\n<p>Material:<br \/>\nVorderseite: 100% Polyamid Gladiator\u00ae<br \/>\nStretchgewebe: 92% Polyamid, 8% Elastan<br \/>\nFutter: 100% Polyester Cocona<br \/>\nSchnittschutz: Avertic Engtex Pro (Klasse 2, 24 m\/s)<br \/>\nNormen: EN 381-5 Klasse 2 \/ Typ A<\/p>\n","protected":false},"excerpt":{"rendered":"<p>Die Gladiator\u00ae II Schnittschutzhose entspricht der Schnittschutzklasse 2 und bietet hohen Schutz bis zu einer Kettengeschwindigkeit von 24 m\/s. Trotz<\/p>\n","protected":false},"featured_media":591872,"template":"","meta":{"_seopress_robots_primary_cat":"none","_seopress_titles_title":"","_seopress_titles_desc":"","_seopress_robots_index":""},"product_brand":[3458],"product_cat":[21,284],"product_tag":[],"class_list":{"0":"post-598199","1":"product","2":"type-product","3":"status-publish","4":"has-post-thumbnail","6":"product_brand-pfanner","7":"product_cat-abbigliamento","8":"product_cat-abbigliamento-da-lavoro","9":"sws-gruppo-no-gruppo-de","10":"sws-categoria-sito-de","11":"sws-conto-ricavi-merci-rivendita-abbigliamento-de","12":"sws-gruppo-iva-iva81-de","14":"first","15":"instock","16":"shipping-taxable","17":"purchasable","18":"product-type-variable","19":"has-default-attributes"},"_links":{"self":[{"href":"https:\/\/lucacastelli.com\/de\/wp-json\/wp\/v2\/product\/598199","targetHints":{"allow":["GET"]}}],"collection":[{"href":"https:\/\/lucacastelli.com\/de\/wp-json\/wp\/v2\/product"}],"about":[{"href":"https:\/\/lucacastelli.com\/de\/wp-json\/wp\/v2\/types\/product"}],"wp:featuredmedia":[{"embeddable":true,"href":"https:\/\/lucacastelli.com\/de\/wp-json\/wp\/v2\/media\/591872"}],"wp:attachment":[{"href":"https:\/\/lucacastelli.com\/de\/wp-json\/wp\/v2\/media?parent=598199"}],"wp:term":[{"taxonomy":"product_brand","embeddable":true,"href":"https:\/\/lucacastelli.com\/de\/wp-json\/wp\/v2\/product_brand?post=598199"},{"taxonomy":"product_cat","embeddable":true,"href":"https:\/\/lucacastelli.com\/de\/wp-json\/wp\/v2\/product_cat?post=598199"},{"taxonomy":"product_tag","embeddable":true,"href":"https:\/\/lucacastelli.com\/de\/wp-json\/wp\/v2\/product_tag?post=598199"}],"curies":[{"name":"wp","href":"https:\/\/api.w.org\/{rel}","templated":true}]}}