{"id":598133,"date":"2025-08-05T10:27:03","date_gmt":"2025-08-05T08:27:03","guid":{"rendered":"https:\/\/lucacastelli.com\/prodotto\/pfanner-gladiator-extrem-schnittschutzhose-rot\/"},"modified":"2025-09-04T00:05:43","modified_gmt":"2025-09-03T22:05:43","slug":"pfanner-gladiator-extrem-schnittschutzhose-rot","status":"publish","type":"product","link":"https:\/\/lucacastelli.com\/de\/produkt\/pfanner-gladiator-extrem-schnittschutzhose-rot\/","title":{"rendered":"PFANNER Gladiator\u00ae Extrem Schnittschutzhose rot"},"content":{"rendered":"<p>Gladiator Extrem: Der Name ist Programm. Diese Hose ist f\u00fcr die h\u00e4rtesten Herausforderungen gemacht. Dank unseres neuen ICON Gladiator-Gewebes ist sie zu 100 % gegen Risse und Br\u00fcche gesch\u00fctzt. Das garnverst\u00e4rkte Au\u00dfenmaterial der Gladiator Extrem h\u00e4lt Herausforderungen wie \u00d6l, Hitze, Wasser und Dornen stand. Diese Hose ist die perfekte Ausr\u00fcstung f\u00fcr den Einsatz in dichten, dornenbewachsenen W\u00e4ldern. Mit diesem herausragenden Hightech-Beinschutz, der die KlimaAIR- und StretchAIR\u00ae-Technologie umfasst, ist maximaler Komfort garantiert.<br \/>\n-StretchAIR\u00ae-Technologie<br \/>\n-KlimaAIR-Technologie<br \/>\n-Gladiator\u00ae Extrem-Au\u00dfenstoff<br \/>\n-Dyneema-Schnittschutz der Klasse 1<br \/>\n-Bel\u00fcftungsschlitze am R\u00fccken<br \/>\n-Wasserdichte Keprotec\u00ae-Verst\u00e4rkung an den Knien<br \/>\n-Breiterer Nierenschutz     <\/p>\n<p>Material:<br \/>\nGladiator Extrem: 100 % Polyamid<br \/>\nStretchgewebe: 92 % Polyamid, 8 % Elastan<br \/>\nFutter: 100 % Polyester Cocona<br \/>\nSchnittschutz: Avertic Engtex Pro (Klasse 1, 20 m\/s)<br \/>\nNormen<br \/>\nEN 381-5 Klasse 1 \/ Typ A<\/p>\n","protected":false},"excerpt":{"rendered":"<p>Gladiator Extrem: Der Name ist Programm. Diese Hose ist f\u00fcr die h\u00e4rtesten Herausforderungen gemacht. Dank unseres neuen ICON Gladiator-Gewebes ist<\/p>\n","protected":false},"featured_media":590919,"template":"","meta":{"_seopress_robots_primary_cat":"none","_seopress_titles_title":"","_seopress_titles_desc":"","_seopress_robots_index":""},"product_brand":[3670],"product_cat":[82,1382],"product_tag":[],"class_list":{"0":"post-598133","1":"product","2":"type-product","3":"status-publish","4":"has-post-thumbnail","6":"product_brand-pfanner-de","7":"product_cat-kleidung","8":"product_cat-arbeitskleidung","9":"sws-gruppo-no-gruppo-de","10":"sws-categoria-sito-de","11":"sws-conto-ricavi-merci-rivendita-abbigliamento-de","12":"sws-gruppo-iva-iva81-de","14":"first","15":"instock","16":"shipping-taxable","17":"purchasable","18":"product-type-variable","19":"has-default-attributes"},"_links":{"self":[{"href":"https:\/\/lucacastelli.com\/de\/wp-json\/wp\/v2\/product\/598133","targetHints":{"allow":["GET"]}}],"collection":[{"href":"https:\/\/lucacastelli.com\/de\/wp-json\/wp\/v2\/product"}],"about":[{"href":"https:\/\/lucacastelli.com\/de\/wp-json\/wp\/v2\/types\/product"}],"wp:featuredmedia":[{"embeddable":true,"href":"https:\/\/lucacastelli.com\/de\/wp-json\/wp\/v2\/media\/590919"}],"wp:attachment":[{"href":"https:\/\/lucacastelli.com\/de\/wp-json\/wp\/v2\/media?parent=598133"}],"wp:term":[{"taxonomy":"product_brand","embeddable":true,"href":"https:\/\/lucacastelli.com\/de\/wp-json\/wp\/v2\/product_brand?post=598133"},{"taxonomy":"product_cat","embeddable":true,"href":"https:\/\/lucacastelli.com\/de\/wp-json\/wp\/v2\/product_cat?post=598133"},{"taxonomy":"product_tag","embeddable":true,"href":"https:\/\/lucacastelli.com\/de\/wp-json\/wp\/v2\/product_tag?post=598133"}],"curies":[{"name":"wp","href":"https:\/\/api.w.org\/{rel}","templated":true}]}}