{"id":598055,"date":"2025-08-05T08:24:04","date_gmt":"2025-08-05T06:24:04","guid":{"rendered":"https:\/\/lucacastelli.com\/prodotto\/pfanner-canvas-warnshorts-en-20471-3\/"},"modified":"2026-04-16T00:50:43","modified_gmt":"2026-04-15T22:50:43","slug":"pfanner-canvas-warnshorts-en-20471-3","status":"publish","type":"product","link":"https:\/\/lucacastelli.com\/de\/produkt\/pfanner-canvas-warnshorts-en-20471-3\/","title":{"rendered":"PFANNER Canvas Warnshorts EN 20471"},"content":{"rendered":"<p>Die Shorts mit reflektierenden Streifen StretchZone\u00ae EN 20471 sind unser vielseitiges Modell f\u00fcr die unterschiedlichsten T\u00e4tigkeiten, bei denen hohe Sichtbarkeit ohne Komfortverzicht entscheidend ist. Sechs funktionale Taschen f\u00fcr jeden Einsatz. Die StretchZone\u00ae-Technologie garantiert eine perfekte Passform der Shorts. Der elastische Zwickel im Schrittbereich und die Mehrfachn\u00e4hte in der hinteren Naht verhindern Risse und \u00fcberm\u00e4ssige Dehnung der N\u00e4hte.<br \/>\n-Zertifizierte Signalfarbe EN 20471 \/ Klasse 2<br \/>\n-StretchZone\u00ae-Technologie<br \/>\n-Sechs funktionale Taschen, inkl. spezieller dreiteiliger Zollstocktasche<br \/>\n-Maximale Elastizit\u00e4t im hinteren Bereich   <\/p>\n<p>&nbsp;<\/p>\n<p>&nbsp;<\/p>\n<p>Material:<br \/>\nAussenmaterial: 70% Polyester, 30% Baumwolle<br \/>\nStretchgewebe: 90% Polyamid, 10% Elastan<br \/>\nNormen:<br \/>\nEN 20471 \/ Klasse 2<\/p>\n","protected":false},"excerpt":{"rendered":"<p>Die Shorts mit reflektierenden Streifen StretchZone\u00ae EN 20471 sind unser vielseitiges Modell f\u00fcr die unterschiedlichsten T\u00e4tigkeiten, bei denen hohe Sichtbarkeit<\/p>\n","protected":false},"featured_media":589498,"template":"","meta":{"_seopress_robots_primary_cat":"none","_seopress_titles_title":"","_seopress_titles_desc":"","_seopress_robots_index":""},"product_brand":[3670],"product_cat":[1382,82],"product_tag":[],"class_list":{"0":"post-598055","1":"product","2":"type-product","3":"status-publish","4":"has-post-thumbnail","6":"product_brand-pfanner-de","7":"product_cat-arbeitskleidung","8":"product_cat-kleidung","9":"sws-gruppo-abb-libero-de","10":"sws-gruppo-no-gruppo-de","11":"sws-conto-ricavi-merci-rivendita-abbigliamento-de","12":"sws-gruppo-iva-iva81-de","14":"first","15":"instock","16":"shipping-taxable","17":"purchasable","18":"product-type-variable","19":"has-default-attributes"},"_links":{"self":[{"href":"https:\/\/lucacastelli.com\/de\/wp-json\/wp\/v2\/product\/598055","targetHints":{"allow":["GET"]}}],"collection":[{"href":"https:\/\/lucacastelli.com\/de\/wp-json\/wp\/v2\/product"}],"about":[{"href":"https:\/\/lucacastelli.com\/de\/wp-json\/wp\/v2\/types\/product"}],"wp:featuredmedia":[{"embeddable":true,"href":"https:\/\/lucacastelli.com\/de\/wp-json\/wp\/v2\/media\/589498"}],"wp:attachment":[{"href":"https:\/\/lucacastelli.com\/de\/wp-json\/wp\/v2\/media?parent=598055"}],"wp:term":[{"taxonomy":"product_brand","embeddable":true,"href":"https:\/\/lucacastelli.com\/de\/wp-json\/wp\/v2\/product_brand?post=598055"},{"taxonomy":"product_cat","embeddable":true,"href":"https:\/\/lucacastelli.com\/de\/wp-json\/wp\/v2\/product_cat?post=598055"},{"taxonomy":"product_tag","embeddable":true,"href":"https:\/\/lucacastelli.com\/de\/wp-json\/wp\/v2\/product_tag?post=598055"}],"curies":[{"name":"wp","href":"https:\/\/api.w.org\/{rel}","templated":true}]}}