{"id":598017,"date":"2025-08-05T08:19:49","date_gmt":"2025-08-05T06:19:49","guid":{"rendered":"https:\/\/lucacastelli.com\/prodotto\/pfanner-canvas-warnshorts-en-20471-2\/"},"modified":"2026-04-16T00:56:51","modified_gmt":"2026-04-15T22:56:51","slug":"pfanner-canvas-warnshorts-en-20471-2","status":"publish","type":"product","link":"https:\/\/lucacastelli.com\/de\/produkt\/pfanner-canvas-warnshorts-en-20471-2\/","title":{"rendered":"PFANNER Canvas Warnshorts EN 20471"},"content":{"rendered":"<p>Die StretchZone\u00ae Warnshorts EN 20471 sind unser vielseitiges Modell f\u00fcr verschiedenste T\u00e4tigkeiten, bei denen hohe Sichtbarkeit ohne Komforteinbu\u00dfen entscheidend ist. Sechs funktionelle Taschen eignen sich f\u00fcr jeden Einsatz. Die StretchZone\u00ae-Technologie garantiert eine perfekte Passform der Shorts. Der elastische Zwickel im Schrittbereich und Mehrfachn\u00e4hte an der Ges\u00e4\u00dfnaht verhindern das Rei\u00dfen und \u00dcberdehnen der N\u00e4hte.<br \/>\n-Zertifizierte Warnfarbe EN 20471 \/ Klasse 2<br \/>\n-StretchZone\u00ae-Technologie<br \/>\n-Sechs funktionelle Taschen, inklusive spezieller dreiteiliger Meterstabtasche<br \/>\n-Maximale Elastizit\u00e4t im Ges\u00e4\u00dfbereich   <\/p>\n<p>&nbsp;<\/p>\n<p>&nbsp;<\/p>\n<p>Material:<br \/>\nObermaterial: 70 % Polyester, 30 % Baumwolle<br \/>\nStretchgewebe: 90 % Polyamid, 10 % Elasthan<br \/>\nNormen:<br \/>\nEN 20471 \/ Klasse 2<\/p>\n","protected":false},"excerpt":{"rendered":"<p>Die StretchZone\u00ae Warnshorts EN 20471 sind unser vielseitiges Modell f\u00fcr verschiedenste T\u00e4tigkeiten, bei denen hohe Sichtbarkeit ohne Komforteinbu\u00dfen entscheidend ist.<\/p>\n","protected":false},"featured_media":589502,"template":"","meta":{"_seopress_robots_primary_cat":"none","_seopress_titles_title":"","_seopress_titles_desc":"","_seopress_robots_index":""},"product_brand":[3670],"product_cat":[82,1382],"product_tag":[],"class_list":{"0":"post-598017","1":"product","2":"type-product","3":"status-publish","4":"has-post-thumbnail","6":"product_brand-pfanner-de","7":"product_cat-kleidung","8":"product_cat-arbeitskleidung","9":"sws-gruppo-no-gruppo-de","10":"sws-conto-ricavi-merci-rivendita-abbigliamento-de","11":"sws-gruppo-iva-iva81-de","13":"first","14":"instock","15":"shipping-taxable","16":"purchasable","17":"product-type-variable","18":"has-default-attributes"},"_links":{"self":[{"href":"https:\/\/lucacastelli.com\/de\/wp-json\/wp\/v2\/product\/598017","targetHints":{"allow":["GET"]}}],"collection":[{"href":"https:\/\/lucacastelli.com\/de\/wp-json\/wp\/v2\/product"}],"about":[{"href":"https:\/\/lucacastelli.com\/de\/wp-json\/wp\/v2\/types\/product"}],"wp:featuredmedia":[{"embeddable":true,"href":"https:\/\/lucacastelli.com\/de\/wp-json\/wp\/v2\/media\/589502"}],"wp:attachment":[{"href":"https:\/\/lucacastelli.com\/de\/wp-json\/wp\/v2\/media?parent=598017"}],"wp:term":[{"taxonomy":"product_brand","embeddable":true,"href":"https:\/\/lucacastelli.com\/de\/wp-json\/wp\/v2\/product_brand?post=598017"},{"taxonomy":"product_cat","embeddable":true,"href":"https:\/\/lucacastelli.com\/de\/wp-json\/wp\/v2\/product_cat?post=598017"},{"taxonomy":"product_tag","embeddable":true,"href":"https:\/\/lucacastelli.com\/de\/wp-json\/wp\/v2\/product_tag?post=598017"}],"curies":[{"name":"wp","href":"https:\/\/api.w.org\/{rel}","templated":true}]}}