{"id":597972,"date":"2022-06-30T10:35:13","date_gmt":"2022-06-30T08:35:13","guid":{"rendered":"https:\/\/lucacastelli.com\/prodotto\/pfanner-ventura-regenhose\/"},"modified":"2022-06-30T10:35:13","modified_gmt":"2022-06-30T08:35:13","slug":"pfanner-ventura-regenhose","status":"publish","type":"product","link":"https:\/\/lucacastelli.com\/de\/produkt\/pfanner-ventura-regenhose\/","title":{"rendered":"PFANNER Ventura Regenhose"},"content":{"rendered":"<p>Das flexible 3-lagige Au\u00dfenmaterial Pfanner Ventura Regenhose sorgt f\u00fcr absolut zuverl\u00e4ssigen Wetterschutz. Rei\u00dfverschl\u00fcsse \u00fcber die gesamte L\u00e4nge des Beins erm\u00f6glichen ein einfaches An- und Ausziehen \u00fcber Hose und Schuhen. F\u00fcr optimalen Schutz vor Regen ist die Ventura Hose mit einer SympaTex Membran ausgestattet. Das Stretchgewebe erm\u00f6glicht zudem maximale Bewegungsfreiheit und das Gehen im Regen der Hose bei allen Outdoor-Aktivit\u00e4ten.   <\/p>\n<p>Wasserdichtigkeit 30.000 mm<br \/>\nDurchgehender<br \/>\nSeitenrei\u00dfverschluss Abnehmbare<br \/>\nInnengamasche, verstellbarer G\u00fcrtel mit Velcro<br \/>\n, guter Tragekomfort bei k\u00f6rperlicher<br \/>\nAnstrengung, vorgeformte Cordura-Verst\u00e4rkung\u00ae f\u00fcr die Knie, 3-lagiger bi-elastischer<br \/>\nAu\u00dfenstoff<\/p>\n","protected":false},"excerpt":{"rendered":"<p>Das flexible 3-lagige Au\u00dfenmaterial Pfanner Ventura Regenhose sorgt f\u00fcr absolut zuverl\u00e4ssigen Wetterschutz. Rei\u00dfverschl\u00fcsse \u00fcber die gesamte L\u00e4nge des Beins erm\u00f6glichen<\/p>\n","protected":false},"featured_media":40801,"template":"","meta":{"_seopress_robots_primary_cat":"","_seopress_titles_title":"","_seopress_titles_desc":"","_seopress_robots_index":""},"product_brand":[3670],"product_cat":[82,1382],"product_tag":[],"class_list":{"0":"post-597972","1":"product","2":"type-product","3":"status-publish","4":"has-post-thumbnail","6":"product_brand-pfanner-de","7":"product_cat-kleidung","8":"product_cat-arbeitskleidung","9":"sws-gruppo-no-gruppo-de","10":"sws-categoria-sito-de","11":"sws-sottocategoria-altro-de","12":"sws-conto-ricavi-merci-rivendita-abbigliamento-de","13":"sws-gruppo-iva-iva81-de","15":"first","16":"instock","17":"shipping-taxable","18":"purchasable","19":"product-type-variable"},"_links":{"self":[{"href":"https:\/\/lucacastelli.com\/de\/wp-json\/wp\/v2\/product\/597972","targetHints":{"allow":["GET"]}}],"collection":[{"href":"https:\/\/lucacastelli.com\/de\/wp-json\/wp\/v2\/product"}],"about":[{"href":"https:\/\/lucacastelli.com\/de\/wp-json\/wp\/v2\/types\/product"}],"wp:featuredmedia":[{"embeddable":true,"href":"https:\/\/lucacastelli.com\/de\/wp-json\/wp\/v2\/media\/40801"}],"wp:attachment":[{"href":"https:\/\/lucacastelli.com\/de\/wp-json\/wp\/v2\/media?parent=597972"}],"wp:term":[{"taxonomy":"product_brand","embeddable":true,"href":"https:\/\/lucacastelli.com\/de\/wp-json\/wp\/v2\/product_brand?post=597972"},{"taxonomy":"product_cat","embeddable":true,"href":"https:\/\/lucacastelli.com\/de\/wp-json\/wp\/v2\/product_cat?post=597972"},{"taxonomy":"product_tag","embeddable":true,"href":"https:\/\/lucacastelli.com\/de\/wp-json\/wp\/v2\/product_tag?post=597972"}],"curies":[{"name":"wp","href":"https:\/\/api.w.org\/{rel}","templated":true}]}}